{"id":3860,"date":"2025-02-26T17:34:40","date_gmt":"2025-02-26T16:34:40","guid":{"rendered":"https:\/\/excursionesporelsur.com\/?post_type=product&#038;p=3860"},"modified":"2025-02-26T18:21:24","modified_gmt":"2025-02-26T17:21:24","slug":"cadiz-boat-puerto-santa-maria","status":"publish","type":"product","link":"https:\/\/excursionesporelsur.com\/en\/product\/cadiz-boat-puerto-santa-maria\/","title":{"rendered":"C\u00e1diz + Boat + Puerto Santa Mar\u00eda"},"content":{"rendered":"<p>With a panoramic trip through the marshes, we travel to C\u00e1diz via the isthmus of San Fernando. At the dock we will cross the bay, sailing in the footsteps of the \u2018Cargadores de Indias\u2019, recalling the route of the historic \u2018Vaporcito del Puerto\u2019.<\/p>\n<p>The city of the 100 Palaces welcomes us at the mouth of the Guadalete, next to the San Marcos Castle, we will walk through its historic centre, visiting the Osborne Bodega Tapas Bull of 1772 to captivate the senses and continue to the traditional bullring, where the bus awaits us for the return journey.<\/p>\n<p>\u2705 <strong>Excursion subject to weather conditions.<br \/>\n<\/strong>\ud83c\udf26\ufe0f <em>If the weather does not allow the catamaran trip, the activity will take place by bus on an alternative route.<\/em><\/p>\n<h2>Itinerary<\/h2>\n<p>09:00 Conil &#8211; Novo S.P 10:00<br \/>\n11:00 Free time C\u00e1diz<br \/>\n12:00 Catamaran<br \/>\n12:30 Paseo Castillo San Marcos<br \/>\n13:30 Toro Tapas Osborne<br \/>\n15:15 Plaza de Toros (Bullring)<br \/>\n15:30 bus return<br \/>\n16:30 Novo S.P. 17:30 Conil<\/p>\n","protected":false},"excerpt":{"rendered":"<ul>\n<li>Catamaran<\/li>\n<li>Puerto Santa Mar\u00eda<\/li>\n<li>Toro Tapas in Osborne<\/li>\n<\/ul>\n<p>\u2705 <strong>Excursion subject to weather conditions.<br \/>\n<\/strong>\ud83c\udf26\ufe0f <em>If the weather does not allow the catamaran trip, the activity will take place by bus on an alternative route.<\/em><\/p>\n","protected":false},"featured_media":3865,"template":"","meta":{"_acf_changed":false},"product_brand":[],"product_cat":[34],"product_tag":[46,40],"class_list":{"0":"post-3860","1":"product","2":"type-product","3":"status-publish","4":"has-post-thumbnail","6":"product_cat-excursions","7":"product_tag-cai-en","8":"product_tag-hotel-en","10":"first","11":"instock","12":"virtual","13":"sold-individually","14":"taxable","15":"purchasable","16":"product-type-turitop"},"acf":[],"yoast_head":"<!-- This site is optimized with the Yoast SEO plugin v27.4 - https:\/\/yoast.com\/product\/yoast-seo-wordpress\/ -->\n<title>C\u00e1diz + Boat + Puerto Santa Mar\u00eda | Excursiones por el Sur<\/title>\n<meta name=\"description\" content=\"Explora cada rinc&oacute;n de Andaluc&iacute;a y vive experiencias inolvidables.\" \/>\n<meta name=\"robots\" content=\"index, follow, max-snippet:-1, max-image-preview:large, max-video-preview:-1\" \/>\n<link rel=\"canonical\" href=\"https:\/\/excursionesporelsur.com\/en\/product\/cadiz-boat-puerto-santa-maria\/\" \/>\n<meta property=\"og:locale\" content=\"en_US\" \/>\n<meta property=\"og:type\" content=\"article\" \/>\n<meta property=\"og:title\" content=\"C\u00e1diz + Boat + Puerto Santa Mar\u00eda | Excursiones por el Sur\" \/>\n<meta property=\"og:description\" content=\"Explora cada rinc&oacute;n de Andaluc&iacute;a y vive experiencias inolvidables.\" \/>\n<meta property=\"og:url\" content=\"https:\/\/excursionesporelsur.com\/en\/product\/cadiz-boat-puerto-santa-maria\/\" \/>\n<meta property=\"og:site_name\" content=\"Excursiones por el Sur\" \/>\n<meta property=\"article:publisher\" content=\"https:\/\/www.facebook.com\/profile.php?id=100081151666764\" \/>\n<meta property=\"article:modified_time\" content=\"2025-02-26T17:21:24+00:00\" \/>\n<meta property=\"og:image\" content=\"https:\/\/excursionesporelsur.com\/wp-content\/uploads\/2025\/02\/catamaran-el-puerto-cadiz.jpg\" \/>\n\t<meta property=\"og:image:width\" content=\"2250\" \/>\n\t<meta property=\"og:image:height\" content=\"1500\" \/>\n\t<meta property=\"og:image:type\" content=\"image\/jpeg\" \/>\n<meta name=\"twitter:card\" content=\"summary_large_image\" \/>\n<meta name=\"twitter:label1\" content=\"Est. reading time\" \/>\n\t<meta name=\"twitter:data1\" content=\"1 minute\" \/>\n<script type=\"application\/ld+json\" class=\"yoast-schema-graph\">{\"@context\":\"https:\\\/\\\/schema.org\",\"@graph\":[{\"@type\":\"WebPage\",\"@id\":\"https:\\\/\\\/excursionesporelsur.com\\\/en\\\/product\\\/cadiz-boat-puerto-santa-maria\\\/\",\"url\":\"https:\\\/\\\/excursionesporelsur.com\\\/en\\\/product\\\/cadiz-boat-puerto-santa-maria\\\/\",\"name\":\"C\u00e1diz + Boat + Puerto Santa Mar\u00eda | Excursiones por el Sur\",\"isPartOf\":{\"@id\":\"https:\\\/\\\/excursionesporelsur.com\\\/en\\\/#website\"},\"primaryImageOfPage\":{\"@id\":\"https:\\\/\\\/excursionesporelsur.com\\\/en\\\/product\\\/cadiz-boat-puerto-santa-maria\\\/#primaryimage\"},\"image\":{\"@id\":\"https:\\\/\\\/excursionesporelsur.com\\\/en\\\/product\\\/cadiz-boat-puerto-santa-maria\\\/#primaryimage\"},\"thumbnailUrl\":\"https:\\\/\\\/excursionesporelsur.com\\\/wp-content\\\/uploads\\\/2025\\\/02\\\/catamaran-el-puerto-cadiz.jpg\",\"datePublished\":\"2025-02-26T16:34:40+00:00\",\"dateModified\":\"2025-02-26T17:21:24+00:00\",\"description\":\"Explora cada rinc&oacute;n de Andaluc&iacute;a y vive experiencias inolvidables.\",\"breadcrumb\":{\"@id\":\"https:\\\/\\\/excursionesporelsur.com\\\/en\\\/product\\\/cadiz-boat-puerto-santa-maria\\\/#breadcrumb\"},\"inLanguage\":\"en-US\",\"potentialAction\":[{\"@type\":\"ReadAction\",\"target\":[\"https:\\\/\\\/excursionesporelsur.com\\\/en\\\/product\\\/cadiz-boat-puerto-santa-maria\\\/\"]}]},{\"@type\":\"ImageObject\",\"inLanguage\":\"en-US\",\"@id\":\"https:\\\/\\\/excursionesporelsur.com\\\/en\\\/product\\\/cadiz-boat-puerto-santa-maria\\\/#primaryimage\",\"url\":\"https:\\\/\\\/excursionesporelsur.com\\\/wp-content\\\/uploads\\\/2025\\\/02\\\/catamaran-el-puerto-cadiz.jpg\",\"contentUrl\":\"https:\\\/\\\/excursionesporelsur.com\\\/wp-content\\\/uploads\\\/2025\\\/02\\\/catamaran-el-puerto-cadiz.jpg\",\"width\":2250,\"height\":1500},{\"@type\":\"BreadcrumbList\",\"@id\":\"https:\\\/\\\/excursionesporelsur.com\\\/en\\\/product\\\/cadiz-boat-puerto-santa-maria\\\/#breadcrumb\",\"itemListElement\":[{\"@type\":\"ListItem\",\"position\":1,\"name\":\"Portada\",\"item\":\"https:\\\/\\\/excursionesporelsur.com\\\/en\\\/\"},{\"@type\":\"ListItem\",\"position\":2,\"name\":\"Online Booking\",\"item\":\"https:\\\/\\\/excursionesporelsur.com\\\/en\\\/online-booking\\\/\"},{\"@type\":\"ListItem\",\"position\":3,\"name\":\"C\u00e1diz + Boat + Puerto Santa Mar\u00eda\"}]},{\"@type\":\"WebSite\",\"@id\":\"https:\\\/\\\/excursionesporelsur.com\\\/en\\\/#website\",\"url\":\"https:\\\/\\\/excursionesporelsur.com\\\/en\\\/\",\"name\":\"Excursiones por el Sur\",\"description\":\"Explora cada rinc&oacute;n de Andaluc&iacute;a y vive experiencias inolvidables.\",\"publisher\":{\"@id\":\"https:\\\/\\\/excursionesporelsur.com\\\/en\\\/#organization\"},\"potentialAction\":[{\"@type\":\"SearchAction\",\"target\":{\"@type\":\"EntryPoint\",\"urlTemplate\":\"https:\\\/\\\/excursionesporelsur.com\\\/en\\\/?s={search_term_string}\"},\"query-input\":{\"@type\":\"PropertyValueSpecification\",\"valueRequired\":true,\"valueName\":\"search_term_string\"}}],\"inLanguage\":\"en-US\"},{\"@type\":\"Organization\",\"@id\":\"https:\\\/\\\/excursionesporelsur.com\\\/en\\\/#organization\",\"name\":\"Excursiones por el Sur\",\"url\":\"https:\\\/\\\/excursionesporelsur.com\\\/en\\\/\",\"logo\":{\"@type\":\"ImageObject\",\"inLanguage\":\"en-US\",\"@id\":\"https:\\\/\\\/excursionesporelsur.com\\\/en\\\/#\\\/schema\\\/logo\\\/image\\\/\",\"url\":\"https:\\\/\\\/excursionesporelsur.com\\\/wp-content\\\/uploads\\\/2024\\\/02\\\/logo-excursiones-por-el-sur.png\",\"contentUrl\":\"https:\\\/\\\/excursionesporelsur.com\\\/wp-content\\\/uploads\\\/2024\\\/02\\\/logo-excursiones-por-el-sur.png\",\"width\":306,\"height\":120,\"caption\":\"Excursiones por el Sur\"},\"image\":{\"@id\":\"https:\\\/\\\/excursionesporelsur.com\\\/en\\\/#\\\/schema\\\/logo\\\/image\\\/\"},\"sameAs\":[\"https:\\\/\\\/www.facebook.com\\\/profile.php?id=100081151666764\",\"https:\\\/\\\/instagram.com\\\/excursionesporelsur\"]}]}<\/script>\n<!-- \/ Yoast SEO plugin. -->","yoast_head_json":{"title":"C\u00e1diz + Boat + Puerto Santa Mar\u00eda | Excursiones por el Sur","description":"Explora cada rinc&oacute;n de Andaluc&iacute;a y vive experiencias inolvidables.","robots":{"index":"index","follow":"follow","max-snippet":"max-snippet:-1","max-image-preview":"max-image-preview:large","max-video-preview":"max-video-preview:-1"},"canonical":"https:\/\/excursionesporelsur.com\/en\/product\/cadiz-boat-puerto-santa-maria\/","og_locale":"en_US","og_type":"article","og_title":"C\u00e1diz + Boat + Puerto Santa Mar\u00eda | Excursiones por el Sur","og_description":"Explora cada rinc&oacute;n de Andaluc&iacute;a y vive experiencias inolvidables.","og_url":"https:\/\/excursionesporelsur.com\/en\/product\/cadiz-boat-puerto-santa-maria\/","og_site_name":"Excursiones por el Sur","article_publisher":"https:\/\/www.facebook.com\/profile.php?id=100081151666764","article_modified_time":"2025-02-26T17:21:24+00:00","og_image":[{"width":2250,"height":1500,"url":"https:\/\/excursionesporelsur.com\/wp-content\/uploads\/2025\/02\/catamaran-el-puerto-cadiz.jpg","type":"image\/jpeg"}],"twitter_card":"summary_large_image","twitter_misc":{"Est. reading time":"1 minute"},"schema":{"@context":"https:\/\/schema.org","@graph":[{"@type":"WebPage","@id":"https:\/\/excursionesporelsur.com\/en\/product\/cadiz-boat-puerto-santa-maria\/","url":"https:\/\/excursionesporelsur.com\/en\/product\/cadiz-boat-puerto-santa-maria\/","name":"C\u00e1diz + Boat + Puerto Santa Mar\u00eda | Excursiones por el Sur","isPartOf":{"@id":"https:\/\/excursionesporelsur.com\/en\/#website"},"primaryImageOfPage":{"@id":"https:\/\/excursionesporelsur.com\/en\/product\/cadiz-boat-puerto-santa-maria\/#primaryimage"},"image":{"@id":"https:\/\/excursionesporelsur.com\/en\/product\/cadiz-boat-puerto-santa-maria\/#primaryimage"},"thumbnailUrl":"https:\/\/excursionesporelsur.com\/wp-content\/uploads\/2025\/02\/catamaran-el-puerto-cadiz.jpg","datePublished":"2025-02-26T16:34:40+00:00","dateModified":"2025-02-26T17:21:24+00:00","description":"Explora cada rinc&oacute;n de Andaluc&iacute;a y vive experiencias inolvidables.","breadcrumb":{"@id":"https:\/\/excursionesporelsur.com\/en\/product\/cadiz-boat-puerto-santa-maria\/#breadcrumb"},"inLanguage":"en-US","potentialAction":[{"@type":"ReadAction","target":["https:\/\/excursionesporelsur.com\/en\/product\/cadiz-boat-puerto-santa-maria\/"]}]},{"@type":"ImageObject","inLanguage":"en-US","@id":"https:\/\/excursionesporelsur.com\/en\/product\/cadiz-boat-puerto-santa-maria\/#primaryimage","url":"https:\/\/excursionesporelsur.com\/wp-content\/uploads\/2025\/02\/catamaran-el-puerto-cadiz.jpg","contentUrl":"https:\/\/excursionesporelsur.com\/wp-content\/uploads\/2025\/02\/catamaran-el-puerto-cadiz.jpg","width":2250,"height":1500},{"@type":"BreadcrumbList","@id":"https:\/\/excursionesporelsur.com\/en\/product\/cadiz-boat-puerto-santa-maria\/#breadcrumb","itemListElement":[{"@type":"ListItem","position":1,"name":"Portada","item":"https:\/\/excursionesporelsur.com\/en\/"},{"@type":"ListItem","position":2,"name":"Online Booking","item":"https:\/\/excursionesporelsur.com\/en\/online-booking\/"},{"@type":"ListItem","position":3,"name":"C\u00e1diz + Boat + Puerto Santa Mar\u00eda"}]},{"@type":"WebSite","@id":"https:\/\/excursionesporelsur.com\/en\/#website","url":"https:\/\/excursionesporelsur.com\/en\/","name":"Excursiones por el Sur","description":"Explora cada rinc&oacute;n de Andaluc&iacute;a y vive experiencias inolvidables.","publisher":{"@id":"https:\/\/excursionesporelsur.com\/en\/#organization"},"potentialAction":[{"@type":"SearchAction","target":{"@type":"EntryPoint","urlTemplate":"https:\/\/excursionesporelsur.com\/en\/?s={search_term_string}"},"query-input":{"@type":"PropertyValueSpecification","valueRequired":true,"valueName":"search_term_string"}}],"inLanguage":"en-US"},{"@type":"Organization","@id":"https:\/\/excursionesporelsur.com\/en\/#organization","name":"Excursiones por el Sur","url":"https:\/\/excursionesporelsur.com\/en\/","logo":{"@type":"ImageObject","inLanguage":"en-US","@id":"https:\/\/excursionesporelsur.com\/en\/#\/schema\/logo\/image\/","url":"https:\/\/excursionesporelsur.com\/wp-content\/uploads\/2024\/02\/logo-excursiones-por-el-sur.png","contentUrl":"https:\/\/excursionesporelsur.com\/wp-content\/uploads\/2024\/02\/logo-excursiones-por-el-sur.png","width":306,"height":120,"caption":"Excursiones por el Sur"},"image":{"@id":"https:\/\/excursionesporelsur.com\/en\/#\/schema\/logo\/image\/"},"sameAs":["https:\/\/www.facebook.com\/profile.php?id=100081151666764","https:\/\/instagram.com\/excursionesporelsur"]}]}},"_links":{"self":[{"href":"https:\/\/excursionesporelsur.com\/en\/wp-json\/wp\/v2\/product\/3860","targetHints":{"allow":["GET"]}}],"collection":[{"href":"https:\/\/excursionesporelsur.com\/en\/wp-json\/wp\/v2\/product"}],"about":[{"href":"https:\/\/excursionesporelsur.com\/en\/wp-json\/wp\/v2\/types\/product"}],"wp:featuredmedia":[{"embeddable":true,"href":"https:\/\/excursionesporelsur.com\/en\/wp-json\/wp\/v2\/media\/3865"}],"wp:attachment":[{"href":"https:\/\/excursionesporelsur.com\/en\/wp-json\/wp\/v2\/media?parent=3860"}],"wp:term":[{"taxonomy":"product_brand","embeddable":true,"href":"https:\/\/excursionesporelsur.com\/en\/wp-json\/wp\/v2\/product_brand?post=3860"},{"taxonomy":"product_cat","embeddable":true,"href":"https:\/\/excursionesporelsur.com\/en\/wp-json\/wp\/v2\/product_cat?post=3860"},{"taxonomy":"product_tag","embeddable":true,"href":"https:\/\/excursionesporelsur.com\/en\/wp-json\/wp\/v2\/product_tag?post=3860"}],"curies":[{"name":"wp","href":"https:\/\/api.w.org\/{rel}","templated":true}]}}