{"id":799,"date":"2024-06-20T11:47:25","date_gmt":"2024-06-20T09:47:25","guid":{"rendered":"https:\/\/excursionesporelsur.com\/?post_type=product&#038;p=799"},"modified":"2025-02-24T17:42:43","modified_gmt":"2025-02-24T16:42:43","slug":"besichtigung-des-felsens-von-gibraltar-und-shopping","status":"publish","type":"product","link":"https:\/\/excursionesporelsur.com\/de\/produkt\/besichtigung-des-felsens-von-gibraltar-und-shopping\/","title":{"rendered":"Besichtigung des Felsens von Gibraltar und Shopping"},"content":{"rendered":"<p>Gibraltar ist eine eigenwillige Mischung aus Vertrautem und Exotischem und ein Potpourri von Eindr\u00fccken. Diese Tour zeigt alle Hauptattraktionen: die Barbary Rock Monkeys, die St. Michael&#8217;s Caves und die Hauptstra\u00dfe. Rosa, eine unserer \u00f6rtlichen Reiseleiterinnen, sagt: &#8222;Gibraltar ist einer der unerwartetsten Kulturschocks, die ich je erlebt habe. Ich f\u00fchle mich wie in meiner Heimat Andalusien, aber es f\u00fchlt sich alles britisch an. Es ist immer ein Vergn\u00fcgen, herumzulaufen und den Einheimischen zuzuh\u00f6ren, wie sie sich in ihrem sch\u00f6nen Dialekt unterhalten&#8220;.<\/p>\n<p>Der Spa\u00df beginnt mit einer gef\u00fchrten Besichtigung des Felsens von Gibraltar. Seine steilen H\u00e4nge, die sich 426 Meter \u00fcber das Mittelmeer erheben, sehen be\u00e4ngstigend aus, aber Sie werden sie bequem in einem Minibus entdecken. Der erste Halt ist der von Denkm\u00e4lern ges\u00e4umte Europa Point, ein beliebter Ort zum Fotografieren. Im Naturreservat Upper Rock treffen Sie auf die freilaufenden Berberaffen, die einzigen wild lebenden Affen Europas. An klaren Tagen k\u00f6nnen Sie ganz Afrika sehen. Der n\u00e4chste Halt ist die St. Michael&#8217;s Cave. Die H\u00f6hle, in der einst Neandertaler lebten und die w\u00e4hrend des Zweiten Weltkriegs als Lazarett diente, ist heute ein eindrucksvoller Konzertsaal.<\/p>\n<p>Zur\u00fcck auf dem Meeresspiegel zeigt Gibraltars Stadtzentrum seinen britischen Charakter, sei es durch die auff\u00e4lligen roten Telefone und Briefk\u00e4sten oder durch die pr\u00e4gnanten T\u00fcrb\u00f6gen im georgianischen Stil. Genie\u00dfen Sie eine Pastete oder vielleicht Fish and Chips zum Mittagessen, bevor Sie einen Einkaufsbummel unternehmen. Die Main Street, in der viele britische Handelsketten ihre Filialen haben, ist ber\u00fchmt f\u00fcr ihre Duty-Free-Shops.<\/p>\n<p><strong>Wichtig!<br \/>\n<\/strong>Pr\u00fcfen Sie, ob Sie f\u00fcr die Einreise nach Gibraltar ein Visum ben\u00f6tigen.<br \/>\nBringen Sie einen Reisepass oder Personalausweis aus einem EU-Mitgliedstaat mit.<\/p>\n","protected":false},"excerpt":{"rendered":"<div id=\"highlights\" class=\"tui-activity-component-content__section tui-activity-component-content__spacing\" data-test-id=\"tui-activity-component-highlights-section\" data-v-2f909ceb=\"\">\n<ul class=\"tui-activity-component-content__highlights\" data-v-2f909ceb=\"\">\n<li class=\"tui-activity-component-content__section-text tui-activity-component-content__section-text--highlights\" data-test-id=\"tui-activity-component-highlight-item\" data-v-2f909ceb=\"\">Genie\u00dfen Sie einen Tagesausflug nach Gibraltar, eine exotische Mischung aus britischer und andalusischer Kultur.<\/li>\n<li class=\"tui-activity-component-content__section-text tui-activity-component-content__section-text--highlights\" data-test-id=\"tui-activity-component-highlight-item\" data-v-2f909ceb=\"\">Machen Sie Fotos von den listigen Berberaffen, die den Upper Rock durchstreifen.<\/li>\n<li class=\"tui-activity-component-content__section-text tui-activity-component-content__section-text--highlights\" data-test-id=\"tui-activity-component-highlight-item\" data-v-2f909ceb=\"\">Entdecken Sie die H\u00f6hlen von San Miguel auf einer gef\u00fchrten Minibustour zum Felsen von Gibraltar<\/li>\n<li class=\"tui-activity-component-content__section-text tui-activity-component-content__section-text--highlights\" data-test-id=\"tui-activity-component-highlight-item\" data-v-2f909ceb=\"\">Besichtigen Sie die Denkm\u00e4ler am Europa Point und die zollfreien Gesch\u00e4fte in der Main Street.<\/li>\n<li class=\"tui-activity-component-content__section-text tui-activity-component-content__section-text--highlights\" data-test-id=\"tui-activity-component-highlight-item\" data-v-2f909ceb=\"\">Fachkundiger \u00f6rtlicher F\u00fchrer mit un\u00fcbertroffenem Wissen \u00fcber die Geschichte und die Menschen von Gibraltar.<\/li>\n<\/ul>\n<\/div>\n","protected":false},"featured_media":802,"template":"","meta":{"_acf_changed":false},"product_brand":[],"product_cat":[33],"product_tag":[41],"class_list":{"0":"post-799","1":"product","2":"type-product","3":"status-publish","4":"has-post-thumbnail","6":"product_cat-ausfluege","7":"product_tag-hotel-de","9":"first","10":"instock","11":"virtual","12":"sold-individually","13":"taxable","14":"purchasable","15":"product-type-turitop"},"acf":[],"yoast_head":"<!-- This site is optimized with the Yoast SEO plugin v27.4 - https:\/\/yoast.com\/product\/yoast-seo-wordpress\/ -->\n<title>Besichtigung des Felsens von Gibraltar und Shopping | Excursiones por el Sur<\/title>\n<meta name=\"description\" content=\"Explora cada rinc&oacute;n de Andaluc&iacute;a y vive experiencias inolvidables.\" \/>\n<meta name=\"robots\" content=\"index, follow, max-snippet:-1, max-image-preview:large, max-video-preview:-1\" \/>\n<link rel=\"canonical\" href=\"https:\/\/excursionesporelsur.com\/de\/produkt\/besichtigung-des-felsens-von-gibraltar-und-shopping\/\" \/>\n<meta property=\"og:locale\" content=\"de_DE\" \/>\n<meta property=\"og:type\" content=\"article\" \/>\n<meta property=\"og:title\" content=\"Besichtigung des Felsens von Gibraltar und Shopping | Excursiones por el Sur\" \/>\n<meta property=\"og:description\" content=\"Explora cada rinc&oacute;n de Andaluc&iacute;a y vive experiencias inolvidables.\" \/>\n<meta property=\"og:url\" content=\"https:\/\/excursionesporelsur.com\/de\/produkt\/besichtigung-des-felsens-von-gibraltar-und-shopping\/\" \/>\n<meta property=\"og:site_name\" content=\"Excursiones por el Sur\" \/>\n<meta property=\"article:publisher\" content=\"https:\/\/www.facebook.com\/profile.php?id=100081151666764\" \/>\n<meta property=\"article:modified_time\" content=\"2025-02-24T16:42:43+00:00\" \/>\n<meta property=\"og:image\" content=\"https:\/\/excursionesporelsur.com\/wp-content\/uploads\/2024\/06\/excursion-de-un-dia-a-gibraltar-con-recorrido-en-minibus-por-el-penon.jpeg\" \/>\n\t<meta property=\"og:image:width\" content=\"2560\" \/>\n\t<meta property=\"og:image:height\" content=\"1700\" \/>\n\t<meta property=\"og:image:type\" content=\"image\/jpeg\" \/>\n<meta name=\"twitter:card\" content=\"summary_large_image\" \/>\n<meta name=\"twitter:label1\" content=\"Gesch\u00e4tzte Lesezeit\" \/>\n\t<meta name=\"twitter:data1\" content=\"2\u00a0Minuten\" \/>\n<script type=\"application\/ld+json\" class=\"yoast-schema-graph\">{\"@context\":\"https:\\\/\\\/schema.org\",\"@graph\":[{\"@type\":\"WebPage\",\"@id\":\"https:\\\/\\\/excursionesporelsur.com\\\/de\\\/produkt\\\/besichtigung-des-felsens-von-gibraltar-und-shopping\\\/\",\"url\":\"https:\\\/\\\/excursionesporelsur.com\\\/de\\\/produkt\\\/besichtigung-des-felsens-von-gibraltar-und-shopping\\\/\",\"name\":\"Besichtigung des Felsens von Gibraltar und Shopping | Excursiones por el Sur\",\"isPartOf\":{\"@id\":\"https:\\\/\\\/excursionesporelsur.com\\\/de\\\/#website\"},\"primaryImageOfPage\":{\"@id\":\"https:\\\/\\\/excursionesporelsur.com\\\/de\\\/produkt\\\/besichtigung-des-felsens-von-gibraltar-und-shopping\\\/#primaryimage\"},\"image\":{\"@id\":\"https:\\\/\\\/excursionesporelsur.com\\\/de\\\/produkt\\\/besichtigung-des-felsens-von-gibraltar-und-shopping\\\/#primaryimage\"},\"thumbnailUrl\":\"https:\\\/\\\/excursionesporelsur.com\\\/wp-content\\\/uploads\\\/2024\\\/06\\\/excursion-de-un-dia-a-gibraltar-con-recorrido-en-minibus-por-el-penon.jpeg\",\"datePublished\":\"2024-06-20T09:47:25+00:00\",\"dateModified\":\"2025-02-24T16:42:43+00:00\",\"description\":\"Explora cada rinc&oacute;n de Andaluc&iacute;a y vive experiencias inolvidables.\",\"breadcrumb\":{\"@id\":\"https:\\\/\\\/excursionesporelsur.com\\\/de\\\/produkt\\\/besichtigung-des-felsens-von-gibraltar-und-shopping\\\/#breadcrumb\"},\"inLanguage\":\"de\",\"potentialAction\":[{\"@type\":\"ReadAction\",\"target\":[\"https:\\\/\\\/excursionesporelsur.com\\\/de\\\/produkt\\\/besichtigung-des-felsens-von-gibraltar-und-shopping\\\/\"]}]},{\"@type\":\"ImageObject\",\"inLanguage\":\"de\",\"@id\":\"https:\\\/\\\/excursionesporelsur.com\\\/de\\\/produkt\\\/besichtigung-des-felsens-von-gibraltar-und-shopping\\\/#primaryimage\",\"url\":\"https:\\\/\\\/excursionesporelsur.com\\\/wp-content\\\/uploads\\\/2024\\\/06\\\/excursion-de-un-dia-a-gibraltar-con-recorrido-en-minibus-por-el-penon.jpeg\",\"contentUrl\":\"https:\\\/\\\/excursionesporelsur.com\\\/wp-content\\\/uploads\\\/2024\\\/06\\\/excursion-de-un-dia-a-gibraltar-con-recorrido-en-minibus-por-el-penon.jpeg\",\"width\":2560,\"height\":1700},{\"@type\":\"BreadcrumbList\",\"@id\":\"https:\\\/\\\/excursionesporelsur.com\\\/de\\\/produkt\\\/besichtigung-des-felsens-von-gibraltar-und-shopping\\\/#breadcrumb\",\"itemListElement\":[{\"@type\":\"ListItem\",\"position\":1,\"name\":\"Portada\",\"item\":\"https:\\\/\\\/excursionesporelsur.com\\\/de\\\/\"},{\"@type\":\"ListItem\",\"position\":2,\"name\":\"Online Reservierung\",\"item\":\"https:\\\/\\\/excursionesporelsur.com\\\/de\\\/online-reservierung\\\/\"},{\"@type\":\"ListItem\",\"position\":3,\"name\":\"Besichtigung des Felsens von Gibraltar und Shopping\"}]},{\"@type\":\"WebSite\",\"@id\":\"https:\\\/\\\/excursionesporelsur.com\\\/de\\\/#website\",\"url\":\"https:\\\/\\\/excursionesporelsur.com\\\/de\\\/\",\"name\":\"Excursiones por el Sur\",\"description\":\"Explora cada rinc&oacute;n de Andaluc&iacute;a y vive experiencias inolvidables.\",\"publisher\":{\"@id\":\"https:\\\/\\\/excursionesporelsur.com\\\/de\\\/#organization\"},\"potentialAction\":[{\"@type\":\"SearchAction\",\"target\":{\"@type\":\"EntryPoint\",\"urlTemplate\":\"https:\\\/\\\/excursionesporelsur.com\\\/de\\\/?s={search_term_string}\"},\"query-input\":{\"@type\":\"PropertyValueSpecification\",\"valueRequired\":true,\"valueName\":\"search_term_string\"}}],\"inLanguage\":\"de\"},{\"@type\":\"Organization\",\"@id\":\"https:\\\/\\\/excursionesporelsur.com\\\/de\\\/#organization\",\"name\":\"Excursiones por el Sur\",\"url\":\"https:\\\/\\\/excursionesporelsur.com\\\/de\\\/\",\"logo\":{\"@type\":\"ImageObject\",\"inLanguage\":\"de\",\"@id\":\"https:\\\/\\\/excursionesporelsur.com\\\/de\\\/#\\\/schema\\\/logo\\\/image\\\/\",\"url\":\"https:\\\/\\\/excursionesporelsur.com\\\/wp-content\\\/uploads\\\/2024\\\/02\\\/logo-excursiones-por-el-sur.png\",\"contentUrl\":\"https:\\\/\\\/excursionesporelsur.com\\\/wp-content\\\/uploads\\\/2024\\\/02\\\/logo-excursiones-por-el-sur.png\",\"width\":306,\"height\":120,\"caption\":\"Excursiones por el Sur\"},\"image\":{\"@id\":\"https:\\\/\\\/excursionesporelsur.com\\\/de\\\/#\\\/schema\\\/logo\\\/image\\\/\"},\"sameAs\":[\"https:\\\/\\\/www.facebook.com\\\/profile.php?id=100081151666764\",\"https:\\\/\\\/instagram.com\\\/excursionesporelsur\"]}]}<\/script>\n<!-- \/ Yoast SEO plugin. -->","yoast_head_json":{"title":"Besichtigung des Felsens von Gibraltar und Shopping | Excursiones por el Sur","description":"Explora cada rinc&oacute;n de Andaluc&iacute;a y vive experiencias inolvidables.","robots":{"index":"index","follow":"follow","max-snippet":"max-snippet:-1","max-image-preview":"max-image-preview:large","max-video-preview":"max-video-preview:-1"},"canonical":"https:\/\/excursionesporelsur.com\/de\/produkt\/besichtigung-des-felsens-von-gibraltar-und-shopping\/","og_locale":"de_DE","og_type":"article","og_title":"Besichtigung des Felsens von Gibraltar und Shopping | Excursiones por el Sur","og_description":"Explora cada rinc&oacute;n de Andaluc&iacute;a y vive experiencias inolvidables.","og_url":"https:\/\/excursionesporelsur.com\/de\/produkt\/besichtigung-des-felsens-von-gibraltar-und-shopping\/","og_site_name":"Excursiones por el Sur","article_publisher":"https:\/\/www.facebook.com\/profile.php?id=100081151666764","article_modified_time":"2025-02-24T16:42:43+00:00","og_image":[{"width":2560,"height":1700,"url":"https:\/\/excursionesporelsur.com\/wp-content\/uploads\/2024\/06\/excursion-de-un-dia-a-gibraltar-con-recorrido-en-minibus-por-el-penon.jpeg","type":"image\/jpeg"}],"twitter_card":"summary_large_image","twitter_misc":{"Gesch\u00e4tzte Lesezeit":"2\u00a0Minuten"},"schema":{"@context":"https:\/\/schema.org","@graph":[{"@type":"WebPage","@id":"https:\/\/excursionesporelsur.com\/de\/produkt\/besichtigung-des-felsens-von-gibraltar-und-shopping\/","url":"https:\/\/excursionesporelsur.com\/de\/produkt\/besichtigung-des-felsens-von-gibraltar-und-shopping\/","name":"Besichtigung des Felsens von Gibraltar und Shopping | Excursiones por el Sur","isPartOf":{"@id":"https:\/\/excursionesporelsur.com\/de\/#website"},"primaryImageOfPage":{"@id":"https:\/\/excursionesporelsur.com\/de\/produkt\/besichtigung-des-felsens-von-gibraltar-und-shopping\/#primaryimage"},"image":{"@id":"https:\/\/excursionesporelsur.com\/de\/produkt\/besichtigung-des-felsens-von-gibraltar-und-shopping\/#primaryimage"},"thumbnailUrl":"https:\/\/excursionesporelsur.com\/wp-content\/uploads\/2024\/06\/excursion-de-un-dia-a-gibraltar-con-recorrido-en-minibus-por-el-penon.jpeg","datePublished":"2024-06-20T09:47:25+00:00","dateModified":"2025-02-24T16:42:43+00:00","description":"Explora cada rinc&oacute;n de Andaluc&iacute;a y vive experiencias inolvidables.","breadcrumb":{"@id":"https:\/\/excursionesporelsur.com\/de\/produkt\/besichtigung-des-felsens-von-gibraltar-und-shopping\/#breadcrumb"},"inLanguage":"de","potentialAction":[{"@type":"ReadAction","target":["https:\/\/excursionesporelsur.com\/de\/produkt\/besichtigung-des-felsens-von-gibraltar-und-shopping\/"]}]},{"@type":"ImageObject","inLanguage":"de","@id":"https:\/\/excursionesporelsur.com\/de\/produkt\/besichtigung-des-felsens-von-gibraltar-und-shopping\/#primaryimage","url":"https:\/\/excursionesporelsur.com\/wp-content\/uploads\/2024\/06\/excursion-de-un-dia-a-gibraltar-con-recorrido-en-minibus-por-el-penon.jpeg","contentUrl":"https:\/\/excursionesporelsur.com\/wp-content\/uploads\/2024\/06\/excursion-de-un-dia-a-gibraltar-con-recorrido-en-minibus-por-el-penon.jpeg","width":2560,"height":1700},{"@type":"BreadcrumbList","@id":"https:\/\/excursionesporelsur.com\/de\/produkt\/besichtigung-des-felsens-von-gibraltar-und-shopping\/#breadcrumb","itemListElement":[{"@type":"ListItem","position":1,"name":"Portada","item":"https:\/\/excursionesporelsur.com\/de\/"},{"@type":"ListItem","position":2,"name":"Online Reservierung","item":"https:\/\/excursionesporelsur.com\/de\/online-reservierung\/"},{"@type":"ListItem","position":3,"name":"Besichtigung des Felsens von Gibraltar und Shopping"}]},{"@type":"WebSite","@id":"https:\/\/excursionesporelsur.com\/de\/#website","url":"https:\/\/excursionesporelsur.com\/de\/","name":"Excursiones por el Sur","description":"Explora cada rinc&oacute;n de Andaluc&iacute;a y vive experiencias inolvidables.","publisher":{"@id":"https:\/\/excursionesporelsur.com\/de\/#organization"},"potentialAction":[{"@type":"SearchAction","target":{"@type":"EntryPoint","urlTemplate":"https:\/\/excursionesporelsur.com\/de\/?s={search_term_string}"},"query-input":{"@type":"PropertyValueSpecification","valueRequired":true,"valueName":"search_term_string"}}],"inLanguage":"de"},{"@type":"Organization","@id":"https:\/\/excursionesporelsur.com\/de\/#organization","name":"Excursiones por el Sur","url":"https:\/\/excursionesporelsur.com\/de\/","logo":{"@type":"ImageObject","inLanguage":"de","@id":"https:\/\/excursionesporelsur.com\/de\/#\/schema\/logo\/image\/","url":"https:\/\/excursionesporelsur.com\/wp-content\/uploads\/2024\/02\/logo-excursiones-por-el-sur.png","contentUrl":"https:\/\/excursionesporelsur.com\/wp-content\/uploads\/2024\/02\/logo-excursiones-por-el-sur.png","width":306,"height":120,"caption":"Excursiones por el Sur"},"image":{"@id":"https:\/\/excursionesporelsur.com\/de\/#\/schema\/logo\/image\/"},"sameAs":["https:\/\/www.facebook.com\/profile.php?id=100081151666764","https:\/\/instagram.com\/excursionesporelsur"]}]}},"_links":{"self":[{"href":"https:\/\/excursionesporelsur.com\/de\/wp-json\/wp\/v2\/product\/799","targetHints":{"allow":["GET"]}}],"collection":[{"href":"https:\/\/excursionesporelsur.com\/de\/wp-json\/wp\/v2\/product"}],"about":[{"href":"https:\/\/excursionesporelsur.com\/de\/wp-json\/wp\/v2\/types\/product"}],"wp:featuredmedia":[{"embeddable":true,"href":"https:\/\/excursionesporelsur.com\/de\/wp-json\/wp\/v2\/media\/802"}],"wp:attachment":[{"href":"https:\/\/excursionesporelsur.com\/de\/wp-json\/wp\/v2\/media?parent=799"}],"wp:term":[{"taxonomy":"product_brand","embeddable":true,"href":"https:\/\/excursionesporelsur.com\/de\/wp-json\/wp\/v2\/product_brand?post=799"},{"taxonomy":"product_cat","embeddable":true,"href":"https:\/\/excursionesporelsur.com\/de\/wp-json\/wp\/v2\/product_cat?post=799"},{"taxonomy":"product_tag","embeddable":true,"href":"https:\/\/excursionesporelsur.com\/de\/wp-json\/wp\/v2\/product_tag?post=799"}],"curies":[{"name":"wp","href":"https:\/\/api.w.org\/{rel}","templated":true}]}}