{"id":748,"date":"2024-06-20T11:21:00","date_gmt":"2024-06-20T09:21:00","guid":{"rendered":"https:\/\/excursionesporelsur.com\/?post_type=product&#038;p=748"},"modified":"2025-02-24T17:37:00","modified_gmt":"2025-02-24T16:37:00","slug":"jerez-de-la-frontera-real-escuela-und-weinkellerei","status":"publish","type":"product","link":"https:\/\/excursionesporelsur.com\/de\/produkt\/jerez-de-la-frontera-real-escuela-und-weinkellerei\/","title":{"rendered":"Jerez de la Frontera, Real Escuela und Weinkellerei"},"content":{"rendered":"<p>Als Geburtsort des Sherry, Hauptstadt des Reitsports und Geburtsort des Flamenco bietet Jerez einen faszinierenden Tagesausflug an die Costa de la Luz. Sie werden die andalusischen Pferde tanzen sehen, die Leidenschaft des Flamenco sp\u00fcren und den weltber\u00fchmten Sherry kosten, f\u00fcr den die Stadt bekannt ist.<\/p>\n<p>Wir fahren mit dem klimatisierten Bus nach Jerez de la Frontera, eine kurze Fahrt ins Landesinnere. Dort angekommen, genie\u00dfen Sie eine Stadtrundfahrt mit dem Bus und erkunden anschlie\u00dfend das Stadtzentrum zu Fu\u00df, bevor Sie sich in der K\u00f6niglichen Reitschule eine unglaubliche andalusische Pferdetanzshow ansehen k\u00f6nnen.<\/p>\n<p>Anschlie\u00dfend k\u00f6nnen Sie bei einer Show zur Mittagszeit in den Flamenco und die faszinierenden Kl\u00e4nge der spanischen Gitarre eintauchen. Wir beenden die Tour in der ber\u00fchmten Weinkellerei Gonz\u00e1lez Byass, der Heimat des Sherrys T\u00edo Pepe, mit einer Besichtigung und nat\u00fcrlich einer Verkostung.<\/p>\n","protected":false},"excerpt":{"rendered":"<ul class=\"tui-activity-component-content__highlights\" data-v-2f909ceb=\"\">\n<li class=\"tui-activity-component-content__section-text tui-activity-component-content__section-text--highlights\" data-test-id=\"tui-activity-component-highlight-item\" data-v-2f909ceb=\"\">Beobachten Sie andalusische Pferde in der K\u00f6niglichen Hofreitschule<\/li>\n<li class=\"tui-activity-component-content__section-text tui-activity-component-content__section-text--highlights\" data-test-id=\"tui-activity-component-highlight-item\" data-v-2f909ceb=\"\">Genie\u00dfen Sie eine Flamenco-Show<\/li>\n<li class=\"tui-activity-component-content__section-text tui-activity-component-content__section-text--highlights\" data-test-id=\"tui-activity-component-highlight-item\" data-v-2f909ceb=\"\">Besuch der Weinkellerei Gonz\u00e1lez Byass<\/li>\n<li class=\"tui-activity-component-content__section-text tui-activity-component-content__section-text--highlights\" data-test-id=\"tui-activity-component-highlight-item\" data-v-2f909ceb=\"\">Gef\u00fchrte Tour durch die Stadt<\/li>\n<\/ul>\n","protected":false},"featured_media":751,"template":"","meta":{"_acf_changed":false},"product_brand":[],"product_cat":[33],"product_tag":[41],"class_list":{"0":"post-748","1":"product","2":"type-product","3":"status-publish","4":"has-post-thumbnail","6":"product_cat-ausfluege","7":"product_tag-hotel-de","9":"first","10":"instock","11":"virtual","12":"sold-individually","13":"taxable","14":"purchasable","15":"product-type-turitop"},"acf":[],"yoast_head":"<!-- This site is optimized with the Yoast SEO plugin v27.4 - https:\/\/yoast.com\/product\/yoast-seo-wordpress\/ -->\n<title>Jerez de la Frontera, Real Escuela und Weinkellerei | Excursiones por el Sur<\/title>\n<meta name=\"description\" content=\"Explora cada rinc&oacute;n de Andaluc&iacute;a y vive experiencias inolvidables.\" \/>\n<meta name=\"robots\" content=\"index, follow, max-snippet:-1, max-image-preview:large, max-video-preview:-1\" \/>\n<link rel=\"canonical\" href=\"https:\/\/excursionesporelsur.com\/de\/produkt\/jerez-de-la-frontera-real-escuela-und-weinkellerei\/\" \/>\n<meta property=\"og:locale\" content=\"de_DE\" \/>\n<meta property=\"og:type\" content=\"article\" \/>\n<meta property=\"og:title\" content=\"Jerez de la Frontera, Real Escuela und Weinkellerei | Excursiones por el Sur\" \/>\n<meta property=\"og:description\" content=\"Explora cada rinc&oacute;n de Andaluc&iacute;a y vive experiencias inolvidables.\" \/>\n<meta property=\"og:url\" content=\"https:\/\/excursionesporelsur.com\/de\/produkt\/jerez-de-la-frontera-real-escuela-und-weinkellerei\/\" \/>\n<meta property=\"og:site_name\" content=\"Excursiones por el Sur\" \/>\n<meta property=\"article:publisher\" content=\"https:\/\/www.facebook.com\/profile.php?id=100081151666764\" \/>\n<meta property=\"article:modified_time\" content=\"2025-02-24T16:37:00+00:00\" \/>\n<meta property=\"og:image\" content=\"https:\/\/excursionesporelsur.com\/wp-content\/uploads\/2024\/06\/tour-por-jerez-con-degustacion-de-jerez.jpeg\" \/>\n\t<meta property=\"og:image:width\" content=\"2560\" \/>\n\t<meta property=\"og:image:height\" content=\"1708\" \/>\n\t<meta property=\"og:image:type\" content=\"image\/jpeg\" \/>\n<meta name=\"twitter:card\" content=\"summary_large_image\" \/>\n<meta name=\"twitter:label1\" content=\"Gesch\u00e4tzte Lesezeit\" \/>\n\t<meta name=\"twitter:data1\" content=\"1\u00a0Minute\" \/>\n<script type=\"application\/ld+json\" class=\"yoast-schema-graph\">{\"@context\":\"https:\\\/\\\/schema.org\",\"@graph\":[{\"@type\":\"WebPage\",\"@id\":\"https:\\\/\\\/excursionesporelsur.com\\\/de\\\/produkt\\\/jerez-de-la-frontera-real-escuela-und-weinkellerei\\\/\",\"url\":\"https:\\\/\\\/excursionesporelsur.com\\\/de\\\/produkt\\\/jerez-de-la-frontera-real-escuela-und-weinkellerei\\\/\",\"name\":\"Jerez de la Frontera, Real Escuela und Weinkellerei | Excursiones por el Sur\",\"isPartOf\":{\"@id\":\"https:\\\/\\\/excursionesporelsur.com\\\/de\\\/#website\"},\"primaryImageOfPage\":{\"@id\":\"https:\\\/\\\/excursionesporelsur.com\\\/de\\\/produkt\\\/jerez-de-la-frontera-real-escuela-und-weinkellerei\\\/#primaryimage\"},\"image\":{\"@id\":\"https:\\\/\\\/excursionesporelsur.com\\\/de\\\/produkt\\\/jerez-de-la-frontera-real-escuela-und-weinkellerei\\\/#primaryimage\"},\"thumbnailUrl\":\"https:\\\/\\\/excursionesporelsur.com\\\/wp-content\\\/uploads\\\/2024\\\/06\\\/tour-por-jerez-con-degustacion-de-jerez.jpeg\",\"datePublished\":\"2024-06-20T09:21:00+00:00\",\"dateModified\":\"2025-02-24T16:37:00+00:00\",\"description\":\"Explora cada rinc&oacute;n de Andaluc&iacute;a y vive experiencias inolvidables.\",\"breadcrumb\":{\"@id\":\"https:\\\/\\\/excursionesporelsur.com\\\/de\\\/produkt\\\/jerez-de-la-frontera-real-escuela-und-weinkellerei\\\/#breadcrumb\"},\"inLanguage\":\"de\",\"potentialAction\":[{\"@type\":\"ReadAction\",\"target\":[\"https:\\\/\\\/excursionesporelsur.com\\\/de\\\/produkt\\\/jerez-de-la-frontera-real-escuela-und-weinkellerei\\\/\"]}]},{\"@type\":\"ImageObject\",\"inLanguage\":\"de\",\"@id\":\"https:\\\/\\\/excursionesporelsur.com\\\/de\\\/produkt\\\/jerez-de-la-frontera-real-escuela-und-weinkellerei\\\/#primaryimage\",\"url\":\"https:\\\/\\\/excursionesporelsur.com\\\/wp-content\\\/uploads\\\/2024\\\/06\\\/tour-por-jerez-con-degustacion-de-jerez.jpeg\",\"contentUrl\":\"https:\\\/\\\/excursionesporelsur.com\\\/wp-content\\\/uploads\\\/2024\\\/06\\\/tour-por-jerez-con-degustacion-de-jerez.jpeg\",\"width\":2560,\"height\":1708},{\"@type\":\"BreadcrumbList\",\"@id\":\"https:\\\/\\\/excursionesporelsur.com\\\/de\\\/produkt\\\/jerez-de-la-frontera-real-escuela-und-weinkellerei\\\/#breadcrumb\",\"itemListElement\":[{\"@type\":\"ListItem\",\"position\":1,\"name\":\"Portada\",\"item\":\"https:\\\/\\\/excursionesporelsur.com\\\/de\\\/\"},{\"@type\":\"ListItem\",\"position\":2,\"name\":\"Online Reservierung\",\"item\":\"https:\\\/\\\/excursionesporelsur.com\\\/de\\\/online-reservierung\\\/\"},{\"@type\":\"ListItem\",\"position\":3,\"name\":\"Jerez de la Frontera, Real Escuela und Weinkellerei\"}]},{\"@type\":\"WebSite\",\"@id\":\"https:\\\/\\\/excursionesporelsur.com\\\/de\\\/#website\",\"url\":\"https:\\\/\\\/excursionesporelsur.com\\\/de\\\/\",\"name\":\"Excursiones por el Sur\",\"description\":\"Explora cada rinc&oacute;n de Andaluc&iacute;a y vive experiencias inolvidables.\",\"publisher\":{\"@id\":\"https:\\\/\\\/excursionesporelsur.com\\\/de\\\/#organization\"},\"potentialAction\":[{\"@type\":\"SearchAction\",\"target\":{\"@type\":\"EntryPoint\",\"urlTemplate\":\"https:\\\/\\\/excursionesporelsur.com\\\/de\\\/?s={search_term_string}\"},\"query-input\":{\"@type\":\"PropertyValueSpecification\",\"valueRequired\":true,\"valueName\":\"search_term_string\"}}],\"inLanguage\":\"de\"},{\"@type\":\"Organization\",\"@id\":\"https:\\\/\\\/excursionesporelsur.com\\\/de\\\/#organization\",\"name\":\"Excursiones por el Sur\",\"url\":\"https:\\\/\\\/excursionesporelsur.com\\\/de\\\/\",\"logo\":{\"@type\":\"ImageObject\",\"inLanguage\":\"de\",\"@id\":\"https:\\\/\\\/excursionesporelsur.com\\\/de\\\/#\\\/schema\\\/logo\\\/image\\\/\",\"url\":\"https:\\\/\\\/excursionesporelsur.com\\\/wp-content\\\/uploads\\\/2024\\\/02\\\/logo-excursiones-por-el-sur.png\",\"contentUrl\":\"https:\\\/\\\/excursionesporelsur.com\\\/wp-content\\\/uploads\\\/2024\\\/02\\\/logo-excursiones-por-el-sur.png\",\"width\":306,\"height\":120,\"caption\":\"Excursiones por el Sur\"},\"image\":{\"@id\":\"https:\\\/\\\/excursionesporelsur.com\\\/de\\\/#\\\/schema\\\/logo\\\/image\\\/\"},\"sameAs\":[\"https:\\\/\\\/www.facebook.com\\\/profile.php?id=100081151666764\",\"https:\\\/\\\/instagram.com\\\/excursionesporelsur\"]}]}<\/script>\n<!-- \/ Yoast SEO plugin. -->","yoast_head_json":{"title":"Jerez de la Frontera, Real Escuela und Weinkellerei | Excursiones por el Sur","description":"Explora cada rinc&oacute;n de Andaluc&iacute;a y vive experiencias inolvidables.","robots":{"index":"index","follow":"follow","max-snippet":"max-snippet:-1","max-image-preview":"max-image-preview:large","max-video-preview":"max-video-preview:-1"},"canonical":"https:\/\/excursionesporelsur.com\/de\/produkt\/jerez-de-la-frontera-real-escuela-und-weinkellerei\/","og_locale":"de_DE","og_type":"article","og_title":"Jerez de la Frontera, Real Escuela und Weinkellerei | Excursiones por el Sur","og_description":"Explora cada rinc&oacute;n de Andaluc&iacute;a y vive experiencias inolvidables.","og_url":"https:\/\/excursionesporelsur.com\/de\/produkt\/jerez-de-la-frontera-real-escuela-und-weinkellerei\/","og_site_name":"Excursiones por el Sur","article_publisher":"https:\/\/www.facebook.com\/profile.php?id=100081151666764","article_modified_time":"2025-02-24T16:37:00+00:00","og_image":[{"width":2560,"height":1708,"url":"https:\/\/excursionesporelsur.com\/wp-content\/uploads\/2024\/06\/tour-por-jerez-con-degustacion-de-jerez.jpeg","type":"image\/jpeg"}],"twitter_card":"summary_large_image","twitter_misc":{"Gesch\u00e4tzte Lesezeit":"1\u00a0Minute"},"schema":{"@context":"https:\/\/schema.org","@graph":[{"@type":"WebPage","@id":"https:\/\/excursionesporelsur.com\/de\/produkt\/jerez-de-la-frontera-real-escuela-und-weinkellerei\/","url":"https:\/\/excursionesporelsur.com\/de\/produkt\/jerez-de-la-frontera-real-escuela-und-weinkellerei\/","name":"Jerez de la Frontera, Real Escuela und Weinkellerei | Excursiones por el Sur","isPartOf":{"@id":"https:\/\/excursionesporelsur.com\/de\/#website"},"primaryImageOfPage":{"@id":"https:\/\/excursionesporelsur.com\/de\/produkt\/jerez-de-la-frontera-real-escuela-und-weinkellerei\/#primaryimage"},"image":{"@id":"https:\/\/excursionesporelsur.com\/de\/produkt\/jerez-de-la-frontera-real-escuela-und-weinkellerei\/#primaryimage"},"thumbnailUrl":"https:\/\/excursionesporelsur.com\/wp-content\/uploads\/2024\/06\/tour-por-jerez-con-degustacion-de-jerez.jpeg","datePublished":"2024-06-20T09:21:00+00:00","dateModified":"2025-02-24T16:37:00+00:00","description":"Explora cada rinc&oacute;n de Andaluc&iacute;a y vive experiencias inolvidables.","breadcrumb":{"@id":"https:\/\/excursionesporelsur.com\/de\/produkt\/jerez-de-la-frontera-real-escuela-und-weinkellerei\/#breadcrumb"},"inLanguage":"de","potentialAction":[{"@type":"ReadAction","target":["https:\/\/excursionesporelsur.com\/de\/produkt\/jerez-de-la-frontera-real-escuela-und-weinkellerei\/"]}]},{"@type":"ImageObject","inLanguage":"de","@id":"https:\/\/excursionesporelsur.com\/de\/produkt\/jerez-de-la-frontera-real-escuela-und-weinkellerei\/#primaryimage","url":"https:\/\/excursionesporelsur.com\/wp-content\/uploads\/2024\/06\/tour-por-jerez-con-degustacion-de-jerez.jpeg","contentUrl":"https:\/\/excursionesporelsur.com\/wp-content\/uploads\/2024\/06\/tour-por-jerez-con-degustacion-de-jerez.jpeg","width":2560,"height":1708},{"@type":"BreadcrumbList","@id":"https:\/\/excursionesporelsur.com\/de\/produkt\/jerez-de-la-frontera-real-escuela-und-weinkellerei\/#breadcrumb","itemListElement":[{"@type":"ListItem","position":1,"name":"Portada","item":"https:\/\/excursionesporelsur.com\/de\/"},{"@type":"ListItem","position":2,"name":"Online Reservierung","item":"https:\/\/excursionesporelsur.com\/de\/online-reservierung\/"},{"@type":"ListItem","position":3,"name":"Jerez de la Frontera, Real Escuela und Weinkellerei"}]},{"@type":"WebSite","@id":"https:\/\/excursionesporelsur.com\/de\/#website","url":"https:\/\/excursionesporelsur.com\/de\/","name":"Excursiones por el Sur","description":"Explora cada rinc&oacute;n de Andaluc&iacute;a y vive experiencias inolvidables.","publisher":{"@id":"https:\/\/excursionesporelsur.com\/de\/#organization"},"potentialAction":[{"@type":"SearchAction","target":{"@type":"EntryPoint","urlTemplate":"https:\/\/excursionesporelsur.com\/de\/?s={search_term_string}"},"query-input":{"@type":"PropertyValueSpecification","valueRequired":true,"valueName":"search_term_string"}}],"inLanguage":"de"},{"@type":"Organization","@id":"https:\/\/excursionesporelsur.com\/de\/#organization","name":"Excursiones por el Sur","url":"https:\/\/excursionesporelsur.com\/de\/","logo":{"@type":"ImageObject","inLanguage":"de","@id":"https:\/\/excursionesporelsur.com\/de\/#\/schema\/logo\/image\/","url":"https:\/\/excursionesporelsur.com\/wp-content\/uploads\/2024\/02\/logo-excursiones-por-el-sur.png","contentUrl":"https:\/\/excursionesporelsur.com\/wp-content\/uploads\/2024\/02\/logo-excursiones-por-el-sur.png","width":306,"height":120,"caption":"Excursiones por el Sur"},"image":{"@id":"https:\/\/excursionesporelsur.com\/de\/#\/schema\/logo\/image\/"},"sameAs":["https:\/\/www.facebook.com\/profile.php?id=100081151666764","https:\/\/instagram.com\/excursionesporelsur"]}]}},"_links":{"self":[{"href":"https:\/\/excursionesporelsur.com\/de\/wp-json\/wp\/v2\/product\/748","targetHints":{"allow":["GET"]}}],"collection":[{"href":"https:\/\/excursionesporelsur.com\/de\/wp-json\/wp\/v2\/product"}],"about":[{"href":"https:\/\/excursionesporelsur.com\/de\/wp-json\/wp\/v2\/types\/product"}],"wp:featuredmedia":[{"embeddable":true,"href":"https:\/\/excursionesporelsur.com\/de\/wp-json\/wp\/v2\/media\/751"}],"wp:attachment":[{"href":"https:\/\/excursionesporelsur.com\/de\/wp-json\/wp\/v2\/media?parent=748"}],"wp:term":[{"taxonomy":"product_brand","embeddable":true,"href":"https:\/\/excursionesporelsur.com\/de\/wp-json\/wp\/v2\/product_brand?post=748"},{"taxonomy":"product_cat","embeddable":true,"href":"https:\/\/excursionesporelsur.com\/de\/wp-json\/wp\/v2\/product_cat?post=748"},{"taxonomy":"product_tag","embeddable":true,"href":"https:\/\/excursionesporelsur.com\/de\/wp-json\/wp\/v2\/product_tag?post=748"}],"curies":[{"name":"wp","href":"https:\/\/api.w.org\/{rel}","templated":true}]}}