{"id":696,"date":"2024-06-20T09:08:12","date_gmt":"2024-06-20T07:08:12","guid":{"rendered":"https:\/\/excursionesporelsur.com\/?post_type=product&#038;p=696"},"modified":"2025-02-24T17:47:23","modified_gmt":"2025-02-24T16:47:23","slug":"gibraltar-und-delfine","status":"publish","type":"product","link":"https:\/\/excursionesporelsur.com\/de\/produkt\/gibraltar-und-delfine\/","title":{"rendered":"Gibraltar und Delfine"},"content":{"rendered":"<p>Gibraltar ist ein einzigartiges mediterranes Juwel, das von Geschichte und Meereswundern durchdrungen ist. Halten Sie Ausschau nach verspielten Delfinen, w\u00e4hrend Sie auf den Wellen kreuzen, und entdecken Sie die Geschichte Gibraltars bei einem Stadtrundgang. Orazio, einer unserer ortskundigen F\u00fchrer, sagt: &#8222;Wir kommen am Convent vorbei, der offiziellen Residenz Seiner Exzellenz des Gouverneurs, dem Vertreter des Monarchen in Gibraltar. Wenn Sie Gl\u00fcck haben, k\u00f6nnen Sie die Wachabl\u00f6sung miterleben, Gibraltars Version der t\u00e4glichen Parade vor dem Buckingham Palace.<\/p>\n<p>Beginnen Sie mit der Dolphin Tour, bei der Sie eine Bootsfahrt in die Gew\u00e4sser rund um Gibraltar unternehmen und hoffentlich die Chance haben, die verspielten Delfine, die diese Gew\u00e4sser bewohnen, aus n\u00e4chster N\u00e4he zu sehen. Als N\u00e4chstes laden wir Sie ein, mit unserem Spaziergang durch die Geschichte einen Schritt zur\u00fcck in die Vergangenheit zu machen. Beginnend am Landport Gate, dem historischen Eingang zur Festung von Gibraltar, werden Sie \u00fcber den Casemates Square und weiter nach Irish Town gef\u00fchrt, wobei Sie bei jedem Schritt mehr \u00fcber Gibraltars vielf\u00e4ltige Vergangenheit erfahren.<\/p>\n<p>Werfen Sie einen Blick auf die unverwechselbare Architektur der Bomb House Lane und erweisen Sie dem Trafalgar-Friedhof, der letzten Ruhest\u00e4tte vieler in der Schlacht von Trafalgar 1805 gefallener Seeleute, Ihre Ehre. Unsere fachkundigen F\u00fchrer erz\u00e4hlen Ihnen die Geschichte der arabischen, spanischen und britischen Herrschaft. Zum Schluss ist es Zeit f\u00fcr einen Einkaufsbummel auf der Main Street, dem belebten Einkaufszentrum von Gibraltar. Hier finden Sie zollfreie Gesch\u00e4fte, die von Luxusg\u00fctern bis hin zu Souvenirs alles anbieten.<\/p>\n","protected":false},"excerpt":{"rendered":"<div id=\"highlights\" class=\"tui-activity-component-content__section tui-activity-component-content__spacing\" data-test-id=\"tui-activity-component-highlights-section\" data-v-2f909ceb=\"\">\n<ul class=\"tui-activity-component-content__highlights\" data-v-2f909ceb=\"\">\n<li class=\"tui-activity-component-content__section-text tui-activity-component-content__section-text--highlights\" data-test-id=\"tui-activity-component-highlight-item\" data-v-2f909ceb=\"\">Gehen Sie auf einer Bootsfahrt mit Dolphin Tour auf Tuchf\u00fchlung mit verspielten Delfinen<\/li>\n<li class=\"tui-activity-component-content__section-text tui-activity-component-content__section-text--highlights\" data-test-id=\"tui-activity-component-highlight-item\" data-v-2f909ceb=\"\">Achten Sie auf die traditionelle Wachabl\u00f6sung im The Convent<\/li>\n<li class=\"tui-activity-component-content__section-text tui-activity-component-content__section-text--highlights\" data-test-id=\"tui-activity-component-highlight-item\" data-v-2f909ceb=\"\">Erkunden Sie Gibraltars vielf\u00e4ltige Vergangenheit auf einer historischen Tour<\/li>\n<li class=\"tui-activity-component-content__section-text tui-activity-component-content__section-text--highlights\" data-test-id=\"tui-activity-component-highlight-item\" data-v-2f909ceb=\"\">Besuchen Sie die Gesch\u00e4fte in der lebhaften Main Street, dem Gesch\u00e4ftszentrum von Gibraltar.<\/li>\n<li class=\"tui-activity-component-content__section-text tui-activity-component-content__section-text--highlights\" data-test-id=\"tui-activity-component-highlight-item\" data-v-2f909ceb=\"\">Fachkundiger \u00f6rtlicher F\u00fchrer mit un\u00fcbertroffenen Kenntnissen \u00fcber Gibraltar.<\/li>\n<\/ul>\n<\/div>\n","protected":false},"featured_media":699,"template":"","meta":{"_acf_changed":false},"product_brand":[],"product_cat":[33],"product_tag":[41],"class_list":{"0":"post-696","1":"product","2":"type-product","3":"status-publish","4":"has-post-thumbnail","6":"product_cat-ausfluege","7":"product_tag-hotel-de","9":"first","10":"instock","11":"virtual","12":"sold-individually","13":"taxable","14":"purchasable","15":"product-type-turitop"},"acf":[],"yoast_head":"<!-- This site is optimized with the Yoast SEO plugin v27.4 - https:\/\/yoast.com\/product\/yoast-seo-wordpress\/ -->\n<title>Gibraltar und Delfine | Excursiones por el Sur<\/title>\n<meta name=\"description\" content=\"Explora cada rinc&oacute;n de Andaluc&iacute;a y vive experiencias inolvidables.\" \/>\n<meta name=\"robots\" content=\"index, follow, max-snippet:-1, max-image-preview:large, max-video-preview:-1\" \/>\n<link rel=\"canonical\" href=\"https:\/\/excursionesporelsur.com\/de\/produkt\/gibraltar-und-delfine\/\" \/>\n<meta property=\"og:locale\" content=\"de_DE\" \/>\n<meta property=\"og:type\" content=\"article\" \/>\n<meta property=\"og:title\" content=\"Gibraltar und Delfine | Excursiones por el Sur\" \/>\n<meta property=\"og:description\" content=\"Explora cada rinc&oacute;n de Andaluc&iacute;a y vive experiencias inolvidables.\" \/>\n<meta property=\"og:url\" content=\"https:\/\/excursionesporelsur.com\/de\/produkt\/gibraltar-und-delfine\/\" \/>\n<meta property=\"og:site_name\" content=\"Excursiones por el Sur\" \/>\n<meta property=\"article:publisher\" content=\"https:\/\/www.facebook.com\/profile.php?id=100081151666764\" \/>\n<meta property=\"article:modified_time\" content=\"2025-02-24T16:47:23+00:00\" \/>\n<meta property=\"og:image\" content=\"https:\/\/excursionesporelsur.com\/wp-content\/uploads\/2024\/06\/delfines-de-gibraltar-en-barco-y-recorrido-historico-a-pie.jpg\" \/>\n\t<meta property=\"og:image:width\" content=\"2560\" \/>\n\t<meta property=\"og:image:height\" content=\"1706\" \/>\n\t<meta property=\"og:image:type\" content=\"image\/jpeg\" \/>\n<meta name=\"twitter:card\" content=\"summary_large_image\" \/>\n<meta name=\"twitter:label1\" content=\"Gesch\u00e4tzte Lesezeit\" \/>\n\t<meta name=\"twitter:data1\" content=\"2\u00a0Minuten\" \/>\n<script type=\"application\/ld+json\" class=\"yoast-schema-graph\">{\"@context\":\"https:\\\/\\\/schema.org\",\"@graph\":[{\"@type\":\"WebPage\",\"@id\":\"https:\\\/\\\/excursionesporelsur.com\\\/de\\\/produkt\\\/gibraltar-und-delfine\\\/\",\"url\":\"https:\\\/\\\/excursionesporelsur.com\\\/de\\\/produkt\\\/gibraltar-und-delfine\\\/\",\"name\":\"Gibraltar und Delfine | Excursiones por el Sur\",\"isPartOf\":{\"@id\":\"https:\\\/\\\/excursionesporelsur.com\\\/de\\\/#website\"},\"primaryImageOfPage\":{\"@id\":\"https:\\\/\\\/excursionesporelsur.com\\\/de\\\/produkt\\\/gibraltar-und-delfine\\\/#primaryimage\"},\"image\":{\"@id\":\"https:\\\/\\\/excursionesporelsur.com\\\/de\\\/produkt\\\/gibraltar-und-delfine\\\/#primaryimage\"},\"thumbnailUrl\":\"https:\\\/\\\/excursionesporelsur.com\\\/wp-content\\\/uploads\\\/2024\\\/06\\\/delfines-de-gibraltar-en-barco-y-recorrido-historico-a-pie.jpg\",\"datePublished\":\"2024-06-20T07:08:12+00:00\",\"dateModified\":\"2025-02-24T16:47:23+00:00\",\"description\":\"Explora cada rinc&oacute;n de Andaluc&iacute;a y vive experiencias inolvidables.\",\"breadcrumb\":{\"@id\":\"https:\\\/\\\/excursionesporelsur.com\\\/de\\\/produkt\\\/gibraltar-und-delfine\\\/#breadcrumb\"},\"inLanguage\":\"de\",\"potentialAction\":[{\"@type\":\"ReadAction\",\"target\":[\"https:\\\/\\\/excursionesporelsur.com\\\/de\\\/produkt\\\/gibraltar-und-delfine\\\/\"]}]},{\"@type\":\"ImageObject\",\"inLanguage\":\"de\",\"@id\":\"https:\\\/\\\/excursionesporelsur.com\\\/de\\\/produkt\\\/gibraltar-und-delfine\\\/#primaryimage\",\"url\":\"https:\\\/\\\/excursionesporelsur.com\\\/wp-content\\\/uploads\\\/2024\\\/06\\\/delfines-de-gibraltar-en-barco-y-recorrido-historico-a-pie.jpg\",\"contentUrl\":\"https:\\\/\\\/excursionesporelsur.com\\\/wp-content\\\/uploads\\\/2024\\\/06\\\/delfines-de-gibraltar-en-barco-y-recorrido-historico-a-pie.jpg\",\"width\":2560,\"height\":1706},{\"@type\":\"BreadcrumbList\",\"@id\":\"https:\\\/\\\/excursionesporelsur.com\\\/de\\\/produkt\\\/gibraltar-und-delfine\\\/#breadcrumb\",\"itemListElement\":[{\"@type\":\"ListItem\",\"position\":1,\"name\":\"Portada\",\"item\":\"https:\\\/\\\/excursionesporelsur.com\\\/de\\\/\"},{\"@type\":\"ListItem\",\"position\":2,\"name\":\"Online Reservierung\",\"item\":\"https:\\\/\\\/excursionesporelsur.com\\\/de\\\/online-reservierung\\\/\"},{\"@type\":\"ListItem\",\"position\":3,\"name\":\"Gibraltar und Delfine\"}]},{\"@type\":\"WebSite\",\"@id\":\"https:\\\/\\\/excursionesporelsur.com\\\/de\\\/#website\",\"url\":\"https:\\\/\\\/excursionesporelsur.com\\\/de\\\/\",\"name\":\"Excursiones por el Sur\",\"description\":\"Explora cada rinc&oacute;n de Andaluc&iacute;a y vive experiencias inolvidables.\",\"publisher\":{\"@id\":\"https:\\\/\\\/excursionesporelsur.com\\\/de\\\/#organization\"},\"potentialAction\":[{\"@type\":\"SearchAction\",\"target\":{\"@type\":\"EntryPoint\",\"urlTemplate\":\"https:\\\/\\\/excursionesporelsur.com\\\/de\\\/?s={search_term_string}\"},\"query-input\":{\"@type\":\"PropertyValueSpecification\",\"valueRequired\":true,\"valueName\":\"search_term_string\"}}],\"inLanguage\":\"de\"},{\"@type\":\"Organization\",\"@id\":\"https:\\\/\\\/excursionesporelsur.com\\\/de\\\/#organization\",\"name\":\"Excursiones por el Sur\",\"url\":\"https:\\\/\\\/excursionesporelsur.com\\\/de\\\/\",\"logo\":{\"@type\":\"ImageObject\",\"inLanguage\":\"de\",\"@id\":\"https:\\\/\\\/excursionesporelsur.com\\\/de\\\/#\\\/schema\\\/logo\\\/image\\\/\",\"url\":\"https:\\\/\\\/excursionesporelsur.com\\\/wp-content\\\/uploads\\\/2024\\\/02\\\/logo-excursiones-por-el-sur.png\",\"contentUrl\":\"https:\\\/\\\/excursionesporelsur.com\\\/wp-content\\\/uploads\\\/2024\\\/02\\\/logo-excursiones-por-el-sur.png\",\"width\":306,\"height\":120,\"caption\":\"Excursiones por el Sur\"},\"image\":{\"@id\":\"https:\\\/\\\/excursionesporelsur.com\\\/de\\\/#\\\/schema\\\/logo\\\/image\\\/\"},\"sameAs\":[\"https:\\\/\\\/www.facebook.com\\\/profile.php?id=100081151666764\",\"https:\\\/\\\/instagram.com\\\/excursionesporelsur\"]}]}<\/script>\n<!-- \/ Yoast SEO plugin. -->","yoast_head_json":{"title":"Gibraltar und Delfine | Excursiones por el Sur","description":"Explora cada rinc&oacute;n de Andaluc&iacute;a y vive experiencias inolvidables.","robots":{"index":"index","follow":"follow","max-snippet":"max-snippet:-1","max-image-preview":"max-image-preview:large","max-video-preview":"max-video-preview:-1"},"canonical":"https:\/\/excursionesporelsur.com\/de\/produkt\/gibraltar-und-delfine\/","og_locale":"de_DE","og_type":"article","og_title":"Gibraltar und Delfine | Excursiones por el Sur","og_description":"Explora cada rinc&oacute;n de Andaluc&iacute;a y vive experiencias inolvidables.","og_url":"https:\/\/excursionesporelsur.com\/de\/produkt\/gibraltar-und-delfine\/","og_site_name":"Excursiones por el Sur","article_publisher":"https:\/\/www.facebook.com\/profile.php?id=100081151666764","article_modified_time":"2025-02-24T16:47:23+00:00","og_image":[{"width":2560,"height":1706,"url":"https:\/\/excursionesporelsur.com\/wp-content\/uploads\/2024\/06\/delfines-de-gibraltar-en-barco-y-recorrido-historico-a-pie.jpg","type":"image\/jpeg"}],"twitter_card":"summary_large_image","twitter_misc":{"Gesch\u00e4tzte Lesezeit":"2\u00a0Minuten"},"schema":{"@context":"https:\/\/schema.org","@graph":[{"@type":"WebPage","@id":"https:\/\/excursionesporelsur.com\/de\/produkt\/gibraltar-und-delfine\/","url":"https:\/\/excursionesporelsur.com\/de\/produkt\/gibraltar-und-delfine\/","name":"Gibraltar und Delfine | Excursiones por el Sur","isPartOf":{"@id":"https:\/\/excursionesporelsur.com\/de\/#website"},"primaryImageOfPage":{"@id":"https:\/\/excursionesporelsur.com\/de\/produkt\/gibraltar-und-delfine\/#primaryimage"},"image":{"@id":"https:\/\/excursionesporelsur.com\/de\/produkt\/gibraltar-und-delfine\/#primaryimage"},"thumbnailUrl":"https:\/\/excursionesporelsur.com\/wp-content\/uploads\/2024\/06\/delfines-de-gibraltar-en-barco-y-recorrido-historico-a-pie.jpg","datePublished":"2024-06-20T07:08:12+00:00","dateModified":"2025-02-24T16:47:23+00:00","description":"Explora cada rinc&oacute;n de Andaluc&iacute;a y vive experiencias inolvidables.","breadcrumb":{"@id":"https:\/\/excursionesporelsur.com\/de\/produkt\/gibraltar-und-delfine\/#breadcrumb"},"inLanguage":"de","potentialAction":[{"@type":"ReadAction","target":["https:\/\/excursionesporelsur.com\/de\/produkt\/gibraltar-und-delfine\/"]}]},{"@type":"ImageObject","inLanguage":"de","@id":"https:\/\/excursionesporelsur.com\/de\/produkt\/gibraltar-und-delfine\/#primaryimage","url":"https:\/\/excursionesporelsur.com\/wp-content\/uploads\/2024\/06\/delfines-de-gibraltar-en-barco-y-recorrido-historico-a-pie.jpg","contentUrl":"https:\/\/excursionesporelsur.com\/wp-content\/uploads\/2024\/06\/delfines-de-gibraltar-en-barco-y-recorrido-historico-a-pie.jpg","width":2560,"height":1706},{"@type":"BreadcrumbList","@id":"https:\/\/excursionesporelsur.com\/de\/produkt\/gibraltar-und-delfine\/#breadcrumb","itemListElement":[{"@type":"ListItem","position":1,"name":"Portada","item":"https:\/\/excursionesporelsur.com\/de\/"},{"@type":"ListItem","position":2,"name":"Online Reservierung","item":"https:\/\/excursionesporelsur.com\/de\/online-reservierung\/"},{"@type":"ListItem","position":3,"name":"Gibraltar und Delfine"}]},{"@type":"WebSite","@id":"https:\/\/excursionesporelsur.com\/de\/#website","url":"https:\/\/excursionesporelsur.com\/de\/","name":"Excursiones por el Sur","description":"Explora cada rinc&oacute;n de Andaluc&iacute;a y vive experiencias inolvidables.","publisher":{"@id":"https:\/\/excursionesporelsur.com\/de\/#organization"},"potentialAction":[{"@type":"SearchAction","target":{"@type":"EntryPoint","urlTemplate":"https:\/\/excursionesporelsur.com\/de\/?s={search_term_string}"},"query-input":{"@type":"PropertyValueSpecification","valueRequired":true,"valueName":"search_term_string"}}],"inLanguage":"de"},{"@type":"Organization","@id":"https:\/\/excursionesporelsur.com\/de\/#organization","name":"Excursiones por el Sur","url":"https:\/\/excursionesporelsur.com\/de\/","logo":{"@type":"ImageObject","inLanguage":"de","@id":"https:\/\/excursionesporelsur.com\/de\/#\/schema\/logo\/image\/","url":"https:\/\/excursionesporelsur.com\/wp-content\/uploads\/2024\/02\/logo-excursiones-por-el-sur.png","contentUrl":"https:\/\/excursionesporelsur.com\/wp-content\/uploads\/2024\/02\/logo-excursiones-por-el-sur.png","width":306,"height":120,"caption":"Excursiones por el Sur"},"image":{"@id":"https:\/\/excursionesporelsur.com\/de\/#\/schema\/logo\/image\/"},"sameAs":["https:\/\/www.facebook.com\/profile.php?id=100081151666764","https:\/\/instagram.com\/excursionesporelsur"]}]}},"_links":{"self":[{"href":"https:\/\/excursionesporelsur.com\/de\/wp-json\/wp\/v2\/product\/696","targetHints":{"allow":["GET"]}}],"collection":[{"href":"https:\/\/excursionesporelsur.com\/de\/wp-json\/wp\/v2\/product"}],"about":[{"href":"https:\/\/excursionesporelsur.com\/de\/wp-json\/wp\/v2\/types\/product"}],"wp:featuredmedia":[{"embeddable":true,"href":"https:\/\/excursionesporelsur.com\/de\/wp-json\/wp\/v2\/media\/699"}],"wp:attachment":[{"href":"https:\/\/excursionesporelsur.com\/de\/wp-json\/wp\/v2\/media?parent=696"}],"wp:term":[{"taxonomy":"product_brand","embeddable":true,"href":"https:\/\/excursionesporelsur.com\/de\/wp-json\/wp\/v2\/product_brand?post=696"},{"taxonomy":"product_cat","embeddable":true,"href":"https:\/\/excursionesporelsur.com\/de\/wp-json\/wp\/v2\/product_cat?post=696"},{"taxonomy":"product_tag","embeddable":true,"href":"https:\/\/excursionesporelsur.com\/de\/wp-json\/wp\/v2\/product_tag?post=696"}],"curies":[{"name":"wp","href":"https:\/\/api.w.org\/{rel}","templated":true}]}}