{"id":666,"date":"2024-06-20T08:23:37","date_gmt":"2024-06-20T06:23:37","guid":{"rendered":"https:\/\/excursionesporelsur.com\/?post_type=product&#038;p=666"},"modified":"2025-02-26T13:31:38","modified_gmt":"2025-02-26T12:31:38","slug":"a-campo-abierto-und-medina-sidonia","status":"publish","type":"product","link":"https:\/\/excursionesporelsur.com\/de\/produkt\/a-campo-abierto-und-medina-sidonia\/","title":{"rendered":"A Campo Abierto und Medina Sidonia"},"content":{"rendered":"<p>Wir fahren durch die Weiden des Kampfstieres, Alburejos oder Torrestrella und erreichen die Finca \u201c El Carrascal\u201d; A Campo Abierto, wo wir die Show genie\u00dfen und etwas \u00fcber die Arbeit der andalusischen Landwirtschaft mit Pferden und Rindern erfahren k\u00f6nnen. Als n\u00e4chstes fahren wir nach Medina Sidonia zur Puerta del Sol. Um nach einem leichten Anstieg einen der h\u00f6chsten und strategischen Punkte mit arch\u00e4ologischen \u00dcberresten zu erreichen, von dem aus wir die Stierfarm Cebada Gago, den Gipfel des ASIDO CAESARINA und das Tal der M\u00fchlen beobachten k\u00f6nnen. Wir gehen steile Gassen hinunter und durchqueren Hufeisenb\u00f6gen und Mauern aus muslimischer Zeit, SIUNA (Sidonia).<\/p>\n<p>Zum Abschluss besuchen wir den Obrador (B\u00e4ckerei) mit seinen Aromen von Medina und werden so lokale S\u00fc\u00dfigkeiten mit Rezepten aus Arabischem Geb\u00e4ck genie\u00dfen.<\/p>\n<h2>Route<\/h2>\n<p>08:30 Novo &#8211; Conil 09:30<br \/>\n10:30 A campo abierto 12:30<br \/>\n13:00 Puerta del sol, Medina<br \/>\n13:10 Stadtf\u00fchrung<br \/>\n13:30 Freizeit<br \/>\n14:30 Stadtf\u00fchrung + B\u00e4cker 15:30<br \/>\n16:30 R\u00fcckkehr Novo und Conil 17:30<\/p>\n","protected":false},"excerpt":{"rendered":"<ul>\n<li>Stiere von Torrestrella und Pferde von Alvaro Domecq<\/li>\n<li>Medina Sidonia und B\u00e4ckerei<\/li>\n<\/ul>\n","protected":false},"featured_media":3858,"template":"","meta":{"_acf_changed":false},"product_brand":[],"product_cat":[33],"product_tag":[47,41],"class_list":{"0":"post-666","1":"product","2":"type-product","3":"status-publish","4":"has-post-thumbnail","6":"product_cat-ausfluege","7":"product_tag-cai-de","8":"product_tag-hotel-de","10":"first","11":"instock","12":"virtual","13":"sold-individually","14":"taxable","15":"purchasable","16":"product-type-turitop"},"acf":[],"yoast_head":"<!-- This site is optimized with the Yoast SEO plugin v27.4 - https:\/\/yoast.com\/product\/yoast-seo-wordpress\/ -->\n<title>A Campo Abierto und Medina Sidonia | Excursiones por el Sur<\/title>\n<meta name=\"description\" content=\"Explora cada rinc&oacute;n de Andaluc&iacute;a y vive experiencias inolvidables.\" \/>\n<meta name=\"robots\" content=\"index, follow, max-snippet:-1, max-image-preview:large, max-video-preview:-1\" \/>\n<link rel=\"canonical\" href=\"https:\/\/excursionesporelsur.com\/de\/produkt\/a-campo-abierto-und-medina-sidonia\/\" \/>\n<meta property=\"og:locale\" content=\"de_DE\" \/>\n<meta property=\"og:type\" content=\"article\" \/>\n<meta property=\"og:title\" content=\"A Campo Abierto und Medina Sidonia | Excursiones por el Sur\" \/>\n<meta property=\"og:description\" content=\"Explora cada rinc&oacute;n de Andaluc&iacute;a y vive experiencias inolvidables.\" \/>\n<meta property=\"og:url\" content=\"https:\/\/excursionesporelsur.com\/de\/produkt\/a-campo-abierto-und-medina-sidonia\/\" \/>\n<meta property=\"og:site_name\" content=\"Excursiones por el Sur\" \/>\n<meta property=\"article:publisher\" content=\"https:\/\/www.facebook.com\/profile.php?id=100081151666764\" \/>\n<meta property=\"article:modified_time\" content=\"2025-02-26T12:31:38+00:00\" \/>\n<meta property=\"og:image\" content=\"https:\/\/excursionesporelsur.com\/wp-content\/uploads\/2024\/06\/medina-sidonia-1024x683.jpg\" \/>\n\t<meta property=\"og:image:width\" content=\"1024\" \/>\n\t<meta property=\"og:image:height\" content=\"683\" \/>\n\t<meta property=\"og:image:type\" content=\"image\/jpeg\" \/>\n<meta name=\"twitter:card\" content=\"summary_large_image\" \/>\n<meta name=\"twitter:label1\" content=\"Gesch\u00e4tzte Lesezeit\" \/>\n\t<meta name=\"twitter:data1\" content=\"1\u00a0Minute\" \/>\n<script type=\"application\/ld+json\" class=\"yoast-schema-graph\">{\"@context\":\"https:\\\/\\\/schema.org\",\"@graph\":[{\"@type\":\"WebPage\",\"@id\":\"https:\\\/\\\/excursionesporelsur.com\\\/de\\\/produkt\\\/a-campo-abierto-und-medina-sidonia\\\/\",\"url\":\"https:\\\/\\\/excursionesporelsur.com\\\/de\\\/produkt\\\/a-campo-abierto-und-medina-sidonia\\\/\",\"name\":\"A Campo Abierto und Medina Sidonia | Excursiones por el Sur\",\"isPartOf\":{\"@id\":\"https:\\\/\\\/excursionesporelsur.com\\\/de\\\/#website\"},\"primaryImageOfPage\":{\"@id\":\"https:\\\/\\\/excursionesporelsur.com\\\/de\\\/produkt\\\/a-campo-abierto-und-medina-sidonia\\\/#primaryimage\"},\"image\":{\"@id\":\"https:\\\/\\\/excursionesporelsur.com\\\/de\\\/produkt\\\/a-campo-abierto-und-medina-sidonia\\\/#primaryimage\"},\"thumbnailUrl\":\"https:\\\/\\\/excursionesporelsur.com\\\/wp-content\\\/uploads\\\/2024\\\/06\\\/medina-sidonia.jpg\",\"datePublished\":\"2024-06-20T06:23:37+00:00\",\"dateModified\":\"2025-02-26T12:31:38+00:00\",\"description\":\"Explora cada rinc&oacute;n de Andaluc&iacute;a y vive experiencias inolvidables.\",\"breadcrumb\":{\"@id\":\"https:\\\/\\\/excursionesporelsur.com\\\/de\\\/produkt\\\/a-campo-abierto-und-medina-sidonia\\\/#breadcrumb\"},\"inLanguage\":\"de\",\"potentialAction\":[{\"@type\":\"ReadAction\",\"target\":[\"https:\\\/\\\/excursionesporelsur.com\\\/de\\\/produkt\\\/a-campo-abierto-und-medina-sidonia\\\/\"]}]},{\"@type\":\"ImageObject\",\"inLanguage\":\"de\",\"@id\":\"https:\\\/\\\/excursionesporelsur.com\\\/de\\\/produkt\\\/a-campo-abierto-und-medina-sidonia\\\/#primaryimage\",\"url\":\"https:\\\/\\\/excursionesporelsur.com\\\/wp-content\\\/uploads\\\/2024\\\/06\\\/medina-sidonia.jpg\",\"contentUrl\":\"https:\\\/\\\/excursionesporelsur.com\\\/wp-content\\\/uploads\\\/2024\\\/06\\\/medina-sidonia.jpg\",\"width\":2250,\"height\":1500},{\"@type\":\"BreadcrumbList\",\"@id\":\"https:\\\/\\\/excursionesporelsur.com\\\/de\\\/produkt\\\/a-campo-abierto-und-medina-sidonia\\\/#breadcrumb\",\"itemListElement\":[{\"@type\":\"ListItem\",\"position\":1,\"name\":\"Portada\",\"item\":\"https:\\\/\\\/excursionesporelsur.com\\\/de\\\/\"},{\"@type\":\"ListItem\",\"position\":2,\"name\":\"Online Reservierung\",\"item\":\"https:\\\/\\\/excursionesporelsur.com\\\/de\\\/online-reservierung\\\/\"},{\"@type\":\"ListItem\",\"position\":3,\"name\":\"A Campo Abierto und Medina Sidonia\"}]},{\"@type\":\"WebSite\",\"@id\":\"https:\\\/\\\/excursionesporelsur.com\\\/de\\\/#website\",\"url\":\"https:\\\/\\\/excursionesporelsur.com\\\/de\\\/\",\"name\":\"Excursiones por el Sur\",\"description\":\"Explora cada rinc&oacute;n de Andaluc&iacute;a y vive experiencias inolvidables.\",\"publisher\":{\"@id\":\"https:\\\/\\\/excursionesporelsur.com\\\/de\\\/#organization\"},\"potentialAction\":[{\"@type\":\"SearchAction\",\"target\":{\"@type\":\"EntryPoint\",\"urlTemplate\":\"https:\\\/\\\/excursionesporelsur.com\\\/de\\\/?s={search_term_string}\"},\"query-input\":{\"@type\":\"PropertyValueSpecification\",\"valueRequired\":true,\"valueName\":\"search_term_string\"}}],\"inLanguage\":\"de\"},{\"@type\":\"Organization\",\"@id\":\"https:\\\/\\\/excursionesporelsur.com\\\/de\\\/#organization\",\"name\":\"Excursiones por el Sur\",\"url\":\"https:\\\/\\\/excursionesporelsur.com\\\/de\\\/\",\"logo\":{\"@type\":\"ImageObject\",\"inLanguage\":\"de\",\"@id\":\"https:\\\/\\\/excursionesporelsur.com\\\/de\\\/#\\\/schema\\\/logo\\\/image\\\/\",\"url\":\"https:\\\/\\\/excursionesporelsur.com\\\/wp-content\\\/uploads\\\/2024\\\/02\\\/logo-excursiones-por-el-sur.png\",\"contentUrl\":\"https:\\\/\\\/excursionesporelsur.com\\\/wp-content\\\/uploads\\\/2024\\\/02\\\/logo-excursiones-por-el-sur.png\",\"width\":306,\"height\":120,\"caption\":\"Excursiones por el Sur\"},\"image\":{\"@id\":\"https:\\\/\\\/excursionesporelsur.com\\\/de\\\/#\\\/schema\\\/logo\\\/image\\\/\"},\"sameAs\":[\"https:\\\/\\\/www.facebook.com\\\/profile.php?id=100081151666764\",\"https:\\\/\\\/instagram.com\\\/excursionesporelsur\"]}]}<\/script>\n<!-- \/ Yoast SEO plugin. -->","yoast_head_json":{"title":"A Campo Abierto und Medina Sidonia | Excursiones por el Sur","description":"Explora cada rinc&oacute;n de Andaluc&iacute;a y vive experiencias inolvidables.","robots":{"index":"index","follow":"follow","max-snippet":"max-snippet:-1","max-image-preview":"max-image-preview:large","max-video-preview":"max-video-preview:-1"},"canonical":"https:\/\/excursionesporelsur.com\/de\/produkt\/a-campo-abierto-und-medina-sidonia\/","og_locale":"de_DE","og_type":"article","og_title":"A Campo Abierto und Medina Sidonia | Excursiones por el Sur","og_description":"Explora cada rinc&oacute;n de Andaluc&iacute;a y vive experiencias inolvidables.","og_url":"https:\/\/excursionesporelsur.com\/de\/produkt\/a-campo-abierto-und-medina-sidonia\/","og_site_name":"Excursiones por el Sur","article_publisher":"https:\/\/www.facebook.com\/profile.php?id=100081151666764","article_modified_time":"2025-02-26T12:31:38+00:00","og_image":[{"width":1024,"height":683,"url":"https:\/\/excursionesporelsur.com\/wp-content\/uploads\/2024\/06\/medina-sidonia-1024x683.jpg","type":"image\/jpeg"}],"twitter_card":"summary_large_image","twitter_misc":{"Gesch\u00e4tzte Lesezeit":"1\u00a0Minute"},"schema":{"@context":"https:\/\/schema.org","@graph":[{"@type":"WebPage","@id":"https:\/\/excursionesporelsur.com\/de\/produkt\/a-campo-abierto-und-medina-sidonia\/","url":"https:\/\/excursionesporelsur.com\/de\/produkt\/a-campo-abierto-und-medina-sidonia\/","name":"A Campo Abierto und Medina Sidonia | Excursiones por el Sur","isPartOf":{"@id":"https:\/\/excursionesporelsur.com\/de\/#website"},"primaryImageOfPage":{"@id":"https:\/\/excursionesporelsur.com\/de\/produkt\/a-campo-abierto-und-medina-sidonia\/#primaryimage"},"image":{"@id":"https:\/\/excursionesporelsur.com\/de\/produkt\/a-campo-abierto-und-medina-sidonia\/#primaryimage"},"thumbnailUrl":"https:\/\/excursionesporelsur.com\/wp-content\/uploads\/2024\/06\/medina-sidonia.jpg","datePublished":"2024-06-20T06:23:37+00:00","dateModified":"2025-02-26T12:31:38+00:00","description":"Explora cada rinc&oacute;n de Andaluc&iacute;a y vive experiencias inolvidables.","breadcrumb":{"@id":"https:\/\/excursionesporelsur.com\/de\/produkt\/a-campo-abierto-und-medina-sidonia\/#breadcrumb"},"inLanguage":"de","potentialAction":[{"@type":"ReadAction","target":["https:\/\/excursionesporelsur.com\/de\/produkt\/a-campo-abierto-und-medina-sidonia\/"]}]},{"@type":"ImageObject","inLanguage":"de","@id":"https:\/\/excursionesporelsur.com\/de\/produkt\/a-campo-abierto-und-medina-sidonia\/#primaryimage","url":"https:\/\/excursionesporelsur.com\/wp-content\/uploads\/2024\/06\/medina-sidonia.jpg","contentUrl":"https:\/\/excursionesporelsur.com\/wp-content\/uploads\/2024\/06\/medina-sidonia.jpg","width":2250,"height":1500},{"@type":"BreadcrumbList","@id":"https:\/\/excursionesporelsur.com\/de\/produkt\/a-campo-abierto-und-medina-sidonia\/#breadcrumb","itemListElement":[{"@type":"ListItem","position":1,"name":"Portada","item":"https:\/\/excursionesporelsur.com\/de\/"},{"@type":"ListItem","position":2,"name":"Online Reservierung","item":"https:\/\/excursionesporelsur.com\/de\/online-reservierung\/"},{"@type":"ListItem","position":3,"name":"A Campo Abierto und Medina Sidonia"}]},{"@type":"WebSite","@id":"https:\/\/excursionesporelsur.com\/de\/#website","url":"https:\/\/excursionesporelsur.com\/de\/","name":"Excursiones por el Sur","description":"Explora cada rinc&oacute;n de Andaluc&iacute;a y vive experiencias inolvidables.","publisher":{"@id":"https:\/\/excursionesporelsur.com\/de\/#organization"},"potentialAction":[{"@type":"SearchAction","target":{"@type":"EntryPoint","urlTemplate":"https:\/\/excursionesporelsur.com\/de\/?s={search_term_string}"},"query-input":{"@type":"PropertyValueSpecification","valueRequired":true,"valueName":"search_term_string"}}],"inLanguage":"de"},{"@type":"Organization","@id":"https:\/\/excursionesporelsur.com\/de\/#organization","name":"Excursiones por el Sur","url":"https:\/\/excursionesporelsur.com\/de\/","logo":{"@type":"ImageObject","inLanguage":"de","@id":"https:\/\/excursionesporelsur.com\/de\/#\/schema\/logo\/image\/","url":"https:\/\/excursionesporelsur.com\/wp-content\/uploads\/2024\/02\/logo-excursiones-por-el-sur.png","contentUrl":"https:\/\/excursionesporelsur.com\/wp-content\/uploads\/2024\/02\/logo-excursiones-por-el-sur.png","width":306,"height":120,"caption":"Excursiones por el Sur"},"image":{"@id":"https:\/\/excursionesporelsur.com\/de\/#\/schema\/logo\/image\/"},"sameAs":["https:\/\/www.facebook.com\/profile.php?id=100081151666764","https:\/\/instagram.com\/excursionesporelsur"]}]}},"_links":{"self":[{"href":"https:\/\/excursionesporelsur.com\/de\/wp-json\/wp\/v2\/product\/666","targetHints":{"allow":["GET"]}}],"collection":[{"href":"https:\/\/excursionesporelsur.com\/de\/wp-json\/wp\/v2\/product"}],"about":[{"href":"https:\/\/excursionesporelsur.com\/de\/wp-json\/wp\/v2\/types\/product"}],"wp:featuredmedia":[{"embeddable":true,"href":"https:\/\/excursionesporelsur.com\/de\/wp-json\/wp\/v2\/media\/3858"}],"wp:attachment":[{"href":"https:\/\/excursionesporelsur.com\/de\/wp-json\/wp\/v2\/media?parent=666"}],"wp:term":[{"taxonomy":"product_brand","embeddable":true,"href":"https:\/\/excursionesporelsur.com\/de\/wp-json\/wp\/v2\/product_brand?post=666"},{"taxonomy":"product_cat","embeddable":true,"href":"https:\/\/excursionesporelsur.com\/de\/wp-json\/wp\/v2\/product_cat?post=666"},{"taxonomy":"product_tag","embeddable":true,"href":"https:\/\/excursionesporelsur.com\/de\/wp-json\/wp\/v2\/product_tag?post=666"}],"curies":[{"name":"wp","href":"https:\/\/api.w.org\/{rel}","templated":true}]}}