{"id":624,"date":"2024-06-20T07:39:50","date_gmt":"2024-06-20T05:39:50","guid":{"rendered":"https:\/\/excursionesporelsur.com\/producto\/stadtbesichtigung-von-jerez-und-sherry-verkostung\/"},"modified":"2025-02-24T19:54:05","modified_gmt":"2025-02-24T18:54:05","slug":"jerez-sherry-und-shopping","status":"publish","type":"product","link":"https:\/\/excursionesporelsur.com\/de\/produkt\/jerez-sherry-und-shopping\/","title":{"rendered":"Jerez &#8211; Sherry und Shopping"},"content":{"rendered":"<p>Wiege des Sherry, Hauptstadt des Reitsports und Geburtsort des Flamenco: Jerez de la Frontera ist Andalusien in Perfektion. Und auf diesem Ganztagesausflug von der Costa de la Luz aus k\u00f6nnen Sie die Kultur und Geschichte der Stadt in Ihrem eigenen Tempo entdecken, mit einer Sherry-Verkostung als Zugabe.<\/p>\n<p>Wir beginnen unseren Erkundungstag mit einer Fahrt entlang der Costa de la Luz zu einer andalusischen Stadt, wie sie im Buche steht. Nach der Ankunft haben Sie den ganzen Tag Zeit, um die Sehensw\u00fcrdigkeiten zu besichtigen: Schauen Sie sich die m\u00e4chtige Festung und die honigfarbene Kathedrale an und schlendern Sie durch die historischen Gassen und besuchen Sie Restaurants nach Belieben.<\/p>\n<div class=\"src-components-showMore-2dg6 src-components-text-3f3o\">\n<p>Am sp\u00e4ten Nachmittag runden wir den Tag mit einer Besichtigung und Verkostung in der ber\u00fchmten Bodega Gonz\u00e1lez Byass ab, der Heimat des Sherrys T\u00edo Pepe. Hier erfahren Sie, wie der Sherry hergestellt wird, und wir lassen den Tag mit einer s\u00fc\u00dfen Note ausklingen, bevor Sie zu Ihrem Hotel zur\u00fcckkehren.<\/p>\n<\/div>\n","protected":false},"excerpt":{"rendered":"<ul class=\"tui-activity-component-content__highlights\" data-v-2f909ceb=\"\">\n<li class=\"tui-activity-component-content__section-text tui-activity-component-content__section-text--highlights\" data-test-id=\"tui-activity-component-highlight-item\" data-v-2f909ceb=\"\">Ausflugsfahrt nach Jerez de la Frontera<\/li>\n<li class=\"tui-activity-component-content__section-text tui-activity-component-content__section-text--highlights\" data-test-id=\"tui-activity-component-highlight-item\" data-v-2f909ceb=\"\">Freie Zeit f\u00fcr Besichtigungen.<\/li>\n<li class=\"tui-activity-component-content__section-text tui-activity-component-content__section-text--highlights\" data-test-id=\"tui-activity-component-highlight-item\" data-v-2f909ceb=\"\">Besuch und Sherry-Verkostung in der Weinkellerei Gonz\u00e1lez Byass<\/li>\n<\/ul>\n","protected":false},"featured_media":607,"template":"","meta":{"_acf_changed":false},"product_brand":[],"product_cat":[33],"product_tag":[41],"class_list":{"0":"post-624","1":"product","2":"type-product","3":"status-publish","4":"has-post-thumbnail","6":"product_cat-ausfluege","7":"product_tag-hotel-de","9":"first","10":"instock","11":"virtual","12":"sold-individually","13":"taxable","14":"purchasable","15":"product-type-turitop"},"acf":[],"yoast_head":"<!-- This site is optimized with the Yoast SEO plugin v27.4 - https:\/\/yoast.com\/product\/yoast-seo-wordpress\/ -->\n<title>Jerez - Sherry und Shopping | Excursiones por el Sur<\/title>\n<meta name=\"description\" content=\"Explora cada rinc&oacute;n de Andaluc&iacute;a y vive experiencias inolvidables.\" \/>\n<meta name=\"robots\" content=\"index, follow, max-snippet:-1, max-image-preview:large, max-video-preview:-1\" \/>\n<link rel=\"canonical\" href=\"https:\/\/excursionesporelsur.com\/de\/produkt\/jerez-sherry-und-shopping\/\" \/>\n<meta property=\"og:locale\" content=\"de_DE\" \/>\n<meta property=\"og:type\" content=\"article\" \/>\n<meta property=\"og:title\" content=\"Jerez - Sherry und Shopping | Excursiones por el Sur\" \/>\n<meta property=\"og:description\" content=\"Explora cada rinc&oacute;n de Andaluc&iacute;a y vive experiencias inolvidables.\" \/>\n<meta property=\"og:url\" content=\"https:\/\/excursionesporelsur.com\/de\/produkt\/jerez-sherry-und-shopping\/\" \/>\n<meta property=\"og:site_name\" content=\"Excursiones por el Sur\" \/>\n<meta property=\"article:publisher\" content=\"https:\/\/www.facebook.com\/profile.php?id=100081151666764\" \/>\n<meta property=\"article:modified_time\" content=\"2025-02-24T18:54:05+00:00\" \/>\n<meta property=\"og:image\" content=\"https:\/\/excursionesporelsur.com\/wp-content\/uploads\/2024\/06\/tour-turistico-por-jerez-y-degustacion-de-jerez.jpeg\" \/>\n\t<meta property=\"og:image:width\" content=\"2560\" \/>\n\t<meta property=\"og:image:height\" content=\"1720\" \/>\n\t<meta property=\"og:image:type\" content=\"image\/jpeg\" \/>\n<meta name=\"twitter:card\" content=\"summary_large_image\" \/>\n<meta name=\"twitter:label1\" content=\"Gesch\u00e4tzte Lesezeit\" \/>\n\t<meta name=\"twitter:data1\" content=\"1\u00a0Minute\" \/>\n<script type=\"application\/ld+json\" class=\"yoast-schema-graph\">{\"@context\":\"https:\\\/\\\/schema.org\",\"@graph\":[{\"@type\":\"WebPage\",\"@id\":\"https:\\\/\\\/excursionesporelsur.com\\\/de\\\/produkt\\\/jerez-sherry-und-shopping\\\/\",\"url\":\"https:\\\/\\\/excursionesporelsur.com\\\/de\\\/produkt\\\/jerez-sherry-und-shopping\\\/\",\"name\":\"Jerez - Sherry und Shopping | Excursiones por el Sur\",\"isPartOf\":{\"@id\":\"https:\\\/\\\/excursionesporelsur.com\\\/de\\\/#website\"},\"primaryImageOfPage\":{\"@id\":\"https:\\\/\\\/excursionesporelsur.com\\\/de\\\/produkt\\\/jerez-sherry-und-shopping\\\/#primaryimage\"},\"image\":{\"@id\":\"https:\\\/\\\/excursionesporelsur.com\\\/de\\\/produkt\\\/jerez-sherry-und-shopping\\\/#primaryimage\"},\"thumbnailUrl\":\"https:\\\/\\\/excursionesporelsur.com\\\/wp-content\\\/uploads\\\/2024\\\/06\\\/tour-turistico-por-jerez-y-degustacion-de-jerez.jpeg\",\"datePublished\":\"2024-06-20T05:39:50+00:00\",\"dateModified\":\"2025-02-24T18:54:05+00:00\",\"description\":\"Explora cada rinc&oacute;n de Andaluc&iacute;a y vive experiencias inolvidables.\",\"breadcrumb\":{\"@id\":\"https:\\\/\\\/excursionesporelsur.com\\\/de\\\/produkt\\\/jerez-sherry-und-shopping\\\/#breadcrumb\"},\"inLanguage\":\"de\",\"potentialAction\":[{\"@type\":\"ReadAction\",\"target\":[\"https:\\\/\\\/excursionesporelsur.com\\\/de\\\/produkt\\\/jerez-sherry-und-shopping\\\/\"]}]},{\"@type\":\"ImageObject\",\"inLanguage\":\"de\",\"@id\":\"https:\\\/\\\/excursionesporelsur.com\\\/de\\\/produkt\\\/jerez-sherry-und-shopping\\\/#primaryimage\",\"url\":\"https:\\\/\\\/excursionesporelsur.com\\\/wp-content\\\/uploads\\\/2024\\\/06\\\/tour-turistico-por-jerez-y-degustacion-de-jerez.jpeg\",\"contentUrl\":\"https:\\\/\\\/excursionesporelsur.com\\\/wp-content\\\/uploads\\\/2024\\\/06\\\/tour-turistico-por-jerez-y-degustacion-de-jerez.jpeg\",\"width\":2560,\"height\":1720},{\"@type\":\"BreadcrumbList\",\"@id\":\"https:\\\/\\\/excursionesporelsur.com\\\/de\\\/produkt\\\/jerez-sherry-und-shopping\\\/#breadcrumb\",\"itemListElement\":[{\"@type\":\"ListItem\",\"position\":1,\"name\":\"Portada\",\"item\":\"https:\\\/\\\/excursionesporelsur.com\\\/de\\\/\"},{\"@type\":\"ListItem\",\"position\":2,\"name\":\"Online Reservierung\",\"item\":\"https:\\\/\\\/excursionesporelsur.com\\\/de\\\/online-reservierung\\\/\"},{\"@type\":\"ListItem\",\"position\":3,\"name\":\"Jerez &#8211; Sherry und Shopping\"}]},{\"@type\":\"WebSite\",\"@id\":\"https:\\\/\\\/excursionesporelsur.com\\\/de\\\/#website\",\"url\":\"https:\\\/\\\/excursionesporelsur.com\\\/de\\\/\",\"name\":\"Excursiones por el Sur\",\"description\":\"Explora cada rinc&oacute;n de Andaluc&iacute;a y vive experiencias inolvidables.\",\"publisher\":{\"@id\":\"https:\\\/\\\/excursionesporelsur.com\\\/de\\\/#organization\"},\"potentialAction\":[{\"@type\":\"SearchAction\",\"target\":{\"@type\":\"EntryPoint\",\"urlTemplate\":\"https:\\\/\\\/excursionesporelsur.com\\\/de\\\/?s={search_term_string}\"},\"query-input\":{\"@type\":\"PropertyValueSpecification\",\"valueRequired\":true,\"valueName\":\"search_term_string\"}}],\"inLanguage\":\"de\"},{\"@type\":\"Organization\",\"@id\":\"https:\\\/\\\/excursionesporelsur.com\\\/de\\\/#organization\",\"name\":\"Excursiones por el Sur\",\"url\":\"https:\\\/\\\/excursionesporelsur.com\\\/de\\\/\",\"logo\":{\"@type\":\"ImageObject\",\"inLanguage\":\"de\",\"@id\":\"https:\\\/\\\/excursionesporelsur.com\\\/de\\\/#\\\/schema\\\/logo\\\/image\\\/\",\"url\":\"https:\\\/\\\/excursionesporelsur.com\\\/wp-content\\\/uploads\\\/2024\\\/02\\\/logo-excursiones-por-el-sur.png\",\"contentUrl\":\"https:\\\/\\\/excursionesporelsur.com\\\/wp-content\\\/uploads\\\/2024\\\/02\\\/logo-excursiones-por-el-sur.png\",\"width\":306,\"height\":120,\"caption\":\"Excursiones por el Sur\"},\"image\":{\"@id\":\"https:\\\/\\\/excursionesporelsur.com\\\/de\\\/#\\\/schema\\\/logo\\\/image\\\/\"},\"sameAs\":[\"https:\\\/\\\/www.facebook.com\\\/profile.php?id=100081151666764\",\"https:\\\/\\\/instagram.com\\\/excursionesporelsur\"]}]}<\/script>\n<!-- \/ Yoast SEO plugin. -->","yoast_head_json":{"title":"Jerez - Sherry und Shopping | Excursiones por el Sur","description":"Explora cada rinc&oacute;n de Andaluc&iacute;a y vive experiencias inolvidables.","robots":{"index":"index","follow":"follow","max-snippet":"max-snippet:-1","max-image-preview":"max-image-preview:large","max-video-preview":"max-video-preview:-1"},"canonical":"https:\/\/excursionesporelsur.com\/de\/produkt\/jerez-sherry-und-shopping\/","og_locale":"de_DE","og_type":"article","og_title":"Jerez - Sherry und Shopping | Excursiones por el Sur","og_description":"Explora cada rinc&oacute;n de Andaluc&iacute;a y vive experiencias inolvidables.","og_url":"https:\/\/excursionesporelsur.com\/de\/produkt\/jerez-sherry-und-shopping\/","og_site_name":"Excursiones por el Sur","article_publisher":"https:\/\/www.facebook.com\/profile.php?id=100081151666764","article_modified_time":"2025-02-24T18:54:05+00:00","og_image":[{"width":2560,"height":1720,"url":"https:\/\/excursionesporelsur.com\/wp-content\/uploads\/2024\/06\/tour-turistico-por-jerez-y-degustacion-de-jerez.jpeg","type":"image\/jpeg"}],"twitter_card":"summary_large_image","twitter_misc":{"Gesch\u00e4tzte Lesezeit":"1\u00a0Minute"},"schema":{"@context":"https:\/\/schema.org","@graph":[{"@type":"WebPage","@id":"https:\/\/excursionesporelsur.com\/de\/produkt\/jerez-sherry-und-shopping\/","url":"https:\/\/excursionesporelsur.com\/de\/produkt\/jerez-sherry-und-shopping\/","name":"Jerez - Sherry und Shopping | Excursiones por el Sur","isPartOf":{"@id":"https:\/\/excursionesporelsur.com\/de\/#website"},"primaryImageOfPage":{"@id":"https:\/\/excursionesporelsur.com\/de\/produkt\/jerez-sherry-und-shopping\/#primaryimage"},"image":{"@id":"https:\/\/excursionesporelsur.com\/de\/produkt\/jerez-sherry-und-shopping\/#primaryimage"},"thumbnailUrl":"https:\/\/excursionesporelsur.com\/wp-content\/uploads\/2024\/06\/tour-turistico-por-jerez-y-degustacion-de-jerez.jpeg","datePublished":"2024-06-20T05:39:50+00:00","dateModified":"2025-02-24T18:54:05+00:00","description":"Explora cada rinc&oacute;n de Andaluc&iacute;a y vive experiencias inolvidables.","breadcrumb":{"@id":"https:\/\/excursionesporelsur.com\/de\/produkt\/jerez-sherry-und-shopping\/#breadcrumb"},"inLanguage":"de","potentialAction":[{"@type":"ReadAction","target":["https:\/\/excursionesporelsur.com\/de\/produkt\/jerez-sherry-und-shopping\/"]}]},{"@type":"ImageObject","inLanguage":"de","@id":"https:\/\/excursionesporelsur.com\/de\/produkt\/jerez-sherry-und-shopping\/#primaryimage","url":"https:\/\/excursionesporelsur.com\/wp-content\/uploads\/2024\/06\/tour-turistico-por-jerez-y-degustacion-de-jerez.jpeg","contentUrl":"https:\/\/excursionesporelsur.com\/wp-content\/uploads\/2024\/06\/tour-turistico-por-jerez-y-degustacion-de-jerez.jpeg","width":2560,"height":1720},{"@type":"BreadcrumbList","@id":"https:\/\/excursionesporelsur.com\/de\/produkt\/jerez-sherry-und-shopping\/#breadcrumb","itemListElement":[{"@type":"ListItem","position":1,"name":"Portada","item":"https:\/\/excursionesporelsur.com\/de\/"},{"@type":"ListItem","position":2,"name":"Online Reservierung","item":"https:\/\/excursionesporelsur.com\/de\/online-reservierung\/"},{"@type":"ListItem","position":3,"name":"Jerez &#8211; Sherry und Shopping"}]},{"@type":"WebSite","@id":"https:\/\/excursionesporelsur.com\/de\/#website","url":"https:\/\/excursionesporelsur.com\/de\/","name":"Excursiones por el Sur","description":"Explora cada rinc&oacute;n de Andaluc&iacute;a y vive experiencias inolvidables.","publisher":{"@id":"https:\/\/excursionesporelsur.com\/de\/#organization"},"potentialAction":[{"@type":"SearchAction","target":{"@type":"EntryPoint","urlTemplate":"https:\/\/excursionesporelsur.com\/de\/?s={search_term_string}"},"query-input":{"@type":"PropertyValueSpecification","valueRequired":true,"valueName":"search_term_string"}}],"inLanguage":"de"},{"@type":"Organization","@id":"https:\/\/excursionesporelsur.com\/de\/#organization","name":"Excursiones por el Sur","url":"https:\/\/excursionesporelsur.com\/de\/","logo":{"@type":"ImageObject","inLanguage":"de","@id":"https:\/\/excursionesporelsur.com\/de\/#\/schema\/logo\/image\/","url":"https:\/\/excursionesporelsur.com\/wp-content\/uploads\/2024\/02\/logo-excursiones-por-el-sur.png","contentUrl":"https:\/\/excursionesporelsur.com\/wp-content\/uploads\/2024\/02\/logo-excursiones-por-el-sur.png","width":306,"height":120,"caption":"Excursiones por el Sur"},"image":{"@id":"https:\/\/excursionesporelsur.com\/de\/#\/schema\/logo\/image\/"},"sameAs":["https:\/\/www.facebook.com\/profile.php?id=100081151666764","https:\/\/instagram.com\/excursionesporelsur"]}]}},"_links":{"self":[{"href":"https:\/\/excursionesporelsur.com\/de\/wp-json\/wp\/v2\/product\/624","targetHints":{"allow":["GET"]}}],"collection":[{"href":"https:\/\/excursionesporelsur.com\/de\/wp-json\/wp\/v2\/product"}],"about":[{"href":"https:\/\/excursionesporelsur.com\/de\/wp-json\/wp\/v2\/types\/product"}],"wp:featuredmedia":[{"embeddable":true,"href":"https:\/\/excursionesporelsur.com\/de\/wp-json\/wp\/v2\/media\/607"}],"wp:attachment":[{"href":"https:\/\/excursionesporelsur.com\/de\/wp-json\/wp\/v2\/media?parent=624"}],"wp:term":[{"taxonomy":"product_brand","embeddable":true,"href":"https:\/\/excursionesporelsur.com\/de\/wp-json\/wp\/v2\/product_brand?post=624"},{"taxonomy":"product_cat","embeddable":true,"href":"https:\/\/excursionesporelsur.com\/de\/wp-json\/wp\/v2\/product_cat?post=624"},{"taxonomy":"product_tag","embeddable":true,"href":"https:\/\/excursionesporelsur.com\/de\/wp-json\/wp\/v2\/product_tag?post=624"}],"curies":[{"name":"wp","href":"https:\/\/api.w.org\/{rel}","templated":true}]}}