{"id":474,"date":"2024-04-18T11:27:55","date_gmt":"2024-04-18T09:27:55","guid":{"rendered":"https:\/\/excursionesporelsur.com\/producto\/jerez-messe-2024-hinfahrt-und-rueckfahrt-am-8-mai-tag-der-frau\/"},"modified":"2024-05-04T09:42:01","modified_gmt":"2024-05-04T09:42:01","slug":"jerez-messe-2024","status":"publish","type":"product","link":"https:\/\/excursionesporelsur.com\/de\/produkt\/jerez-messe-2024\/","title":{"rendered":"Jerez Messe 2024 | Hinfahrt und R\u00fcckfahrt am 8. Mai | Tag der Frau"},"content":{"rendered":"<p>Der Jerez Messe bietet ein breites Spektrum an Aktivit\u00e4ten. Tags\u00fcber herrscht eine entspannte, familienfreundliche Atmosph\u00e4re, ideal f\u00fcr einen Besuch mit Kindern oder f\u00fcr diejenigen, die die Menschenmassen lieber meiden. Schlendern Sie zwischen Pferden und Kutschen umher, genie\u00dfen Sie die k\u00f6stliche lokale K\u00fcche, erfreuen Sie sich an Musik- und Tanzvorf\u00fchrungen und erkunden Sie die St\u00e4nde der verschiedenen Bruderschaften und Vereine. Am Mittwoch, dem 8. Mai, k\u00f6nnen Sie w\u00e4hrend der Feria de Jerez eine Vielzahl von interessanten Veranstaltungen besuchen:<\/p>\n<ul>\n<li><strong>9:00 &#8211; 14:00: <\/strong> P.R.A. Morphologischer Wettbewerb im Pista 1 de IFECA<\/li>\n<li><strong>10:00 &#8211; 14:00:<\/strong> Fortsetzung des Doma-Vaquera-Wettbewerbs im II Dep\u00f3sito de Sementales<\/li>\n<li><strong>14:15 &#8211; 14:45:<\/strong> Preisverleihung des P.R.A.-Morphologiewettbewerbs im II Dep\u00f3sito de Sementales<\/li>\n<li><strong>14:45 &#8211; 15:15: <\/strong> Preisverleihung des Doma Vaquera-Wettbewerbs im II Dep\u00f3sito de Sementales<\/li>\n<li><strong>16:00 &#8211; 20:00:<\/strong> Einreichung von Exemplaren A.\u00e1.<\/li>\n<\/ul>\n<p>Diese Aktivit\u00e4ten bieten einen spannenden Einblick in die Kultur und die Traditionen des Pferdesports w\u00e4hrend der Messe von Jerez &#8211; verpassen Sie nicht die Gelegenheit, diesen Tag voller einzigartiger Veranstaltungen und Wettbewerbe zu genie\u00dfen!<\/p>\n","protected":false},"excerpt":{"rendered":"<p>Kommen Sie mit uns zur Pferdemesse 2024 und genie\u00dfen Sie die Tradition ohne Sorgen!<\/p>\n<p><strong>Ausw\u00e4rtige Reise<\/strong><\/p>\n<ul>\n<li>Abfahrt von Vejer: 10:30 Uhr (Bushaltestelle Los Remedios)<\/li>\n<li>Abfahrt von Conil: 11:00 Uhr (Busbahnhof Conil)<\/li>\n<li>Abfahrt vom Campo de Conil: 11:15 Uhr (Bushaltestelle der Apotheke El Colorado).<\/li>\n<\/ul>\n<p><strong>R\u00fcckreise<\/strong><\/p>\n<ul>\n<li>R\u00fcckfahrt von Jerez: 21:00 Uhr (Bushaltestelle neben dem Messegel\u00e4nde)<\/li>\n<\/ul>\n","protected":false},"featured_media":426,"template":"","meta":{"_acf_changed":false},"product_brand":[],"product_cat":[38],"product_tag":[],"class_list":{"0":"post-474","1":"product","2":"type-product","3":"status-publish","4":"has-post-thumbnail","6":"product_cat-transfers-mit-bus-taxi","8":"first","9":"instock","10":"virtual","11":"sold-individually","12":"taxable","13":"purchasable","14":"product-type-turitop"},"acf":[],"yoast_head":"<!-- This site is optimized with the Yoast SEO plugin v27.5 - https:\/\/yoast.com\/product\/yoast-seo-wordpress\/ -->\n<title>Jerez Messe 2024 | Hinfahrt und R\u00fcckfahrt am 8. Mai | Tag der Frau | Excursiones por el Sur<\/title>\n<meta name=\"description\" content=\"Explora cada rinc&oacute;n de Andaluc&iacute;a y vive experiencias inolvidables.\" \/>\n<meta name=\"robots\" content=\"index, follow, max-snippet:-1, max-image-preview:large, max-video-preview:-1\" \/>\n<link rel=\"canonical\" href=\"https:\/\/excursionesporelsur.com\/de\/produkt\/jerez-messe-2024\/\" \/>\n<meta property=\"og:locale\" content=\"de_DE\" \/>\n<meta property=\"og:type\" content=\"article\" \/>\n<meta property=\"og:title\" content=\"Jerez Messe 2024 | Hinfahrt und R\u00fcckfahrt am 8. Mai | Tag der Frau | Excursiones por el Sur\" \/>\n<meta property=\"og:description\" content=\"Explora cada rinc&oacute;n de Andaluc&iacute;a y vive experiencias inolvidables.\" \/>\n<meta property=\"og:url\" content=\"https:\/\/excursionesporelsur.com\/de\/produkt\/jerez-messe-2024\/\" \/>\n<meta property=\"og:site_name\" content=\"Excursiones por el Sur\" \/>\n<meta property=\"article:publisher\" content=\"https:\/\/www.facebook.com\/profile.php?id=100081151666764\" \/>\n<meta property=\"article:modified_time\" content=\"2024-05-04T09:42:01+00:00\" \/>\n<meta property=\"og:image\" content=\"https:\/\/excursionesporelsur.com\/wp-content\/uploads\/2024\/04\/Feria-de-Jerez.jpg\" \/>\n\t<meta property=\"og:image:width\" content=\"1200\" \/>\n\t<meta property=\"og:image:height\" content=\"1200\" \/>\n\t<meta property=\"og:image:type\" content=\"image\/jpeg\" \/>\n<meta name=\"twitter:card\" content=\"summary_large_image\" \/>\n<meta name=\"twitter:label1\" content=\"Gesch\u00e4tzte Lesezeit\" \/>\n\t<meta name=\"twitter:data1\" content=\"1\u00a0Minute\" \/>\n<script type=\"application\/ld+json\" class=\"yoast-schema-graph\">{\"@context\":\"https:\\\/\\\/schema.org\",\"@graph\":[{\"@type\":\"WebPage\",\"@id\":\"https:\\\/\\\/excursionesporelsur.com\\\/de\\\/produkt\\\/jerez-messe-2024\\\/\",\"url\":\"https:\\\/\\\/excursionesporelsur.com\\\/de\\\/produkt\\\/jerez-messe-2024\\\/\",\"name\":\"Jerez Messe 2024 | Hinfahrt und R\u00fcckfahrt am 8. Mai | Tag der Frau | Excursiones por el Sur\",\"isPartOf\":{\"@id\":\"https:\\\/\\\/excursionesporelsur.com\\\/de\\\/#website\"},\"primaryImageOfPage\":{\"@id\":\"https:\\\/\\\/excursionesporelsur.com\\\/de\\\/produkt\\\/jerez-messe-2024\\\/#primaryimage\"},\"image\":{\"@id\":\"https:\\\/\\\/excursionesporelsur.com\\\/de\\\/produkt\\\/jerez-messe-2024\\\/#primaryimage\"},\"thumbnailUrl\":\"https:\\\/\\\/excursionesporelsur.com\\\/wp-content\\\/uploads\\\/2024\\\/04\\\/Feria-de-Jerez.jpg\",\"datePublished\":\"2024-04-18T09:27:55+00:00\",\"dateModified\":\"2024-05-04T09:42:01+00:00\",\"description\":\"Explora cada rinc&oacute;n de Andaluc&iacute;a y vive experiencias inolvidables.\",\"breadcrumb\":{\"@id\":\"https:\\\/\\\/excursionesporelsur.com\\\/de\\\/produkt\\\/jerez-messe-2024\\\/#breadcrumb\"},\"inLanguage\":\"de\",\"potentialAction\":[{\"@type\":\"ReadAction\",\"target\":[\"https:\\\/\\\/excursionesporelsur.com\\\/de\\\/produkt\\\/jerez-messe-2024\\\/\"]}]},{\"@type\":\"ImageObject\",\"inLanguage\":\"de\",\"@id\":\"https:\\\/\\\/excursionesporelsur.com\\\/de\\\/produkt\\\/jerez-messe-2024\\\/#primaryimage\",\"url\":\"https:\\\/\\\/excursionesporelsur.com\\\/wp-content\\\/uploads\\\/2024\\\/04\\\/Feria-de-Jerez.jpg\",\"contentUrl\":\"https:\\\/\\\/excursionesporelsur.com\\\/wp-content\\\/uploads\\\/2024\\\/04\\\/Feria-de-Jerez.jpg\",\"width\":1200,\"height\":1200},{\"@type\":\"BreadcrumbList\",\"@id\":\"https:\\\/\\\/excursionesporelsur.com\\\/de\\\/produkt\\\/jerez-messe-2024\\\/#breadcrumb\",\"itemListElement\":[{\"@type\":\"ListItem\",\"position\":1,\"name\":\"Portada\",\"item\":\"https:\\\/\\\/excursionesporelsur.com\\\/de\\\/\"},{\"@type\":\"ListItem\",\"position\":2,\"name\":\"Online Reservierung\",\"item\":\"https:\\\/\\\/excursionesporelsur.com\\\/de\\\/online-reservierung\\\/\"},{\"@type\":\"ListItem\",\"position\":3,\"name\":\"Jerez Messe 2024 | Hinfahrt und R\u00fcckfahrt am 8. Mai | Tag der Frau\"}]},{\"@type\":\"WebSite\",\"@id\":\"https:\\\/\\\/excursionesporelsur.com\\\/de\\\/#website\",\"url\":\"https:\\\/\\\/excursionesporelsur.com\\\/de\\\/\",\"name\":\"Excursiones por el Sur\",\"description\":\"Explora cada rinc&oacute;n de Andaluc&iacute;a y vive experiencias inolvidables.\",\"publisher\":{\"@id\":\"https:\\\/\\\/excursionesporelsur.com\\\/de\\\/#organization\"},\"potentialAction\":[{\"@type\":\"SearchAction\",\"target\":{\"@type\":\"EntryPoint\",\"urlTemplate\":\"https:\\\/\\\/excursionesporelsur.com\\\/de\\\/?s={search_term_string}\"},\"query-input\":{\"@type\":\"PropertyValueSpecification\",\"valueRequired\":true,\"valueName\":\"search_term_string\"}}],\"inLanguage\":\"de\"},{\"@type\":\"Organization\",\"@id\":\"https:\\\/\\\/excursionesporelsur.com\\\/de\\\/#organization\",\"name\":\"Excursiones por el Sur\",\"url\":\"https:\\\/\\\/excursionesporelsur.com\\\/de\\\/\",\"logo\":{\"@type\":\"ImageObject\",\"inLanguage\":\"de\",\"@id\":\"https:\\\/\\\/excursionesporelsur.com\\\/de\\\/#\\\/schema\\\/logo\\\/image\\\/\",\"url\":\"https:\\\/\\\/excursionesporelsur.com\\\/wp-content\\\/uploads\\\/2024\\\/02\\\/logo-excursiones-por-el-sur.png\",\"contentUrl\":\"https:\\\/\\\/excursionesporelsur.com\\\/wp-content\\\/uploads\\\/2024\\\/02\\\/logo-excursiones-por-el-sur.png\",\"width\":306,\"height\":120,\"caption\":\"Excursiones por el Sur\"},\"image\":{\"@id\":\"https:\\\/\\\/excursionesporelsur.com\\\/de\\\/#\\\/schema\\\/logo\\\/image\\\/\"},\"sameAs\":[\"https:\\\/\\\/www.facebook.com\\\/profile.php?id=100081151666764\",\"https:\\\/\\\/instagram.com\\\/excursionesporelsur\"]}]}<\/script>\n<!-- \/ Yoast SEO plugin. -->","yoast_head_json":{"title":"Jerez Messe 2024 | Hinfahrt und R\u00fcckfahrt am 8. Mai | Tag der Frau | Excursiones por el Sur","description":"Explora cada rinc&oacute;n de Andaluc&iacute;a y vive experiencias inolvidables.","robots":{"index":"index","follow":"follow","max-snippet":"max-snippet:-1","max-image-preview":"max-image-preview:large","max-video-preview":"max-video-preview:-1"},"canonical":"https:\/\/excursionesporelsur.com\/de\/produkt\/jerez-messe-2024\/","og_locale":"de_DE","og_type":"article","og_title":"Jerez Messe 2024 | Hinfahrt und R\u00fcckfahrt am 8. Mai | Tag der Frau | Excursiones por el Sur","og_description":"Explora cada rinc&oacute;n de Andaluc&iacute;a y vive experiencias inolvidables.","og_url":"https:\/\/excursionesporelsur.com\/de\/produkt\/jerez-messe-2024\/","og_site_name":"Excursiones por el Sur","article_publisher":"https:\/\/www.facebook.com\/profile.php?id=100081151666764","article_modified_time":"2024-05-04T09:42:01+00:00","og_image":[{"width":1200,"height":1200,"url":"https:\/\/excursionesporelsur.com\/wp-content\/uploads\/2024\/04\/Feria-de-Jerez.jpg","type":"image\/jpeg"}],"twitter_card":"summary_large_image","twitter_misc":{"Gesch\u00e4tzte Lesezeit":"1\u00a0Minute"},"schema":{"@context":"https:\/\/schema.org","@graph":[{"@type":"WebPage","@id":"https:\/\/excursionesporelsur.com\/de\/produkt\/jerez-messe-2024\/","url":"https:\/\/excursionesporelsur.com\/de\/produkt\/jerez-messe-2024\/","name":"Jerez Messe 2024 | Hinfahrt und R\u00fcckfahrt am 8. Mai | Tag der Frau | Excursiones por el Sur","isPartOf":{"@id":"https:\/\/excursionesporelsur.com\/de\/#website"},"primaryImageOfPage":{"@id":"https:\/\/excursionesporelsur.com\/de\/produkt\/jerez-messe-2024\/#primaryimage"},"image":{"@id":"https:\/\/excursionesporelsur.com\/de\/produkt\/jerez-messe-2024\/#primaryimage"},"thumbnailUrl":"https:\/\/excursionesporelsur.com\/wp-content\/uploads\/2024\/04\/Feria-de-Jerez.jpg","datePublished":"2024-04-18T09:27:55+00:00","dateModified":"2024-05-04T09:42:01+00:00","description":"Explora cada rinc&oacute;n de Andaluc&iacute;a y vive experiencias inolvidables.","breadcrumb":{"@id":"https:\/\/excursionesporelsur.com\/de\/produkt\/jerez-messe-2024\/#breadcrumb"},"inLanguage":"de","potentialAction":[{"@type":"ReadAction","target":["https:\/\/excursionesporelsur.com\/de\/produkt\/jerez-messe-2024\/"]}]},{"@type":"ImageObject","inLanguage":"de","@id":"https:\/\/excursionesporelsur.com\/de\/produkt\/jerez-messe-2024\/#primaryimage","url":"https:\/\/excursionesporelsur.com\/wp-content\/uploads\/2024\/04\/Feria-de-Jerez.jpg","contentUrl":"https:\/\/excursionesporelsur.com\/wp-content\/uploads\/2024\/04\/Feria-de-Jerez.jpg","width":1200,"height":1200},{"@type":"BreadcrumbList","@id":"https:\/\/excursionesporelsur.com\/de\/produkt\/jerez-messe-2024\/#breadcrumb","itemListElement":[{"@type":"ListItem","position":1,"name":"Portada","item":"https:\/\/excursionesporelsur.com\/de\/"},{"@type":"ListItem","position":2,"name":"Online Reservierung","item":"https:\/\/excursionesporelsur.com\/de\/online-reservierung\/"},{"@type":"ListItem","position":3,"name":"Jerez Messe 2024 | Hinfahrt und R\u00fcckfahrt am 8. Mai | Tag der Frau"}]},{"@type":"WebSite","@id":"https:\/\/excursionesporelsur.com\/de\/#website","url":"https:\/\/excursionesporelsur.com\/de\/","name":"Excursiones por el Sur","description":"Explora cada rinc&oacute;n de Andaluc&iacute;a y vive experiencias inolvidables.","publisher":{"@id":"https:\/\/excursionesporelsur.com\/de\/#organization"},"potentialAction":[{"@type":"SearchAction","target":{"@type":"EntryPoint","urlTemplate":"https:\/\/excursionesporelsur.com\/de\/?s={search_term_string}"},"query-input":{"@type":"PropertyValueSpecification","valueRequired":true,"valueName":"search_term_string"}}],"inLanguage":"de"},{"@type":"Organization","@id":"https:\/\/excursionesporelsur.com\/de\/#organization","name":"Excursiones por el Sur","url":"https:\/\/excursionesporelsur.com\/de\/","logo":{"@type":"ImageObject","inLanguage":"de","@id":"https:\/\/excursionesporelsur.com\/de\/#\/schema\/logo\/image\/","url":"https:\/\/excursionesporelsur.com\/wp-content\/uploads\/2024\/02\/logo-excursiones-por-el-sur.png","contentUrl":"https:\/\/excursionesporelsur.com\/wp-content\/uploads\/2024\/02\/logo-excursiones-por-el-sur.png","width":306,"height":120,"caption":"Excursiones por el Sur"},"image":{"@id":"https:\/\/excursionesporelsur.com\/de\/#\/schema\/logo\/image\/"},"sameAs":["https:\/\/www.facebook.com\/profile.php?id=100081151666764","https:\/\/instagram.com\/excursionesporelsur"]}]}},"_links":{"self":[{"href":"https:\/\/excursionesporelsur.com\/de\/wp-json\/wp\/v2\/product\/474","targetHints":{"allow":["GET"]}}],"collection":[{"href":"https:\/\/excursionesporelsur.com\/de\/wp-json\/wp\/v2\/product"}],"about":[{"href":"https:\/\/excursionesporelsur.com\/de\/wp-json\/wp\/v2\/types\/product"}],"wp:featuredmedia":[{"embeddable":true,"href":"https:\/\/excursionesporelsur.com\/de\/wp-json\/wp\/v2\/media\/426"}],"wp:attachment":[{"href":"https:\/\/excursionesporelsur.com\/de\/wp-json\/wp\/v2\/media?parent=474"}],"wp:term":[{"taxonomy":"product_brand","embeddable":true,"href":"https:\/\/excursionesporelsur.com\/de\/wp-json\/wp\/v2\/product_brand?post=474"},{"taxonomy":"product_cat","embeddable":true,"href":"https:\/\/excursionesporelsur.com\/de\/wp-json\/wp\/v2\/product_cat?post=474"},{"taxonomy":"product_tag","embeddable":true,"href":"https:\/\/excursionesporelsur.com\/de\/wp-json\/wp\/v2\/product_tag?post=474"}],"curies":[{"name":"wp","href":"https:\/\/api.w.org\/{rel}","templated":true}]}}