{"id":3876,"date":"2025-02-26T18:23:37","date_gmt":"2025-02-26T17:23:37","guid":{"rendered":"https:\/\/excursionesporelsur.com\/?post_type=product&#038;p=3876"},"modified":"2025-04-08T21:11:25","modified_gmt":"2025-04-08T19:11:25","slug":"conil-und-die-almadrabas","status":"publish","type":"product","link":"https:\/\/excursionesporelsur.com\/de\/produkt\/conil-und-die-almadrabas\/","title":{"rendered":"Conil und die Almadrabas"},"content":{"rendered":"<p>Durch die Pinien und entlang der Klippen der Conile\u00f1o-K\u00fcste erreichen wir Torre de Roche, der heute als Leuchtturm genutzt wird. Wo wir ein wundersch\u00f6nes Bild des Fischereihafens von Conil haben. Wir folgen der Route mit dem Bus, um uns am Eingang zum historischen Zentrum zu positionieren, durch \u201ePuerta Cai\u201c, das Tor von C\u00e1diz. Wir machen einen gem\u00fctlichen Spaziergang durch das Zentrum mit seinen verwinkelten Gassen bis zur Plaza de Espa\u00f1a und zum Arco de la Villa. Im alten Chanca, im Meeresmuseum, erfahren wir etwas \u00fcber das gro\u00dfe dreitausend j\u00e4hrige Erbe, die Almadrabas und ihre Protagonisten, den wilden Roten Thunfisch.   <\/p>\n<p>Als n\u00e4chstes erfreuen wir unsere Gaumen mit diesem herrlichen Fisch in einem der Lokale der Stadt. Nach etwas Freizeit gehen wir zum Fluss Salado, um Ihnen die Aussicht zu zeigen, die der \u201ePlao\u201c Prado mit seinem Castilnovo-Turm bietet. R\u00fcckkehr ins Hotel. <\/p>\n<h2>Route<\/h2>\n<p>09:30 Conil &#8211; Novo S.P. 10:30<br \/>\n11:00 Leuchtturm<br \/>\n11:30 Stadtf\u00fchrung + Freizeit<br \/>\n12:30 Roter Thunfisch Museum<br \/>\n13:30 Gro\u00dfe Tapa oder Thunfisch Verkostung 3 Sorten<br \/>\n14:30 Freizeit<br \/>\n15:15 Torre Guzm\u00e1n<br \/>\n16:15 Spaziergang zum strand und seine Wiese<br \/>\n16:45 Bus<br \/>\n17:30 Conil &#8211; Novo S.P. 18:30<\/p>\n","protected":false},"excerpt":{"rendered":"<ul>\n<li>Leuchtturm<\/li>\n<li>Conil<\/li>\n<li>Thunfisch Museum<\/li>\n<li>Verkostung<\/li>\n<li>Playa<\/li>\n<\/ul>\n","protected":false},"featured_media":3879,"template":"","meta":{"_acf_changed":false},"product_brand":[],"product_cat":[33],"product_tag":[41,45],"class_list":{"0":"post-3876","1":"product","2":"type-product","3":"status-publish","4":"has-post-thumbnail","6":"product_cat-ausfluege","7":"product_tag-hotel-de","8":"product_tag-vip-de","10":"first","11":"instock","12":"virtual","13":"sold-individually","14":"taxable","15":"purchasable","16":"product-type-turitop"},"acf":[],"yoast_head":"<!-- This site is optimized with the Yoast SEO plugin v27.4 - https:\/\/yoast.com\/product\/yoast-seo-wordpress\/ -->\n<title>Conil und die Almadrabas | Excursiones por el Sur<\/title>\n<meta name=\"description\" content=\"Explora cada rinc&oacute;n de Andaluc&iacute;a y vive experiencias inolvidables.\" \/>\n<meta name=\"robots\" content=\"index, follow, max-snippet:-1, max-image-preview:large, max-video-preview:-1\" \/>\n<link rel=\"canonical\" href=\"https:\/\/excursionesporelsur.com\/de\/produkt\/conil-und-die-almadrabas\/\" \/>\n<meta property=\"og:locale\" content=\"de_DE\" \/>\n<meta property=\"og:type\" content=\"article\" \/>\n<meta property=\"og:title\" content=\"Conil und die Almadrabas | Excursiones por el Sur\" \/>\n<meta property=\"og:description\" content=\"Explora cada rinc&oacute;n de Andaluc&iacute;a y vive experiencias inolvidables.\" \/>\n<meta property=\"og:url\" content=\"https:\/\/excursionesporelsur.com\/de\/produkt\/conil-und-die-almadrabas\/\" \/>\n<meta property=\"og:site_name\" content=\"Excursiones por el Sur\" \/>\n<meta property=\"article:publisher\" content=\"https:\/\/www.facebook.com\/profile.php?id=100081151666764\" \/>\n<meta property=\"article:modified_time\" content=\"2025-04-08T19:11:25+00:00\" \/>\n<meta property=\"og:image\" content=\"https:\/\/excursionesporelsur.com\/wp-content\/uploads\/2025\/02\/faro-de-conil-1024x683.jpg\" \/>\n\t<meta property=\"og:image:width\" content=\"1024\" \/>\n\t<meta property=\"og:image:height\" content=\"683\" \/>\n\t<meta property=\"og:image:type\" content=\"image\/jpeg\" \/>\n<meta name=\"twitter:card\" content=\"summary_large_image\" \/>\n<meta name=\"twitter:label1\" content=\"Gesch\u00e4tzte Lesezeit\" \/>\n\t<meta name=\"twitter:data1\" content=\"2\u00a0Minuten\" \/>\n<script type=\"application\/ld+json\" class=\"yoast-schema-graph\">{\"@context\":\"https:\\\/\\\/schema.org\",\"@graph\":[{\"@type\":\"WebPage\",\"@id\":\"https:\\\/\\\/excursionesporelsur.com\\\/de\\\/produkt\\\/conil-und-die-almadrabas\\\/\",\"url\":\"https:\\\/\\\/excursionesporelsur.com\\\/de\\\/produkt\\\/conil-und-die-almadrabas\\\/\",\"name\":\"Conil und die Almadrabas | Excursiones por el Sur\",\"isPartOf\":{\"@id\":\"https:\\\/\\\/excursionesporelsur.com\\\/de\\\/#website\"},\"primaryImageOfPage\":{\"@id\":\"https:\\\/\\\/excursionesporelsur.com\\\/de\\\/produkt\\\/conil-und-die-almadrabas\\\/#primaryimage\"},\"image\":{\"@id\":\"https:\\\/\\\/excursionesporelsur.com\\\/de\\\/produkt\\\/conil-und-die-almadrabas\\\/#primaryimage\"},\"thumbnailUrl\":\"https:\\\/\\\/excursionesporelsur.com\\\/wp-content\\\/uploads\\\/2025\\\/02\\\/faro-de-conil.jpg\",\"datePublished\":\"2025-02-26T17:23:37+00:00\",\"dateModified\":\"2025-04-08T19:11:25+00:00\",\"description\":\"Explora cada rinc&oacute;n de Andaluc&iacute;a y vive experiencias inolvidables.\",\"breadcrumb\":{\"@id\":\"https:\\\/\\\/excursionesporelsur.com\\\/de\\\/produkt\\\/conil-und-die-almadrabas\\\/#breadcrumb\"},\"inLanguage\":\"de\",\"potentialAction\":[{\"@type\":\"ReadAction\",\"target\":[\"https:\\\/\\\/excursionesporelsur.com\\\/de\\\/produkt\\\/conil-und-die-almadrabas\\\/\"]}]},{\"@type\":\"ImageObject\",\"inLanguage\":\"de\",\"@id\":\"https:\\\/\\\/excursionesporelsur.com\\\/de\\\/produkt\\\/conil-und-die-almadrabas\\\/#primaryimage\",\"url\":\"https:\\\/\\\/excursionesporelsur.com\\\/wp-content\\\/uploads\\\/2025\\\/02\\\/faro-de-conil.jpg\",\"contentUrl\":\"https:\\\/\\\/excursionesporelsur.com\\\/wp-content\\\/uploads\\\/2025\\\/02\\\/faro-de-conil.jpg\",\"width\":2250,\"height\":1500},{\"@type\":\"BreadcrumbList\",\"@id\":\"https:\\\/\\\/excursionesporelsur.com\\\/de\\\/produkt\\\/conil-und-die-almadrabas\\\/#breadcrumb\",\"itemListElement\":[{\"@type\":\"ListItem\",\"position\":1,\"name\":\"Portada\",\"item\":\"https:\\\/\\\/excursionesporelsur.com\\\/de\\\/\"},{\"@type\":\"ListItem\",\"position\":2,\"name\":\"Online Reservierung\",\"item\":\"https:\\\/\\\/excursionesporelsur.com\\\/de\\\/online-reservierung\\\/\"},{\"@type\":\"ListItem\",\"position\":3,\"name\":\"Conil und die Almadrabas\"}]},{\"@type\":\"WebSite\",\"@id\":\"https:\\\/\\\/excursionesporelsur.com\\\/de\\\/#website\",\"url\":\"https:\\\/\\\/excursionesporelsur.com\\\/de\\\/\",\"name\":\"Excursiones por el Sur\",\"description\":\"Explora cada rinc&oacute;n de Andaluc&iacute;a y vive experiencias inolvidables.\",\"publisher\":{\"@id\":\"https:\\\/\\\/excursionesporelsur.com\\\/de\\\/#organization\"},\"potentialAction\":[{\"@type\":\"SearchAction\",\"target\":{\"@type\":\"EntryPoint\",\"urlTemplate\":\"https:\\\/\\\/excursionesporelsur.com\\\/de\\\/?s={search_term_string}\"},\"query-input\":{\"@type\":\"PropertyValueSpecification\",\"valueRequired\":true,\"valueName\":\"search_term_string\"}}],\"inLanguage\":\"de\"},{\"@type\":\"Organization\",\"@id\":\"https:\\\/\\\/excursionesporelsur.com\\\/de\\\/#organization\",\"name\":\"Excursiones por el Sur\",\"url\":\"https:\\\/\\\/excursionesporelsur.com\\\/de\\\/\",\"logo\":{\"@type\":\"ImageObject\",\"inLanguage\":\"de\",\"@id\":\"https:\\\/\\\/excursionesporelsur.com\\\/de\\\/#\\\/schema\\\/logo\\\/image\\\/\",\"url\":\"https:\\\/\\\/excursionesporelsur.com\\\/wp-content\\\/uploads\\\/2024\\\/02\\\/logo-excursiones-por-el-sur.png\",\"contentUrl\":\"https:\\\/\\\/excursionesporelsur.com\\\/wp-content\\\/uploads\\\/2024\\\/02\\\/logo-excursiones-por-el-sur.png\",\"width\":306,\"height\":120,\"caption\":\"Excursiones por el Sur\"},\"image\":{\"@id\":\"https:\\\/\\\/excursionesporelsur.com\\\/de\\\/#\\\/schema\\\/logo\\\/image\\\/\"},\"sameAs\":[\"https:\\\/\\\/www.facebook.com\\\/profile.php?id=100081151666764\",\"https:\\\/\\\/instagram.com\\\/excursionesporelsur\"]}]}<\/script>\n<!-- \/ Yoast SEO plugin. -->","yoast_head_json":{"title":"Conil und die Almadrabas | Excursiones por el Sur","description":"Explora cada rinc&oacute;n de Andaluc&iacute;a y vive experiencias inolvidables.","robots":{"index":"index","follow":"follow","max-snippet":"max-snippet:-1","max-image-preview":"max-image-preview:large","max-video-preview":"max-video-preview:-1"},"canonical":"https:\/\/excursionesporelsur.com\/de\/produkt\/conil-und-die-almadrabas\/","og_locale":"de_DE","og_type":"article","og_title":"Conil und die Almadrabas | Excursiones por el Sur","og_description":"Explora cada rinc&oacute;n de Andaluc&iacute;a y vive experiencias inolvidables.","og_url":"https:\/\/excursionesporelsur.com\/de\/produkt\/conil-und-die-almadrabas\/","og_site_name":"Excursiones por el Sur","article_publisher":"https:\/\/www.facebook.com\/profile.php?id=100081151666764","article_modified_time":"2025-04-08T19:11:25+00:00","og_image":[{"width":1024,"height":683,"url":"https:\/\/excursionesporelsur.com\/wp-content\/uploads\/2025\/02\/faro-de-conil-1024x683.jpg","type":"image\/jpeg"}],"twitter_card":"summary_large_image","twitter_misc":{"Gesch\u00e4tzte Lesezeit":"2\u00a0Minuten"},"schema":{"@context":"https:\/\/schema.org","@graph":[{"@type":"WebPage","@id":"https:\/\/excursionesporelsur.com\/de\/produkt\/conil-und-die-almadrabas\/","url":"https:\/\/excursionesporelsur.com\/de\/produkt\/conil-und-die-almadrabas\/","name":"Conil und die Almadrabas | Excursiones por el Sur","isPartOf":{"@id":"https:\/\/excursionesporelsur.com\/de\/#website"},"primaryImageOfPage":{"@id":"https:\/\/excursionesporelsur.com\/de\/produkt\/conil-und-die-almadrabas\/#primaryimage"},"image":{"@id":"https:\/\/excursionesporelsur.com\/de\/produkt\/conil-und-die-almadrabas\/#primaryimage"},"thumbnailUrl":"https:\/\/excursionesporelsur.com\/wp-content\/uploads\/2025\/02\/faro-de-conil.jpg","datePublished":"2025-02-26T17:23:37+00:00","dateModified":"2025-04-08T19:11:25+00:00","description":"Explora cada rinc&oacute;n de Andaluc&iacute;a y vive experiencias inolvidables.","breadcrumb":{"@id":"https:\/\/excursionesporelsur.com\/de\/produkt\/conil-und-die-almadrabas\/#breadcrumb"},"inLanguage":"de","potentialAction":[{"@type":"ReadAction","target":["https:\/\/excursionesporelsur.com\/de\/produkt\/conil-und-die-almadrabas\/"]}]},{"@type":"ImageObject","inLanguage":"de","@id":"https:\/\/excursionesporelsur.com\/de\/produkt\/conil-und-die-almadrabas\/#primaryimage","url":"https:\/\/excursionesporelsur.com\/wp-content\/uploads\/2025\/02\/faro-de-conil.jpg","contentUrl":"https:\/\/excursionesporelsur.com\/wp-content\/uploads\/2025\/02\/faro-de-conil.jpg","width":2250,"height":1500},{"@type":"BreadcrumbList","@id":"https:\/\/excursionesporelsur.com\/de\/produkt\/conil-und-die-almadrabas\/#breadcrumb","itemListElement":[{"@type":"ListItem","position":1,"name":"Portada","item":"https:\/\/excursionesporelsur.com\/de\/"},{"@type":"ListItem","position":2,"name":"Online Reservierung","item":"https:\/\/excursionesporelsur.com\/de\/online-reservierung\/"},{"@type":"ListItem","position":3,"name":"Conil und die Almadrabas"}]},{"@type":"WebSite","@id":"https:\/\/excursionesporelsur.com\/de\/#website","url":"https:\/\/excursionesporelsur.com\/de\/","name":"Excursiones por el Sur","description":"Explora cada rinc&oacute;n de Andaluc&iacute;a y vive experiencias inolvidables.","publisher":{"@id":"https:\/\/excursionesporelsur.com\/de\/#organization"},"potentialAction":[{"@type":"SearchAction","target":{"@type":"EntryPoint","urlTemplate":"https:\/\/excursionesporelsur.com\/de\/?s={search_term_string}"},"query-input":{"@type":"PropertyValueSpecification","valueRequired":true,"valueName":"search_term_string"}}],"inLanguage":"de"},{"@type":"Organization","@id":"https:\/\/excursionesporelsur.com\/de\/#organization","name":"Excursiones por el Sur","url":"https:\/\/excursionesporelsur.com\/de\/","logo":{"@type":"ImageObject","inLanguage":"de","@id":"https:\/\/excursionesporelsur.com\/de\/#\/schema\/logo\/image\/","url":"https:\/\/excursionesporelsur.com\/wp-content\/uploads\/2024\/02\/logo-excursiones-por-el-sur.png","contentUrl":"https:\/\/excursionesporelsur.com\/wp-content\/uploads\/2024\/02\/logo-excursiones-por-el-sur.png","width":306,"height":120,"caption":"Excursiones por el Sur"},"image":{"@id":"https:\/\/excursionesporelsur.com\/de\/#\/schema\/logo\/image\/"},"sameAs":["https:\/\/www.facebook.com\/profile.php?id=100081151666764","https:\/\/instagram.com\/excursionesporelsur"]}]}},"_links":{"self":[{"href":"https:\/\/excursionesporelsur.com\/de\/wp-json\/wp\/v2\/product\/3876","targetHints":{"allow":["GET"]}}],"collection":[{"href":"https:\/\/excursionesporelsur.com\/de\/wp-json\/wp\/v2\/product"}],"about":[{"href":"https:\/\/excursionesporelsur.com\/de\/wp-json\/wp\/v2\/types\/product"}],"wp:featuredmedia":[{"embeddable":true,"href":"https:\/\/excursionesporelsur.com\/de\/wp-json\/wp\/v2\/media\/3879"}],"wp:attachment":[{"href":"https:\/\/excursionesporelsur.com\/de\/wp-json\/wp\/v2\/media?parent=3876"}],"wp:term":[{"taxonomy":"product_brand","embeddable":true,"href":"https:\/\/excursionesporelsur.com\/de\/wp-json\/wp\/v2\/product_brand?post=3876"},{"taxonomy":"product_cat","embeddable":true,"href":"https:\/\/excursionesporelsur.com\/de\/wp-json\/wp\/v2\/product_cat?post=3876"},{"taxonomy":"product_tag","embeddable":true,"href":"https:\/\/excursionesporelsur.com\/de\/wp-json\/wp\/v2\/product_tag?post=3876"}],"curies":[{"name":"wp","href":"https:\/\/api.w.org\/{rel}","templated":true}]}}