{"id":3861,"date":"2025-02-26T17:34:40","date_gmt":"2025-02-26T16:34:40","guid":{"rendered":"https:\/\/excursionesporelsur.com\/?post_type=product&#038;p=3861"},"modified":"2025-03-25T20:07:12","modified_gmt":"2025-03-25T19:07:12","slug":"cadiz-schiff-el-puerto-de-santa-maria","status":"publish","type":"product","link":"https:\/\/excursionesporelsur.com\/de\/produkt\/cadiz-schiff-el-puerto-de-santa-maria\/","title":{"rendered":"C\u00e1diz + Schiff + El Puerto de Santa Mar\u00eda"},"content":{"rendered":"<p>Mit einer Panoramafahrt durch die Salinen fahren wir entlang der Landenge von San Fernando nach C\u00e1diz. Am Dock, Hafen \u00fcberqueren wir die Bucht und folgen dabei den Spuren der H\u00e4ndler der neuen Welt, die Sie in diesen Gew\u00e4ssern hinterlassen haben, und erinnern uns an die Reise des historischen Dampfschiff Taxi \u201eVaporcito del Puerto\u201c. <\/p>\n<p>Die Stadt der 100 Pal\u00e4ste empf\u00e4ngt uns an der M\u00fcndung des Guadalete Flusses, neben der Burg San Marcos.<br \/>Wir werden durch ihr historisches Zentrum spazieren, das Restaurant Toro Tapas von Osborne besuchen,eine Weinkathedrale aus dem Jahr 1772, um die Sinne zu fesseln. Dann geht es weiter zur traditionellen Stierkampfarena, wo der Bus auf uns wartet.<\/p>\n<p>\u2705<strong> Ausflug wetterabh\u00e4ngig.<br \/>\n<\/strong>\ud83c\udf26\ufe0f <em>Falls das Wetter die Katamaranfahrt nicht zul\u00e4sst, findet die Aktivit\u00e4t alternativ per Bus auf einer anderen Route statt.<\/em><\/p>\n<h2>Route<\/h2>\n<p>09:00 Conil &#8211; Novo S.P 10:00<br \/>\n11:00 Freizeit in C\u00e1diz<br \/>\n12:00 Katamaran<br \/>\n12:30 Stadtf\u00fchrung Castillo San Marcos<br \/>\n13:30 Toro Tapas Osborne<br \/>\n15:15 Stierkampfarena<br \/>\n15:30 Bus<br \/>\n16:30 Novo S.P. 17:30 Conil<\/p>\n","protected":false},"excerpt":{"rendered":"<ul>\n<li>Katamaran<\/li>\n<li>Puerto Santa Mar\u00eda<\/li>\n<li>Toro Tapas in Osborne<\/li>\n<\/ul>\n<p>\u2705<strong> Ausflug wetterabh\u00e4ngig.<br \/>\n<\/strong>\ud83c\udf26\ufe0f <em>Falls das Wetter die Katamaranfahrt nicht zul\u00e4sst, findet die Aktivit\u00e4t alternativ per Bus auf einer anderen Route statt.<\/em><\/p>\n","protected":false},"featured_media":3866,"template":"","meta":{"_acf_changed":false},"product_brand":[],"product_cat":[33],"product_tag":[47,41],"class_list":{"0":"post-3861","1":"product","2":"type-product","3":"status-publish","4":"has-post-thumbnail","6":"product_cat-ausfluege","7":"product_tag-cai-de","8":"product_tag-hotel-de","10":"first","11":"instock","12":"virtual","13":"sold-individually","14":"taxable","15":"purchasable","16":"product-type-turitop"},"acf":[],"yoast_head":"<!-- This site is optimized with the Yoast SEO plugin v27.4 - https:\/\/yoast.com\/product\/yoast-seo-wordpress\/ -->\n<title>C\u00e1diz + Schiff + El Puerto de Santa Mar\u00eda | Excursiones por el Sur<\/title>\n<meta name=\"description\" content=\"Explora cada rinc&oacute;n de Andaluc&iacute;a y vive experiencias inolvidables.\" \/>\n<meta name=\"robots\" content=\"index, follow, max-snippet:-1, max-image-preview:large, max-video-preview:-1\" \/>\n<link rel=\"canonical\" href=\"https:\/\/excursionesporelsur.com\/de\/produkt\/cadiz-schiff-el-puerto-de-santa-maria\/\" \/>\n<meta property=\"og:locale\" content=\"de_DE\" \/>\n<meta property=\"og:type\" content=\"article\" \/>\n<meta property=\"og:title\" content=\"C\u00e1diz + Schiff + El Puerto de Santa Mar\u00eda | Excursiones por el Sur\" \/>\n<meta property=\"og:description\" content=\"Explora cada rinc&oacute;n de Andaluc&iacute;a y vive experiencias inolvidables.\" \/>\n<meta property=\"og:url\" content=\"https:\/\/excursionesporelsur.com\/de\/produkt\/cadiz-schiff-el-puerto-de-santa-maria\/\" \/>\n<meta property=\"og:site_name\" content=\"Excursiones por el Sur\" \/>\n<meta property=\"article:publisher\" content=\"https:\/\/www.facebook.com\/profile.php?id=100081151666764\" \/>\n<meta property=\"article:modified_time\" content=\"2025-03-25T19:07:12+00:00\" \/>\n<meta property=\"og:image\" content=\"https:\/\/excursionesporelsur.com\/wp-content\/uploads\/2025\/02\/catamaran-el-puerto-cadiz.jpg\" \/>\n\t<meta property=\"og:image:width\" content=\"2250\" \/>\n\t<meta property=\"og:image:height\" content=\"1500\" \/>\n\t<meta property=\"og:image:type\" content=\"image\/jpeg\" \/>\n<meta name=\"twitter:card\" content=\"summary_large_image\" \/>\n<meta name=\"twitter:label1\" content=\"Gesch\u00e4tzte Lesezeit\" \/>\n\t<meta name=\"twitter:data1\" content=\"1\u00a0Minute\" \/>\n<script type=\"application\/ld+json\" class=\"yoast-schema-graph\">{\"@context\":\"https:\\\/\\\/schema.org\",\"@graph\":[{\"@type\":\"WebPage\",\"@id\":\"https:\\\/\\\/excursionesporelsur.com\\\/de\\\/produkt\\\/cadiz-schiff-el-puerto-de-santa-maria\\\/\",\"url\":\"https:\\\/\\\/excursionesporelsur.com\\\/de\\\/produkt\\\/cadiz-schiff-el-puerto-de-santa-maria\\\/\",\"name\":\"C\u00e1diz + Schiff + El Puerto de Santa Mar\u00eda | Excursiones por el Sur\",\"isPartOf\":{\"@id\":\"https:\\\/\\\/excursionesporelsur.com\\\/de\\\/#website\"},\"primaryImageOfPage\":{\"@id\":\"https:\\\/\\\/excursionesporelsur.com\\\/de\\\/produkt\\\/cadiz-schiff-el-puerto-de-santa-maria\\\/#primaryimage\"},\"image\":{\"@id\":\"https:\\\/\\\/excursionesporelsur.com\\\/de\\\/produkt\\\/cadiz-schiff-el-puerto-de-santa-maria\\\/#primaryimage\"},\"thumbnailUrl\":\"https:\\\/\\\/excursionesporelsur.com\\\/wp-content\\\/uploads\\\/2025\\\/02\\\/catamaran-el-puerto-cadiz.jpg\",\"datePublished\":\"2025-02-26T16:34:40+00:00\",\"dateModified\":\"2025-03-25T19:07:12+00:00\",\"description\":\"Explora cada rinc&oacute;n de Andaluc&iacute;a y vive experiencias inolvidables.\",\"breadcrumb\":{\"@id\":\"https:\\\/\\\/excursionesporelsur.com\\\/de\\\/produkt\\\/cadiz-schiff-el-puerto-de-santa-maria\\\/#breadcrumb\"},\"inLanguage\":\"de\",\"potentialAction\":[{\"@type\":\"ReadAction\",\"target\":[\"https:\\\/\\\/excursionesporelsur.com\\\/de\\\/produkt\\\/cadiz-schiff-el-puerto-de-santa-maria\\\/\"]}]},{\"@type\":\"ImageObject\",\"inLanguage\":\"de\",\"@id\":\"https:\\\/\\\/excursionesporelsur.com\\\/de\\\/produkt\\\/cadiz-schiff-el-puerto-de-santa-maria\\\/#primaryimage\",\"url\":\"https:\\\/\\\/excursionesporelsur.com\\\/wp-content\\\/uploads\\\/2025\\\/02\\\/catamaran-el-puerto-cadiz.jpg\",\"contentUrl\":\"https:\\\/\\\/excursionesporelsur.com\\\/wp-content\\\/uploads\\\/2025\\\/02\\\/catamaran-el-puerto-cadiz.jpg\",\"width\":2250,\"height\":1500},{\"@type\":\"BreadcrumbList\",\"@id\":\"https:\\\/\\\/excursionesporelsur.com\\\/de\\\/produkt\\\/cadiz-schiff-el-puerto-de-santa-maria\\\/#breadcrumb\",\"itemListElement\":[{\"@type\":\"ListItem\",\"position\":1,\"name\":\"Portada\",\"item\":\"https:\\\/\\\/excursionesporelsur.com\\\/de\\\/\"},{\"@type\":\"ListItem\",\"position\":2,\"name\":\"Online Reservierung\",\"item\":\"https:\\\/\\\/excursionesporelsur.com\\\/de\\\/online-reservierung\\\/\"},{\"@type\":\"ListItem\",\"position\":3,\"name\":\"C\u00e1diz + Schiff + El Puerto de Santa Mar\u00eda\"}]},{\"@type\":\"WebSite\",\"@id\":\"https:\\\/\\\/excursionesporelsur.com\\\/de\\\/#website\",\"url\":\"https:\\\/\\\/excursionesporelsur.com\\\/de\\\/\",\"name\":\"Excursiones por el Sur\",\"description\":\"Explora cada rinc&oacute;n de Andaluc&iacute;a y vive experiencias inolvidables.\",\"publisher\":{\"@id\":\"https:\\\/\\\/excursionesporelsur.com\\\/de\\\/#organization\"},\"potentialAction\":[{\"@type\":\"SearchAction\",\"target\":{\"@type\":\"EntryPoint\",\"urlTemplate\":\"https:\\\/\\\/excursionesporelsur.com\\\/de\\\/?s={search_term_string}\"},\"query-input\":{\"@type\":\"PropertyValueSpecification\",\"valueRequired\":true,\"valueName\":\"search_term_string\"}}],\"inLanguage\":\"de\"},{\"@type\":\"Organization\",\"@id\":\"https:\\\/\\\/excursionesporelsur.com\\\/de\\\/#organization\",\"name\":\"Excursiones por el Sur\",\"url\":\"https:\\\/\\\/excursionesporelsur.com\\\/de\\\/\",\"logo\":{\"@type\":\"ImageObject\",\"inLanguage\":\"de\",\"@id\":\"https:\\\/\\\/excursionesporelsur.com\\\/de\\\/#\\\/schema\\\/logo\\\/image\\\/\",\"url\":\"https:\\\/\\\/excursionesporelsur.com\\\/wp-content\\\/uploads\\\/2024\\\/02\\\/logo-excursiones-por-el-sur.png\",\"contentUrl\":\"https:\\\/\\\/excursionesporelsur.com\\\/wp-content\\\/uploads\\\/2024\\\/02\\\/logo-excursiones-por-el-sur.png\",\"width\":306,\"height\":120,\"caption\":\"Excursiones por el Sur\"},\"image\":{\"@id\":\"https:\\\/\\\/excursionesporelsur.com\\\/de\\\/#\\\/schema\\\/logo\\\/image\\\/\"},\"sameAs\":[\"https:\\\/\\\/www.facebook.com\\\/profile.php?id=100081151666764\",\"https:\\\/\\\/instagram.com\\\/excursionesporelsur\"]}]}<\/script>\n<!-- \/ Yoast SEO plugin. -->","yoast_head_json":{"title":"C\u00e1diz + Schiff + El Puerto de Santa Mar\u00eda | Excursiones por el Sur","description":"Explora cada rinc&oacute;n de Andaluc&iacute;a y vive experiencias inolvidables.","robots":{"index":"index","follow":"follow","max-snippet":"max-snippet:-1","max-image-preview":"max-image-preview:large","max-video-preview":"max-video-preview:-1"},"canonical":"https:\/\/excursionesporelsur.com\/de\/produkt\/cadiz-schiff-el-puerto-de-santa-maria\/","og_locale":"de_DE","og_type":"article","og_title":"C\u00e1diz + Schiff + El Puerto de Santa Mar\u00eda | Excursiones por el Sur","og_description":"Explora cada rinc&oacute;n de Andaluc&iacute;a y vive experiencias inolvidables.","og_url":"https:\/\/excursionesporelsur.com\/de\/produkt\/cadiz-schiff-el-puerto-de-santa-maria\/","og_site_name":"Excursiones por el Sur","article_publisher":"https:\/\/www.facebook.com\/profile.php?id=100081151666764","article_modified_time":"2025-03-25T19:07:12+00:00","og_image":[{"width":2250,"height":1500,"url":"https:\/\/excursionesporelsur.com\/wp-content\/uploads\/2025\/02\/catamaran-el-puerto-cadiz.jpg","type":"image\/jpeg"}],"twitter_card":"summary_large_image","twitter_misc":{"Gesch\u00e4tzte Lesezeit":"1\u00a0Minute"},"schema":{"@context":"https:\/\/schema.org","@graph":[{"@type":"WebPage","@id":"https:\/\/excursionesporelsur.com\/de\/produkt\/cadiz-schiff-el-puerto-de-santa-maria\/","url":"https:\/\/excursionesporelsur.com\/de\/produkt\/cadiz-schiff-el-puerto-de-santa-maria\/","name":"C\u00e1diz + Schiff + El Puerto de Santa Mar\u00eda | Excursiones por el Sur","isPartOf":{"@id":"https:\/\/excursionesporelsur.com\/de\/#website"},"primaryImageOfPage":{"@id":"https:\/\/excursionesporelsur.com\/de\/produkt\/cadiz-schiff-el-puerto-de-santa-maria\/#primaryimage"},"image":{"@id":"https:\/\/excursionesporelsur.com\/de\/produkt\/cadiz-schiff-el-puerto-de-santa-maria\/#primaryimage"},"thumbnailUrl":"https:\/\/excursionesporelsur.com\/wp-content\/uploads\/2025\/02\/catamaran-el-puerto-cadiz.jpg","datePublished":"2025-02-26T16:34:40+00:00","dateModified":"2025-03-25T19:07:12+00:00","description":"Explora cada rinc&oacute;n de Andaluc&iacute;a y vive experiencias inolvidables.","breadcrumb":{"@id":"https:\/\/excursionesporelsur.com\/de\/produkt\/cadiz-schiff-el-puerto-de-santa-maria\/#breadcrumb"},"inLanguage":"de","potentialAction":[{"@type":"ReadAction","target":["https:\/\/excursionesporelsur.com\/de\/produkt\/cadiz-schiff-el-puerto-de-santa-maria\/"]}]},{"@type":"ImageObject","inLanguage":"de","@id":"https:\/\/excursionesporelsur.com\/de\/produkt\/cadiz-schiff-el-puerto-de-santa-maria\/#primaryimage","url":"https:\/\/excursionesporelsur.com\/wp-content\/uploads\/2025\/02\/catamaran-el-puerto-cadiz.jpg","contentUrl":"https:\/\/excursionesporelsur.com\/wp-content\/uploads\/2025\/02\/catamaran-el-puerto-cadiz.jpg","width":2250,"height":1500},{"@type":"BreadcrumbList","@id":"https:\/\/excursionesporelsur.com\/de\/produkt\/cadiz-schiff-el-puerto-de-santa-maria\/#breadcrumb","itemListElement":[{"@type":"ListItem","position":1,"name":"Portada","item":"https:\/\/excursionesporelsur.com\/de\/"},{"@type":"ListItem","position":2,"name":"Online Reservierung","item":"https:\/\/excursionesporelsur.com\/de\/online-reservierung\/"},{"@type":"ListItem","position":3,"name":"C\u00e1diz + Schiff + El Puerto de Santa Mar\u00eda"}]},{"@type":"WebSite","@id":"https:\/\/excursionesporelsur.com\/de\/#website","url":"https:\/\/excursionesporelsur.com\/de\/","name":"Excursiones por el Sur","description":"Explora cada rinc&oacute;n de Andaluc&iacute;a y vive experiencias inolvidables.","publisher":{"@id":"https:\/\/excursionesporelsur.com\/de\/#organization"},"potentialAction":[{"@type":"SearchAction","target":{"@type":"EntryPoint","urlTemplate":"https:\/\/excursionesporelsur.com\/de\/?s={search_term_string}"},"query-input":{"@type":"PropertyValueSpecification","valueRequired":true,"valueName":"search_term_string"}}],"inLanguage":"de"},{"@type":"Organization","@id":"https:\/\/excursionesporelsur.com\/de\/#organization","name":"Excursiones por el Sur","url":"https:\/\/excursionesporelsur.com\/de\/","logo":{"@type":"ImageObject","inLanguage":"de","@id":"https:\/\/excursionesporelsur.com\/de\/#\/schema\/logo\/image\/","url":"https:\/\/excursionesporelsur.com\/wp-content\/uploads\/2024\/02\/logo-excursiones-por-el-sur.png","contentUrl":"https:\/\/excursionesporelsur.com\/wp-content\/uploads\/2024\/02\/logo-excursiones-por-el-sur.png","width":306,"height":120,"caption":"Excursiones por el Sur"},"image":{"@id":"https:\/\/excursionesporelsur.com\/de\/#\/schema\/logo\/image\/"},"sameAs":["https:\/\/www.facebook.com\/profile.php?id=100081151666764","https:\/\/instagram.com\/excursionesporelsur"]}]}},"_links":{"self":[{"href":"https:\/\/excursionesporelsur.com\/de\/wp-json\/wp\/v2\/product\/3861","targetHints":{"allow":["GET"]}}],"collection":[{"href":"https:\/\/excursionesporelsur.com\/de\/wp-json\/wp\/v2\/product"}],"about":[{"href":"https:\/\/excursionesporelsur.com\/de\/wp-json\/wp\/v2\/types\/product"}],"wp:featuredmedia":[{"embeddable":true,"href":"https:\/\/excursionesporelsur.com\/de\/wp-json\/wp\/v2\/media\/3866"}],"wp:attachment":[{"href":"https:\/\/excursionesporelsur.com\/de\/wp-json\/wp\/v2\/media?parent=3861"}],"wp:term":[{"taxonomy":"product_brand","embeddable":true,"href":"https:\/\/excursionesporelsur.com\/de\/wp-json\/wp\/v2\/product_brand?post=3861"},{"taxonomy":"product_cat","embeddable":true,"href":"https:\/\/excursionesporelsur.com\/de\/wp-json\/wp\/v2\/product_cat?post=3861"},{"taxonomy":"product_tag","embeddable":true,"href":"https:\/\/excursionesporelsur.com\/de\/wp-json\/wp\/v2\/product_tag?post=3861"}],"curies":[{"name":"wp","href":"https:\/\/api.w.org\/{rel}","templated":true}]}}