{"id":3833,"date":"2025-02-25T16:45:40","date_gmt":"2025-02-25T15:45:40","guid":{"rendered":"https:\/\/excursionesporelsur.com\/?post_type=product&#038;p=3833"},"modified":"2025-03-25T20:06:35","modified_gmt":"2025-03-25T19:06:35","slug":"cadiz-zu-fuss-ein-genuss-vip","status":"publish","type":"product","link":"https:\/\/excursionesporelsur.com\/de\/produkt\/cadiz-zu-fuss-ein-genuss-vip\/","title":{"rendered":"C\u00e1diz Zu Fuss ein Genuss VIP"},"content":{"rendered":"<p>Mit unserer Panoramafahrt betreten wir das ph\u00f6nizische Cadiz (Gadir) \u00fcber La Pepa Br\u00fccke. bis wir die Punta San Felipe erreichen.<\/p>\n<p>Wir begeben uns nun tiefer in das Herz der Altstadt, nur indem wir ein paar Stufen hinuntergehen, kehren wir zum Beginn dieser aufregenden Geschichte mit mehr als 3.000 Jahren zur\u00fcck.<\/p>\n<p>Wir begeben uns nun tiefer in das Herz der Altstadt, nur indem wir ein paar Stufen hinuntergehen, kehren wir zum Beginn dieser aufregenden Geschichte mit mehr als dreissig Jahrhunderten zur\u00fcck.<br \/>F\u00fcr diejenigen, die die Tiefen der \u00e4ltesten Stadt Westeuropas kennenlernen m\u00f6chten, f\u00fchren wir Sie durch die arch\u00e4ologischen St\u00e4tten im Zentrum einer Altstadt, die dank Mauern, Burgen und Bastionen mit ihrer wundersch\u00f6nen Kolonialarchitektur erhalten geblieben ist. Zum Abschluss g\u00f6nnten wir uns zwei Tapas und ein Getr\u00e4nk in einem Restaurant, das in der Gastronomie von C\u00e1diz gro\u00dfe Anerkennung genie\u00dft. <\/p>\n<h2>Route<\/h2>\n<p>09:15 Conil &#8211; Novo S.P. 10:00<br \/>\n10:45 Panoramafahrt<br \/>\n11:30 Stadtf\u00fchrung<br \/>\n13:00 Factor\u00eda de salaz\u00f3n<br \/>\n14:00 Restaurant El Aljibe<br \/>\n15:30 Teatrum Balbi<br \/>\n16:00 Stadtf\u00fchrung<br \/>\n16:30 R\u00fcckfahrt<br \/>\n17:15 Novo S.P 18:15 Conil<\/p>\n","protected":false},"excerpt":{"rendered":"<ul class=\"tui-activity-component-content__highlights\" data-v-270cd844=\"\">\n<li class=\"tui-activity-component-content__section-text tui-activity-component-content__section-text--highlights\" data-v-270cd844=\"\"><span style=\"font-weight: 400;\">C\u00e1diz Panoramafahrt<\/span><\/li>\n<li class=\"tui-activity-component-content__section-text tui-activity-component-content__section-text--highlights\" data-v-270cd844=\"\"><span style=\"font-weight: 400;\">Stadtf\u00fchrung<\/span><\/li>\n<li class=\"tui-activity-component-content__section-text tui-activity-component-content__section-text--highlights\" data-v-270cd844=\"\"><span style=\"font-weight: 400;\">Ausgrabungsst\u00e4tte<\/span><\/li>\n<li class=\"tui-activity-component-content__section-text tui-activity-component-content__section-text--highlights\" data-v-270cd844=\"\"><span style=\"font-weight: 400;\">Tapas und Getr\u00e4nke in traditionellen Lokal<\/span><\/li>\n<li class=\"tui-activity-component-content__section-text tui-activity-component-content__section-text--highlights\" data-v-270cd844=\"\"><span style=\"font-weight: 400;\">Freizeit<\/span><\/li>\n<\/ul>\n","protected":false},"featured_media":499,"template":"","meta":{"_acf_changed":false},"product_brand":[],"product_cat":[33],"product_tag":[41,45],"class_list":{"0":"post-3833","1":"product","2":"type-product","3":"status-publish","4":"has-post-thumbnail","6":"product_cat-ausfluege","7":"product_tag-hotel-de","8":"product_tag-vip-de","10":"first","11":"instock","12":"virtual","13":"sold-individually","14":"taxable","15":"purchasable","16":"product-type-turitop"},"acf":[],"yoast_head":"<!-- This site is optimized with the Yoast SEO plugin v27.4 - https:\/\/yoast.com\/product\/yoast-seo-wordpress\/ -->\n<title>C\u00e1diz Zu Fuss ein Genuss VIP | Excursiones por el Sur<\/title>\n<meta name=\"description\" content=\"Explora cada rinc&oacute;n de Andaluc&iacute;a y vive experiencias inolvidables.\" \/>\n<meta name=\"robots\" content=\"index, follow, max-snippet:-1, max-image-preview:large, max-video-preview:-1\" \/>\n<link rel=\"canonical\" href=\"https:\/\/excursionesporelsur.com\/de\/produkt\/cadiz-zu-fuss-ein-genuss-vip\/\" \/>\n<meta property=\"og:locale\" content=\"de_DE\" \/>\n<meta property=\"og:type\" content=\"article\" \/>\n<meta property=\"og:title\" content=\"C\u00e1diz Zu Fuss ein Genuss VIP | Excursiones por el Sur\" \/>\n<meta property=\"og:description\" content=\"Explora cada rinc&oacute;n de Andaluc&iacute;a y vive experiencias inolvidables.\" \/>\n<meta property=\"og:url\" content=\"https:\/\/excursionesporelsur.com\/de\/produkt\/cadiz-zu-fuss-ein-genuss-vip\/\" \/>\n<meta property=\"og:site_name\" content=\"Excursiones por el Sur\" \/>\n<meta property=\"article:publisher\" content=\"https:\/\/www.facebook.com\/profile.php?id=100081151666764\" \/>\n<meta property=\"article:modified_time\" content=\"2025-03-25T19:06:35+00:00\" \/>\n<meta property=\"og:image\" content=\"https:\/\/excursionesporelsur.com\/wp-content\/uploads\/2024\/02\/visita-guiada-de-medio-dia-a-cadiz-1.jpg\" \/>\n\t<meta property=\"og:image:width\" content=\"2560\" \/>\n\t<meta property=\"og:image:height\" content=\"1706\" \/>\n\t<meta property=\"og:image:type\" content=\"image\/jpeg\" \/>\n<meta name=\"twitter:card\" content=\"summary_large_image\" \/>\n<meta name=\"twitter:label1\" content=\"Gesch\u00e4tzte Lesezeit\" \/>\n\t<meta name=\"twitter:data1\" content=\"1\u00a0Minute\" \/>\n<script type=\"application\/ld+json\" class=\"yoast-schema-graph\">{\"@context\":\"https:\\\/\\\/schema.org\",\"@graph\":[{\"@type\":\"WebPage\",\"@id\":\"https:\\\/\\\/excursionesporelsur.com\\\/de\\\/produkt\\\/cadiz-zu-fuss-ein-genuss-vip\\\/\",\"url\":\"https:\\\/\\\/excursionesporelsur.com\\\/de\\\/produkt\\\/cadiz-zu-fuss-ein-genuss-vip\\\/\",\"name\":\"C\u00e1diz Zu Fuss ein Genuss VIP | Excursiones por el Sur\",\"isPartOf\":{\"@id\":\"https:\\\/\\\/excursionesporelsur.com\\\/de\\\/#website\"},\"primaryImageOfPage\":{\"@id\":\"https:\\\/\\\/excursionesporelsur.com\\\/de\\\/produkt\\\/cadiz-zu-fuss-ein-genuss-vip\\\/#primaryimage\"},\"image\":{\"@id\":\"https:\\\/\\\/excursionesporelsur.com\\\/de\\\/produkt\\\/cadiz-zu-fuss-ein-genuss-vip\\\/#primaryimage\"},\"thumbnailUrl\":\"https:\\\/\\\/excursionesporelsur.com\\\/wp-content\\\/uploads\\\/2024\\\/02\\\/visita-guiada-de-medio-dia-a-cadiz-1.jpg\",\"datePublished\":\"2025-02-25T15:45:40+00:00\",\"dateModified\":\"2025-03-25T19:06:35+00:00\",\"description\":\"Explora cada rinc&oacute;n de Andaluc&iacute;a y vive experiencias inolvidables.\",\"breadcrumb\":{\"@id\":\"https:\\\/\\\/excursionesporelsur.com\\\/de\\\/produkt\\\/cadiz-zu-fuss-ein-genuss-vip\\\/#breadcrumb\"},\"inLanguage\":\"de\",\"potentialAction\":[{\"@type\":\"ReadAction\",\"target\":[\"https:\\\/\\\/excursionesporelsur.com\\\/de\\\/produkt\\\/cadiz-zu-fuss-ein-genuss-vip\\\/\"]}]},{\"@type\":\"ImageObject\",\"inLanguage\":\"de\",\"@id\":\"https:\\\/\\\/excursionesporelsur.com\\\/de\\\/produkt\\\/cadiz-zu-fuss-ein-genuss-vip\\\/#primaryimage\",\"url\":\"https:\\\/\\\/excursionesporelsur.com\\\/wp-content\\\/uploads\\\/2024\\\/02\\\/visita-guiada-de-medio-dia-a-cadiz-1.jpg\",\"contentUrl\":\"https:\\\/\\\/excursionesporelsur.com\\\/wp-content\\\/uploads\\\/2024\\\/02\\\/visita-guiada-de-medio-dia-a-cadiz-1.jpg\",\"width\":2560,\"height\":1706},{\"@type\":\"BreadcrumbList\",\"@id\":\"https:\\\/\\\/excursionesporelsur.com\\\/de\\\/produkt\\\/cadiz-zu-fuss-ein-genuss-vip\\\/#breadcrumb\",\"itemListElement\":[{\"@type\":\"ListItem\",\"position\":1,\"name\":\"Portada\",\"item\":\"https:\\\/\\\/excursionesporelsur.com\\\/de\\\/\"},{\"@type\":\"ListItem\",\"position\":2,\"name\":\"Online Reservierung\",\"item\":\"https:\\\/\\\/excursionesporelsur.com\\\/de\\\/online-reservierung\\\/\"},{\"@type\":\"ListItem\",\"position\":3,\"name\":\"C\u00e1diz Zu Fuss ein Genuss VIP\"}]},{\"@type\":\"WebSite\",\"@id\":\"https:\\\/\\\/excursionesporelsur.com\\\/de\\\/#website\",\"url\":\"https:\\\/\\\/excursionesporelsur.com\\\/de\\\/\",\"name\":\"Excursiones por el Sur\",\"description\":\"Explora cada rinc&oacute;n de Andaluc&iacute;a y vive experiencias inolvidables.\",\"publisher\":{\"@id\":\"https:\\\/\\\/excursionesporelsur.com\\\/de\\\/#organization\"},\"potentialAction\":[{\"@type\":\"SearchAction\",\"target\":{\"@type\":\"EntryPoint\",\"urlTemplate\":\"https:\\\/\\\/excursionesporelsur.com\\\/de\\\/?s={search_term_string}\"},\"query-input\":{\"@type\":\"PropertyValueSpecification\",\"valueRequired\":true,\"valueName\":\"search_term_string\"}}],\"inLanguage\":\"de\"},{\"@type\":\"Organization\",\"@id\":\"https:\\\/\\\/excursionesporelsur.com\\\/de\\\/#organization\",\"name\":\"Excursiones por el Sur\",\"url\":\"https:\\\/\\\/excursionesporelsur.com\\\/de\\\/\",\"logo\":{\"@type\":\"ImageObject\",\"inLanguage\":\"de\",\"@id\":\"https:\\\/\\\/excursionesporelsur.com\\\/de\\\/#\\\/schema\\\/logo\\\/image\\\/\",\"url\":\"https:\\\/\\\/excursionesporelsur.com\\\/wp-content\\\/uploads\\\/2024\\\/02\\\/logo-excursiones-por-el-sur.png\",\"contentUrl\":\"https:\\\/\\\/excursionesporelsur.com\\\/wp-content\\\/uploads\\\/2024\\\/02\\\/logo-excursiones-por-el-sur.png\",\"width\":306,\"height\":120,\"caption\":\"Excursiones por el Sur\"},\"image\":{\"@id\":\"https:\\\/\\\/excursionesporelsur.com\\\/de\\\/#\\\/schema\\\/logo\\\/image\\\/\"},\"sameAs\":[\"https:\\\/\\\/www.facebook.com\\\/profile.php?id=100081151666764\",\"https:\\\/\\\/instagram.com\\\/excursionesporelsur\"]}]}<\/script>\n<!-- \/ Yoast SEO plugin. -->","yoast_head_json":{"title":"C\u00e1diz Zu Fuss ein Genuss VIP | Excursiones por el Sur","description":"Explora cada rinc&oacute;n de Andaluc&iacute;a y vive experiencias inolvidables.","robots":{"index":"index","follow":"follow","max-snippet":"max-snippet:-1","max-image-preview":"max-image-preview:large","max-video-preview":"max-video-preview:-1"},"canonical":"https:\/\/excursionesporelsur.com\/de\/produkt\/cadiz-zu-fuss-ein-genuss-vip\/","og_locale":"de_DE","og_type":"article","og_title":"C\u00e1diz Zu Fuss ein Genuss VIP | Excursiones por el Sur","og_description":"Explora cada rinc&oacute;n de Andaluc&iacute;a y vive experiencias inolvidables.","og_url":"https:\/\/excursionesporelsur.com\/de\/produkt\/cadiz-zu-fuss-ein-genuss-vip\/","og_site_name":"Excursiones por el Sur","article_publisher":"https:\/\/www.facebook.com\/profile.php?id=100081151666764","article_modified_time":"2025-03-25T19:06:35+00:00","og_image":[{"width":2560,"height":1706,"url":"https:\/\/excursionesporelsur.com\/wp-content\/uploads\/2024\/02\/visita-guiada-de-medio-dia-a-cadiz-1.jpg","type":"image\/jpeg"}],"twitter_card":"summary_large_image","twitter_misc":{"Gesch\u00e4tzte Lesezeit":"1\u00a0Minute"},"schema":{"@context":"https:\/\/schema.org","@graph":[{"@type":"WebPage","@id":"https:\/\/excursionesporelsur.com\/de\/produkt\/cadiz-zu-fuss-ein-genuss-vip\/","url":"https:\/\/excursionesporelsur.com\/de\/produkt\/cadiz-zu-fuss-ein-genuss-vip\/","name":"C\u00e1diz Zu Fuss ein Genuss VIP | Excursiones por el Sur","isPartOf":{"@id":"https:\/\/excursionesporelsur.com\/de\/#website"},"primaryImageOfPage":{"@id":"https:\/\/excursionesporelsur.com\/de\/produkt\/cadiz-zu-fuss-ein-genuss-vip\/#primaryimage"},"image":{"@id":"https:\/\/excursionesporelsur.com\/de\/produkt\/cadiz-zu-fuss-ein-genuss-vip\/#primaryimage"},"thumbnailUrl":"https:\/\/excursionesporelsur.com\/wp-content\/uploads\/2024\/02\/visita-guiada-de-medio-dia-a-cadiz-1.jpg","datePublished":"2025-02-25T15:45:40+00:00","dateModified":"2025-03-25T19:06:35+00:00","description":"Explora cada rinc&oacute;n de Andaluc&iacute;a y vive experiencias inolvidables.","breadcrumb":{"@id":"https:\/\/excursionesporelsur.com\/de\/produkt\/cadiz-zu-fuss-ein-genuss-vip\/#breadcrumb"},"inLanguage":"de","potentialAction":[{"@type":"ReadAction","target":["https:\/\/excursionesporelsur.com\/de\/produkt\/cadiz-zu-fuss-ein-genuss-vip\/"]}]},{"@type":"ImageObject","inLanguage":"de","@id":"https:\/\/excursionesporelsur.com\/de\/produkt\/cadiz-zu-fuss-ein-genuss-vip\/#primaryimage","url":"https:\/\/excursionesporelsur.com\/wp-content\/uploads\/2024\/02\/visita-guiada-de-medio-dia-a-cadiz-1.jpg","contentUrl":"https:\/\/excursionesporelsur.com\/wp-content\/uploads\/2024\/02\/visita-guiada-de-medio-dia-a-cadiz-1.jpg","width":2560,"height":1706},{"@type":"BreadcrumbList","@id":"https:\/\/excursionesporelsur.com\/de\/produkt\/cadiz-zu-fuss-ein-genuss-vip\/#breadcrumb","itemListElement":[{"@type":"ListItem","position":1,"name":"Portada","item":"https:\/\/excursionesporelsur.com\/de\/"},{"@type":"ListItem","position":2,"name":"Online Reservierung","item":"https:\/\/excursionesporelsur.com\/de\/online-reservierung\/"},{"@type":"ListItem","position":3,"name":"C\u00e1diz Zu Fuss ein Genuss VIP"}]},{"@type":"WebSite","@id":"https:\/\/excursionesporelsur.com\/de\/#website","url":"https:\/\/excursionesporelsur.com\/de\/","name":"Excursiones por el Sur","description":"Explora cada rinc&oacute;n de Andaluc&iacute;a y vive experiencias inolvidables.","publisher":{"@id":"https:\/\/excursionesporelsur.com\/de\/#organization"},"potentialAction":[{"@type":"SearchAction","target":{"@type":"EntryPoint","urlTemplate":"https:\/\/excursionesporelsur.com\/de\/?s={search_term_string}"},"query-input":{"@type":"PropertyValueSpecification","valueRequired":true,"valueName":"search_term_string"}}],"inLanguage":"de"},{"@type":"Organization","@id":"https:\/\/excursionesporelsur.com\/de\/#organization","name":"Excursiones por el Sur","url":"https:\/\/excursionesporelsur.com\/de\/","logo":{"@type":"ImageObject","inLanguage":"de","@id":"https:\/\/excursionesporelsur.com\/de\/#\/schema\/logo\/image\/","url":"https:\/\/excursionesporelsur.com\/wp-content\/uploads\/2024\/02\/logo-excursiones-por-el-sur.png","contentUrl":"https:\/\/excursionesporelsur.com\/wp-content\/uploads\/2024\/02\/logo-excursiones-por-el-sur.png","width":306,"height":120,"caption":"Excursiones por el Sur"},"image":{"@id":"https:\/\/excursionesporelsur.com\/de\/#\/schema\/logo\/image\/"},"sameAs":["https:\/\/www.facebook.com\/profile.php?id=100081151666764","https:\/\/instagram.com\/excursionesporelsur"]}]}},"_links":{"self":[{"href":"https:\/\/excursionesporelsur.com\/de\/wp-json\/wp\/v2\/product\/3833","targetHints":{"allow":["GET"]}}],"collection":[{"href":"https:\/\/excursionesporelsur.com\/de\/wp-json\/wp\/v2\/product"}],"about":[{"href":"https:\/\/excursionesporelsur.com\/de\/wp-json\/wp\/v2\/types\/product"}],"wp:featuredmedia":[{"embeddable":true,"href":"https:\/\/excursionesporelsur.com\/de\/wp-json\/wp\/v2\/media\/499"}],"wp:attachment":[{"href":"https:\/\/excursionesporelsur.com\/de\/wp-json\/wp\/v2\/media?parent=3833"}],"wp:term":[{"taxonomy":"product_brand","embeddable":true,"href":"https:\/\/excursionesporelsur.com\/de\/wp-json\/wp\/v2\/product_brand?post=3833"},{"taxonomy":"product_cat","embeddable":true,"href":"https:\/\/excursionesporelsur.com\/de\/wp-json\/wp\/v2\/product_cat?post=3833"},{"taxonomy":"product_tag","embeddable":true,"href":"https:\/\/excursionesporelsur.com\/de\/wp-json\/wp\/v2\/product_tag?post=3833"}],"curies":[{"name":"wp","href":"https:\/\/api.w.org\/{rel}","templated":true}]}}