{"id":3786,"date":"2025-02-24T11:21:39","date_gmt":"2025-02-24T10:21:39","guid":{"rendered":"https:\/\/excursionesporelsur.com\/?post_type=product&#038;p=3786"},"modified":"2025-04-20T12:36:35","modified_gmt":"2025-04-20T10:36:35","slug":"andalusische-landschaften-und-vejer","status":"publish","type":"product","link":"https:\/\/excursionesporelsur.com\/de\/produkt\/andalusische-landschaften-und-vejer\/","title":{"rendered":"Andalusische Landschaften und Vejer"},"content":{"rendered":"<p>Ein Ausflug, der uns zum Bauernhof &#8222;A Campo abierto\u201c f\u00fchrt, wo Sie einen unvorstellbaren Tag in der Freiheit der andalusischen Landschaft erleben und einen einzigartigen Besuch genie\u00dfen werden.<\/p>\n<p>Reiter und Cowboys zeigen Ihnen eines der bestgeh\u00fcteten Geheimnisse der andalusischen Kultur: die Zucht und Auswahl des Kampfstiers und die Z\u00e4hmung der andalusischen Pferde. Sie werden Cowboy- und klassische Dressurvorf\u00fchrungen inmitten der Natur erleben<\/p>\n<p>Zum Abschluss des Besuchs trinken wir ein Glas Sherry von Bodegas Alvaro Domecq und fahren dann weiter nach Vejer dela Frontera, einer historischen Stadt, die von einer wundersch\u00f6nen Landschaft umgeben ist und mehrfach mit dem Preis \u201eStadt von historischem und k\u00fcnstlerischem Interesse\u201c als eine der sch\u00f6nsten St\u00e4dte Spaniens ausgezeichnet wurde.<\/p>\n<p>Vejer hat steile Stra\u00dfen, die sich zwischen wei\u00df get\u00fcnchten H\u00e4usern mit geranienbewachsenen Balkonen und versteckten Innenh\u00f6fen schl\u00e4ngeln.<\/p>\n<p>Bei einem Spaziergang kommt man an der Plaza de Espa\u00f1a vorbei, die zweifellos zu den sch\u00f6nsten Pl\u00e4tzen Spaniens z\u00e4hlt. In der Mitte des Platzes befindet sich ein alter Kachelbrunnen mit den traditionellen Keramikfr\u00f6schen, die in der Mitte Wasser verspr\u00fchen.<\/p>\n<p>Die Kirche &#8222;El Divino Salvador\u201c ist, wie so viele Kirchen, auf den Ruinen einer alten Moschee erbaut. Das Haus des Grafen von Tamaron ist ein altes Geb\u00e4ude, das heute als Kulturzentrum dient. Die Stadtmauern und B\u00f6gen der Stadt sind intakt erhalten und man kann noch durch einige von ihnen hindurchgehen, wie zum Beispiel durch den &#8222;Erl\u00f6serbogen\u201c.<\/p>\n","protected":false},"excerpt":{"rendered":"<ul class=\"tui-activity-component-content__highlights\" data-v-270cd844=\"\">\n<li class=\"tui-activity-component-content__section-text tui-activity-component-content__section-text--highlights\" data-v-270cd844=\"\">Erleben Sie einen unglaublichen Tag in der Freiheit der andalusischen Landschaft<\/li>\n<li class=\"tui-activity-component-content__section-text tui-activity-component-content__section-text--highlights\" data-v-270cd844=\"\">Besuchen Sie eines der bekanntesten und sch\u00f6nsten wei\u00dfen D\u00f6rfer Spaniens<\/li>\n<li class=\"tui-activity-component-content__section-text tui-activity-component-content__section-text--highlights\" data-v-270cd844=\"\">Spektakul\u00e4re Aussichten<\/li>\n<\/ul>\n","protected":false},"featured_media":4049,"template":"","meta":{"_acf_changed":false},"product_brand":[],"product_cat":[33],"product_tag":[41],"class_list":{"0":"post-3786","1":"product","2":"type-product","3":"status-publish","4":"has-post-thumbnail","6":"product_cat-ausfluege","7":"product_tag-hotel-de","9":"first","10":"instock","11":"virtual","12":"sold-individually","13":"taxable","14":"purchasable","15":"product-type-turitop"},"acf":[],"yoast_head":"<!-- This site is optimized with the Yoast SEO plugin v27.4 - https:\/\/yoast.com\/product\/yoast-seo-wordpress\/ -->\n<title>Andalusische Landschaften und Vejer | Excursiones por el Sur<\/title>\n<meta name=\"description\" content=\"Explora cada rinc&oacute;n de Andaluc&iacute;a y vive experiencias inolvidables.\" \/>\n<meta name=\"robots\" content=\"index, follow, max-snippet:-1, max-image-preview:large, max-video-preview:-1\" \/>\n<link rel=\"canonical\" href=\"https:\/\/excursionesporelsur.com\/de\/produkt\/andalusische-landschaften-und-vejer\/\" \/>\n<meta property=\"og:locale\" content=\"de_DE\" \/>\n<meta property=\"og:type\" content=\"article\" \/>\n<meta property=\"og:title\" content=\"Andalusische Landschaften und Vejer | Excursiones por el Sur\" \/>\n<meta property=\"og:description\" content=\"Explora cada rinc&oacute;n de Andaluc&iacute;a y vive experiencias inolvidables.\" \/>\n<meta property=\"og:url\" content=\"https:\/\/excursionesporelsur.com\/de\/produkt\/andalusische-landschaften-und-vejer\/\" \/>\n<meta property=\"og:site_name\" content=\"Excursiones por el Sur\" \/>\n<meta property=\"article:publisher\" content=\"https:\/\/www.facebook.com\/profile.php?id=100081151666764\" \/>\n<meta property=\"article:modified_time\" content=\"2025-04-20T10:36:35+00:00\" \/>\n<meta property=\"og:image\" content=\"https:\/\/excursionesporelsur.com\/wp-content\/uploads\/2025\/02\/campina-andaluza-y-vejer.jpg\" \/>\n\t<meta property=\"og:image:width\" content=\"1920\" \/>\n\t<meta property=\"og:image:height\" content=\"1280\" \/>\n\t<meta property=\"og:image:type\" content=\"image\/jpeg\" \/>\n<meta name=\"twitter:card\" content=\"summary_large_image\" \/>\n<meta name=\"twitter:label1\" content=\"Gesch\u00e4tzte Lesezeit\" \/>\n\t<meta name=\"twitter:data1\" content=\"2\u00a0Minuten\" \/>\n<script type=\"application\/ld+json\" class=\"yoast-schema-graph\">{\"@context\":\"https:\\\/\\\/schema.org\",\"@graph\":[{\"@type\":\"WebPage\",\"@id\":\"https:\\\/\\\/excursionesporelsur.com\\\/de\\\/produkt\\\/andalusische-landschaften-und-vejer\\\/\",\"url\":\"https:\\\/\\\/excursionesporelsur.com\\\/de\\\/produkt\\\/andalusische-landschaften-und-vejer\\\/\",\"name\":\"Andalusische Landschaften und Vejer | Excursiones por el Sur\",\"isPartOf\":{\"@id\":\"https:\\\/\\\/excursionesporelsur.com\\\/de\\\/#website\"},\"primaryImageOfPage\":{\"@id\":\"https:\\\/\\\/excursionesporelsur.com\\\/de\\\/produkt\\\/andalusische-landschaften-und-vejer\\\/#primaryimage\"},\"image\":{\"@id\":\"https:\\\/\\\/excursionesporelsur.com\\\/de\\\/produkt\\\/andalusische-landschaften-und-vejer\\\/#primaryimage\"},\"thumbnailUrl\":\"https:\\\/\\\/excursionesporelsur.com\\\/wp-content\\\/uploads\\\/2025\\\/02\\\/campina-andaluza-y-vejer.jpg\",\"datePublished\":\"2025-02-24T10:21:39+00:00\",\"dateModified\":\"2025-04-20T10:36:35+00:00\",\"description\":\"Explora cada rinc&oacute;n de Andaluc&iacute;a y vive experiencias inolvidables.\",\"breadcrumb\":{\"@id\":\"https:\\\/\\\/excursionesporelsur.com\\\/de\\\/produkt\\\/andalusische-landschaften-und-vejer\\\/#breadcrumb\"},\"inLanguage\":\"de\",\"potentialAction\":[{\"@type\":\"ReadAction\",\"target\":[\"https:\\\/\\\/excursionesporelsur.com\\\/de\\\/produkt\\\/andalusische-landschaften-und-vejer\\\/\"]}]},{\"@type\":\"ImageObject\",\"inLanguage\":\"de\",\"@id\":\"https:\\\/\\\/excursionesporelsur.com\\\/de\\\/produkt\\\/andalusische-landschaften-und-vejer\\\/#primaryimage\",\"url\":\"https:\\\/\\\/excursionesporelsur.com\\\/wp-content\\\/uploads\\\/2025\\\/02\\\/campina-andaluza-y-vejer.jpg\",\"contentUrl\":\"https:\\\/\\\/excursionesporelsur.com\\\/wp-content\\\/uploads\\\/2025\\\/02\\\/campina-andaluza-y-vejer.jpg\",\"width\":1920,\"height\":1280},{\"@type\":\"BreadcrumbList\",\"@id\":\"https:\\\/\\\/excursionesporelsur.com\\\/de\\\/produkt\\\/andalusische-landschaften-und-vejer\\\/#breadcrumb\",\"itemListElement\":[{\"@type\":\"ListItem\",\"position\":1,\"name\":\"Portada\",\"item\":\"https:\\\/\\\/excursionesporelsur.com\\\/de\\\/\"},{\"@type\":\"ListItem\",\"position\":2,\"name\":\"Online Reservierung\",\"item\":\"https:\\\/\\\/excursionesporelsur.com\\\/de\\\/online-reservierung\\\/\"},{\"@type\":\"ListItem\",\"position\":3,\"name\":\"Andalusische Landschaften und Vejer\"}]},{\"@type\":\"WebSite\",\"@id\":\"https:\\\/\\\/excursionesporelsur.com\\\/de\\\/#website\",\"url\":\"https:\\\/\\\/excursionesporelsur.com\\\/de\\\/\",\"name\":\"Excursiones por el Sur\",\"description\":\"Explora cada rinc&oacute;n de Andaluc&iacute;a y vive experiencias inolvidables.\",\"publisher\":{\"@id\":\"https:\\\/\\\/excursionesporelsur.com\\\/de\\\/#organization\"},\"potentialAction\":[{\"@type\":\"SearchAction\",\"target\":{\"@type\":\"EntryPoint\",\"urlTemplate\":\"https:\\\/\\\/excursionesporelsur.com\\\/de\\\/?s={search_term_string}\"},\"query-input\":{\"@type\":\"PropertyValueSpecification\",\"valueRequired\":true,\"valueName\":\"search_term_string\"}}],\"inLanguage\":\"de\"},{\"@type\":\"Organization\",\"@id\":\"https:\\\/\\\/excursionesporelsur.com\\\/de\\\/#organization\",\"name\":\"Excursiones por el Sur\",\"url\":\"https:\\\/\\\/excursionesporelsur.com\\\/de\\\/\",\"logo\":{\"@type\":\"ImageObject\",\"inLanguage\":\"de\",\"@id\":\"https:\\\/\\\/excursionesporelsur.com\\\/de\\\/#\\\/schema\\\/logo\\\/image\\\/\",\"url\":\"https:\\\/\\\/excursionesporelsur.com\\\/wp-content\\\/uploads\\\/2024\\\/02\\\/logo-excursiones-por-el-sur.png\",\"contentUrl\":\"https:\\\/\\\/excursionesporelsur.com\\\/wp-content\\\/uploads\\\/2024\\\/02\\\/logo-excursiones-por-el-sur.png\",\"width\":306,\"height\":120,\"caption\":\"Excursiones por el Sur\"},\"image\":{\"@id\":\"https:\\\/\\\/excursionesporelsur.com\\\/de\\\/#\\\/schema\\\/logo\\\/image\\\/\"},\"sameAs\":[\"https:\\\/\\\/www.facebook.com\\\/profile.php?id=100081151666764\",\"https:\\\/\\\/instagram.com\\\/excursionesporelsur\"]}]}<\/script>\n<!-- \/ Yoast SEO plugin. -->","yoast_head_json":{"title":"Andalusische Landschaften und Vejer | Excursiones por el Sur","description":"Explora cada rinc&oacute;n de Andaluc&iacute;a y vive experiencias inolvidables.","robots":{"index":"index","follow":"follow","max-snippet":"max-snippet:-1","max-image-preview":"max-image-preview:large","max-video-preview":"max-video-preview:-1"},"canonical":"https:\/\/excursionesporelsur.com\/de\/produkt\/andalusische-landschaften-und-vejer\/","og_locale":"de_DE","og_type":"article","og_title":"Andalusische Landschaften und Vejer | Excursiones por el Sur","og_description":"Explora cada rinc&oacute;n de Andaluc&iacute;a y vive experiencias inolvidables.","og_url":"https:\/\/excursionesporelsur.com\/de\/produkt\/andalusische-landschaften-und-vejer\/","og_site_name":"Excursiones por el Sur","article_publisher":"https:\/\/www.facebook.com\/profile.php?id=100081151666764","article_modified_time":"2025-04-20T10:36:35+00:00","og_image":[{"width":1920,"height":1280,"url":"https:\/\/excursionesporelsur.com\/wp-content\/uploads\/2025\/02\/campina-andaluza-y-vejer.jpg","type":"image\/jpeg"}],"twitter_card":"summary_large_image","twitter_misc":{"Gesch\u00e4tzte Lesezeit":"2\u00a0Minuten"},"schema":{"@context":"https:\/\/schema.org","@graph":[{"@type":"WebPage","@id":"https:\/\/excursionesporelsur.com\/de\/produkt\/andalusische-landschaften-und-vejer\/","url":"https:\/\/excursionesporelsur.com\/de\/produkt\/andalusische-landschaften-und-vejer\/","name":"Andalusische Landschaften und Vejer | Excursiones por el Sur","isPartOf":{"@id":"https:\/\/excursionesporelsur.com\/de\/#website"},"primaryImageOfPage":{"@id":"https:\/\/excursionesporelsur.com\/de\/produkt\/andalusische-landschaften-und-vejer\/#primaryimage"},"image":{"@id":"https:\/\/excursionesporelsur.com\/de\/produkt\/andalusische-landschaften-und-vejer\/#primaryimage"},"thumbnailUrl":"https:\/\/excursionesporelsur.com\/wp-content\/uploads\/2025\/02\/campina-andaluza-y-vejer.jpg","datePublished":"2025-02-24T10:21:39+00:00","dateModified":"2025-04-20T10:36:35+00:00","description":"Explora cada rinc&oacute;n de Andaluc&iacute;a y vive experiencias inolvidables.","breadcrumb":{"@id":"https:\/\/excursionesporelsur.com\/de\/produkt\/andalusische-landschaften-und-vejer\/#breadcrumb"},"inLanguage":"de","potentialAction":[{"@type":"ReadAction","target":["https:\/\/excursionesporelsur.com\/de\/produkt\/andalusische-landschaften-und-vejer\/"]}]},{"@type":"ImageObject","inLanguage":"de","@id":"https:\/\/excursionesporelsur.com\/de\/produkt\/andalusische-landschaften-und-vejer\/#primaryimage","url":"https:\/\/excursionesporelsur.com\/wp-content\/uploads\/2025\/02\/campina-andaluza-y-vejer.jpg","contentUrl":"https:\/\/excursionesporelsur.com\/wp-content\/uploads\/2025\/02\/campina-andaluza-y-vejer.jpg","width":1920,"height":1280},{"@type":"BreadcrumbList","@id":"https:\/\/excursionesporelsur.com\/de\/produkt\/andalusische-landschaften-und-vejer\/#breadcrumb","itemListElement":[{"@type":"ListItem","position":1,"name":"Portada","item":"https:\/\/excursionesporelsur.com\/de\/"},{"@type":"ListItem","position":2,"name":"Online Reservierung","item":"https:\/\/excursionesporelsur.com\/de\/online-reservierung\/"},{"@type":"ListItem","position":3,"name":"Andalusische Landschaften und Vejer"}]},{"@type":"WebSite","@id":"https:\/\/excursionesporelsur.com\/de\/#website","url":"https:\/\/excursionesporelsur.com\/de\/","name":"Excursiones por el Sur","description":"Explora cada rinc&oacute;n de Andaluc&iacute;a y vive experiencias inolvidables.","publisher":{"@id":"https:\/\/excursionesporelsur.com\/de\/#organization"},"potentialAction":[{"@type":"SearchAction","target":{"@type":"EntryPoint","urlTemplate":"https:\/\/excursionesporelsur.com\/de\/?s={search_term_string}"},"query-input":{"@type":"PropertyValueSpecification","valueRequired":true,"valueName":"search_term_string"}}],"inLanguage":"de"},{"@type":"Organization","@id":"https:\/\/excursionesporelsur.com\/de\/#organization","name":"Excursiones por el Sur","url":"https:\/\/excursionesporelsur.com\/de\/","logo":{"@type":"ImageObject","inLanguage":"de","@id":"https:\/\/excursionesporelsur.com\/de\/#\/schema\/logo\/image\/","url":"https:\/\/excursionesporelsur.com\/wp-content\/uploads\/2024\/02\/logo-excursiones-por-el-sur.png","contentUrl":"https:\/\/excursionesporelsur.com\/wp-content\/uploads\/2024\/02\/logo-excursiones-por-el-sur.png","width":306,"height":120,"caption":"Excursiones por el Sur"},"image":{"@id":"https:\/\/excursionesporelsur.com\/de\/#\/schema\/logo\/image\/"},"sameAs":["https:\/\/www.facebook.com\/profile.php?id=100081151666764","https:\/\/instagram.com\/excursionesporelsur"]}]}},"_links":{"self":[{"href":"https:\/\/excursionesporelsur.com\/de\/wp-json\/wp\/v2\/product\/3786","targetHints":{"allow":["GET"]}}],"collection":[{"href":"https:\/\/excursionesporelsur.com\/de\/wp-json\/wp\/v2\/product"}],"about":[{"href":"https:\/\/excursionesporelsur.com\/de\/wp-json\/wp\/v2\/types\/product"}],"wp:featuredmedia":[{"embeddable":true,"href":"https:\/\/excursionesporelsur.com\/de\/wp-json\/wp\/v2\/media\/4049"}],"wp:attachment":[{"href":"https:\/\/excursionesporelsur.com\/de\/wp-json\/wp\/v2\/media?parent=3786"}],"wp:term":[{"taxonomy":"product_brand","embeddable":true,"href":"https:\/\/excursionesporelsur.com\/de\/wp-json\/wp\/v2\/product_brand?post=3786"},{"taxonomy":"product_cat","embeddable":true,"href":"https:\/\/excursionesporelsur.com\/de\/wp-json\/wp\/v2\/product_cat?post=3786"},{"taxonomy":"product_tag","embeddable":true,"href":"https:\/\/excursionesporelsur.com\/de\/wp-json\/wp\/v2\/product_tag?post=3786"}],"curies":[{"name":"wp","href":"https:\/\/api.w.org\/{rel}","templated":true}]}}