{"id":467,"date":"2024-02-12T17:19:25","date_gmt":"2024-02-12T17:19:25","guid":{"rendered":"https:\/\/excursionesporelsur.com\/cookie-richtlinie\/"},"modified":"2024-05-04T09:08:20","modified_gmt":"2024-05-04T09:08:20","slug":"cookie-richtlinie","status":"publish","type":"page","link":"https:\/\/excursionesporelsur.com\/de\/cookie-richtlinie\/","title":{"rendered":"Cookie-Richtlinie"},"content":{"rendered":"\n<p>Der Zugang zu dieser Website kann die Verwendung von Cookies beinhalten. Cookies sind kleine Informationsmengen, die in dem von jedem Nutzer verwendeten Browser &#8211; in den verschiedenen Ger\u00e4ten, die zum Surfen verwendet werden k\u00f6nnen &#8211; gespeichert werden, so dass sich der Server bestimmte Informationen merkt, die sp\u00e4ter nur von dem Server gelesen werden k\u00f6nnen, der sie implementiert hat. Cookies machen das Surfen einfacher, benutzerfreundlicher und besch\u00e4digen das Ger\u00e4t nicht.  <\/p>\n\n<p>Cookies sind automatische Verfahren zur Sammlung von Informationen \u00fcber die vom Nutzer w\u00e4hrend seines Besuchs auf der Website festgelegten Pr\u00e4ferenzen, um ihn als Nutzer zu erkennen und seine Erfahrung und Nutzung der Website zu personalisieren, und k\u00f6nnen beispielsweise auch dazu beitragen, Fehler zu erkennen und zu beheben.<\/p>\n\n<p>Die durch Cookies gesammelten Informationen k\u00f6nnen das Datum und die Uhrzeit der Besuche auf der Website, die besuchten Seiten, die auf der Website verbrachte Zeit und die unmittelbar vor und nach der Website besuchten Websites umfassen. Kein Cookie erlaubt es jedoch, die Telefonnummer des Nutzers oder andere Mittel zur pers\u00f6nlichen Kontaktaufnahme zu ermitteln. Kein Cookie kann Informationen von der Festplatte des Benutzers extrahieren oder pers\u00f6nliche Daten stehlen. Die einzige M\u00f6glichkeit, private Informationen des Benutzers in die Cookie-Datei aufzunehmen, besteht darin, dass der Benutzer diese Informationen pers\u00f6nlich an den Server weitergibt.   <\/p>\n\n<p>Cookies, die die Identifizierung einer Person erm\u00f6glichen, gelten als personenbezogene Daten. Daher gilt f\u00fcr sie die oben genannte Datenschutzrichtlinie. In diesem Zusammenhang erfordert die Verwendung von Cookies die Zustimmung des Nutzers. Diese Zustimmung wird auf der Grundlage einer echten Wahl, die durch eine best\u00e4tigende und positive Entscheidung vor der ersten Verarbeitung angeboten wird, mitgeteilt, entfernt und dokumentiert.   <\/p>\n\n<div class=\"wp-block-buttons is-content-justification-center is-layout-flex wp-container-core-buttons-is-layout-a89b3969 wp-block-buttons-is-layout-flex\">\n<div class=\"wp-block-button\"><a class=\"wp-block-button__link wp-element-button\" href=\"#gdpr_cookie_modal\">Cookies konfigurieren<\/a><\/div>\n<\/div>\n\n<h4 class=\"wp-block-heading\">Eigene Cookies<\/h4>\n\n<p>Es handelt sich um Cookies, die an den Computer oder das Ger\u00e4t des Nutzers gesendet und ausschlie\u00dflich von Excursiones por el Sur verwaltet werden, um das Funktionieren der Website zu verbessern. Die gesammelten Informationen werden verwendet, um die Qualit\u00e4t der Website und ihrer Inhalte sowie Ihre Erfahrung als Nutzer zu verbessern. Diese Cookies erm\u00f6glichen es uns, den Nutzer als wiederkehrenden Besucher der Website zu erkennen und die Inhalte so anzupassen, dass sie Ihren Pr\u00e4ferenzen entsprechen.  <\/p>\n\n<h4 class=\"wp-block-heading\">Cookies von Dritten<\/h4>\n\n<p>Es handelt sich um Cookies, die von externen Unternehmen verwendet und verwaltet werden, die Excursiones por el Sur die von den Nutzern angeforderten Dienstleistungen zur Verf\u00fcgung stellen, um die Website und das Nutzererlebnis beim Surfen auf der Website zu verbessern. Der Hauptzweck, f\u00fcr den Cookies von Drittanbietern verwendet werden, ist die Erstellung von Zugriffsstatistiken und die Analyse von Browsing-Informationen, d.h. wie der Nutzer mit der Website interagiert. <\/p>\n\n<p>La informaci\u00f3n que se obtiene se refiere, por ejemplo, al n\u00famero de p\u00e1ginas visitadas, el idioma, el lugar a la que la direcci\u00f3n IP desde el que accede el Usuario, el n\u00famero de Usuarios que acceden, la frecuencia y reincidencia de las visitas, el tiempo de visita, el navegador que usan, el operador o tipo de dispositivo desde el que se realiza la visita. Esta informaci\u00f3n se utiliza para mejorar el Sitio Web, y detectar nuevas necesidades para ofrecer a los Usuarios un Contenido y\/o servicio de \u00f3ptima calidad. En todo caso, la informaci\u00f3n se recopila de forma an\u00f3nima y se elaboran informes de tendencias del Sitio Web sin identificar a usuarios individuales.  <\/p>\n\n<p>Weitere Informationen \u00fcber Cookies, Informationen zum Schutz der Privatsph\u00e4re oder eine Beschreibung der Art der verwendeten Cookies, ihrer wichtigsten Merkmale, der G\u00fcltigkeitsdauer usw. finden Sie unter dem\/den folgenden Link(s):<\/p>\n\n<p>Google Analytics: https:\/\/developers.google.com\/analytics\/<\/p>\n\n<p>Die f\u00fcr die Bereitstellung von Cookies verantwortliche(n) Stelle(n) kann (k\u00f6nnen) diese Informationen an Dritte weitergeben, wenn dies gesetzlich vorgeschrieben ist oder wenn ein Dritter diese Informationen f\u00fcr diese Stellen verarbeitet.<\/p>\n\n<h4 class=\"wp-block-heading\">Von dieser Website verwendete Cookies<\/h4>\n\n<figure class=\"wp-block-table\"><table><thead><tr><th>COOKIE-NAME<\/th><th>TYP<\/th><th>ZWECK<\/th><th>DAUER<\/th><\/tr><\/thead><tbody><tr><td>wordpress_test_cookie<\/td><td>Ben\u00f6tigt<\/td><td>Pr\u00fcfen Sie, ob in Ihrem Browser Cookies aktiviert sind.<\/td><td>Sitzung<\/td><\/tr><tr><td>moove_gdpr_popup<\/td><td>Ben\u00f6tigt<\/td><td>Speichert den Status der Cookie-Zustimmung des Benutzers.<\/td><td>1 Jahr<\/td><\/tr><tr><td>tk_ai<\/td><td>Ben\u00f6tigt<\/td><td>Wird als anonyme ID verwendet, wenn der eingeloggte Benutzer nicht bei WordPress.com angemeldet ist.<\/td><td>Sitzung<\/td><\/tr><tr><td>cookielawinfo-checkbox-non-necessary<\/td><td>Ben\u00f6tigt<\/td><td>Speichert den Zustimmungsstatus des Benutzers f\u00fcr nicht ben\u00f6tigte Cookies.<\/td><td>1 Jahr<\/td><\/tr><tr><td>viewed_cookie_policy<\/td><td>Ben\u00f6tigt<\/td><td>Speichert den Status der Cookie-Zustimmung des Benutzers.<\/td><td>1 Jahr<\/td><\/tr><tr><td>wordpress_logged_in_<\/td><td>Ben\u00f6tigt<\/td><td>Zeigt an, wann Sie eingeloggt sind und welches das Benutzerkonto ist, wenn Sie sich auf der Website anmelden.<\/td><td>Sitzung<\/td><\/tr><tr><td>wp-settings-1<\/td><td>Ben\u00f6tigt<\/td><td>Speichert die Konfiguration der Benutzeroberfl\u00e4che.<\/td><td>1 Jahr<\/td><\/tr><tr><td>wp-settings-time-1<\/td><td>Ben\u00f6tigt<\/td><td>Speichert die Konfiguration der Benutzeroberfl\u00e4che.<\/td><td>1 Jahr<\/td><\/tr><tr><td>woocommerce_items_in_cart<\/td><td>Ben\u00f6tigt<\/td><td>Speichert Informationen \u00fcber den Einkaufswagen und die Artikel des Kunden.<\/td><td>Sitzung<\/td><\/tr><tr><td>woocommerce_cart_hash<\/td><td>Ben\u00f6tigt<\/td><td>Speichert Informationen \u00fcber den Einkaufswagen und die Artikel des Kunden.<\/td><td>Sitzung<\/td><\/tr><tr><td>wp_woocommerce_session_<\/td><td>Ben\u00f6tigt<\/td><td>Ruft die Informationen \u00fcber den Einkaufswagen ab, wenn Sie sich auf der Website anmelden.<\/td><td>2 Tage<\/td><\/tr><tr><td>_ga<\/td><td>Nicht erforderlich<\/td><td>Wird von Google verwendet, um Nutzer zu unterscheiden.<\/td><td>2 Jahre<\/td><\/tr><tr><td>_gid<\/td><td>Nicht erforderlich<\/td><td>Wird von Google verwendet, um Nutzer zu unterscheiden.<\/td><td>1 Tag<\/td><\/tr><tr><td>_gat_<\/td><td>Nicht erforderlich<\/td><td>Begrenzt den Prozentsatz der von Google gestellten Anfragen.<\/td><td>1 Minute<\/td><\/tr><tr><td>_fbp<\/td><td>Nicht erforderlich<\/td><td>Wird von Facebook verwendet, um Besuche auf der Website zu speichern und zu verfolgen.<\/td><td>3 Monate<\/td><\/tr><\/tbody><\/table><\/figure>\n\n<h4 class=\"wp-block-heading\">Cookies f\u00fcr soziale Medien<\/h4>\n\n<p>Excursiones por el Sur enth\u00e4lt Plugins f\u00fcr soziale Netzwerke, die den Zugriff auf diese von der Website aus erm\u00f6glichen. Aus diesem Grund k\u00f6nnen Cookies der sozialen Netzwerke im Browser des Nutzers gespeichert werden. Die Eigent\u00fcmer dieser sozialen Netzwerke haben ihre eigenen Datenschutzrichtlinien und Cookies und sind in jedem Fall selbst f\u00fcr ihre eigenen Dateien und ihre eigenen Datenschutzpraktiken verantwortlich. Der Nutzer sollte sich bei ihnen \u00fcber diese Cookies und gegebenenfalls \u00fcber die Verarbeitung seiner personenbezogenen Daten informieren. Zu Informationszwecken sind nachstehend die Links angegeben, \u00fcber die diese Datenschutz- und\/oder Cookie-Richtlinien eingesehen werden k\u00f6nnen:    <\/p>\n\n<ul class=\"wp-block-list\">\n<li>Facebook: <a href=\"https:\/\/www.facebook.com\/policies\/cookies\/\">https:\/\/www.facebook.com\/policies\/cookies\/<\/a><\/li>\n\n\n\n<li>Twitter: <a href=\"https:\/\/twitter.com\/es\/privacy\">https:\/\/twitter.com\/es\/privacy<\/a><\/li>\n\n\n\n<li>Instagram: <a href=\"https:\/\/help.instagram.com\/1896641480634370?ref=ig\">https:\/\/help.instagram.com\/1896641480634370?ref=ig<\/a><\/li>\n\n\n\n<li>YouTube: <a href=\"https:\/\/policies.google.com\/privacy?hl=es-419&amp;gl=mx\">https:\/\/policies.google.com\/privacy?hl=es-419&amp;gl=mx<\/a><\/li>\n\n\n\n<li>Pinterest: <a href=\"https:\/\/policy.pinterest.com\/es\/privacy-policy\">https:\/\/policy.pinterest.com\/es\/privacy-policy<\/a><\/li>\n\n\n\n<li>LinkedIn: <a href=\"https:\/\/www.linkedin.com\/legal\/cookie-policy?trk=hp-cookies\">https:\/\/www.linkedin.com\/legal\/cookie-policy?trk=hp-cookies<\/a><\/li>\n<\/ul>\n\n<h4 class=\"wp-block-heading\">Deaktivierung, Ablehnung und L\u00f6schung von Cookies<\/h4>\n\n<p>Der Nutzer kann die auf seinem Ger\u00e4t installierten Cookies ganz oder teilweise deaktivieren, ablehnen oder l\u00f6schen, indem er seinen Browser (z. B. Chrome, Firefox, Safari, Explorer) konfiguriert. Die Verfahren zur Ablehnung und L\u00f6schung von Cookies k\u00f6nnen sich von einem Internetbrowser zum anderen unterscheiden. Folglich muss der Nutzer die Anweisungen des von ihm verwendeten Internetbrowsers befolgen. Wenn Sie die Verwendung von Cookies &#8211; ganz oder teilweise &#8211; ablehnen, k\u00f6nnen Sie die Website weiterhin nutzen, auch wenn die Nutzung einiger ihrer Funktionen eingeschr\u00e4nkt sein kann.   <\/p>\n","protected":false},"excerpt":{"rendered":"<p>Der Zugang zu dieser Website kann die Verwendung von Cookies beinhalten. Cookies sind kleine Informationsmengen, die in dem von jedem Nutzer verwendeten Browser &#8211; in den verschiedenen Ger\u00e4ten, die zum Surfen verwendet werden k\u00f6nnen &#8211; gespeichert werden, so dass sich der Server bestimmte Informationen merkt, die sp\u00e4ter nur von dem Server gelesen werden k\u00f6nnen, der [&hellip;]<\/p>\n","protected":false},"author":1,"featured_media":0,"parent":0,"menu_order":0,"comment_status":"closed","ping_status":"closed","template":"","meta":{"_acf_changed":false,"footnotes":""},"class_list":["post-467","page","type-page","status-publish","hentry"],"acf":[],"yoast_head":"<!-- This site is optimized with the Yoast SEO plugin v27.4 - https:\/\/yoast.com\/product\/yoast-seo-wordpress\/ -->\n<title>Cookie-Richtlinie | Excursiones por el Sur<\/title>\n<meta name=\"robots\" content=\"noindex, follow\" \/>\n<meta property=\"og:locale\" content=\"de_DE\" \/>\n<meta property=\"og:type\" content=\"article\" \/>\n<meta property=\"og:title\" content=\"Cookie-Richtlinie | Excursiones por el Sur\" \/>\n<meta property=\"og:description\" content=\"Der Zugang zu dieser Website kann die Verwendung von Cookies beinhalten. Cookies sind kleine Informationsmengen, die in dem von jedem Nutzer verwendeten Browser &#8211; in den verschiedenen Ger\u00e4ten, die zum Surfen verwendet werden k\u00f6nnen &#8211; gespeichert werden, so dass sich der Server bestimmte Informationen merkt, die sp\u00e4ter nur von dem Server gelesen werden k\u00f6nnen, der [&hellip;]\" \/>\n<meta property=\"og:url\" content=\"https:\/\/excursionesporelsur.com\/de\/cookie-richtlinie\/\" \/>\n<meta property=\"og:site_name\" content=\"Excursiones por el Sur\" \/>\n<meta property=\"article:publisher\" content=\"https:\/\/www.facebook.com\/profile.php?id=100081151666764\" \/>\n<meta property=\"article:modified_time\" content=\"2024-05-04T09:08:20+00:00\" \/>\n<meta property=\"og:image\" content=\"https:\/\/excursionesporelsur.com\/wp-content\/uploads\/2024\/02\/excursiones-por-el-sur.png\" \/>\n\t<meta property=\"og:image:width\" content=\"1200\" \/>\n\t<meta property=\"og:image:height\" content=\"675\" \/>\n\t<meta property=\"og:image:type\" content=\"image\/png\" \/>\n<meta name=\"twitter:card\" content=\"summary_large_image\" \/>\n<meta name=\"twitter:label1\" content=\"Gesch\u00e4tzte Lesezeit\" \/>\n\t<meta name=\"twitter:data1\" content=\"5\u00a0Minuten\" \/>\n<script type=\"application\/ld+json\" class=\"yoast-schema-graph\">{\"@context\":\"https:\\\/\\\/schema.org\",\"@graph\":[{\"@type\":\"WebPage\",\"@id\":\"https:\\\/\\\/excursionesporelsur.com\\\/de\\\/cookie-richtlinie\\\/\",\"url\":\"https:\\\/\\\/excursionesporelsur.com\\\/de\\\/cookie-richtlinie\\\/\",\"name\":\"Cookie-Richtlinie | Excursiones por el Sur\",\"isPartOf\":{\"@id\":\"https:\\\/\\\/excursionesporelsur.com\\\/de\\\/#website\"},\"datePublished\":\"2024-02-12T17:19:25+00:00\",\"dateModified\":\"2024-05-04T09:08:20+00:00\",\"breadcrumb\":{\"@id\":\"https:\\\/\\\/excursionesporelsur.com\\\/de\\\/cookie-richtlinie\\\/#breadcrumb\"},\"inLanguage\":\"de\",\"potentialAction\":[{\"@type\":\"ReadAction\",\"target\":[\"https:\\\/\\\/excursionesporelsur.com\\\/de\\\/cookie-richtlinie\\\/\"]}]},{\"@type\":\"BreadcrumbList\",\"@id\":\"https:\\\/\\\/excursionesporelsur.com\\\/de\\\/cookie-richtlinie\\\/#breadcrumb\",\"itemListElement\":[{\"@type\":\"ListItem\",\"position\":1,\"name\":\"Portada\",\"item\":\"https:\\\/\\\/excursionesporelsur.com\\\/de\\\/\"},{\"@type\":\"ListItem\",\"position\":2,\"name\":\"Cookie-Richtlinie\"}]},{\"@type\":\"WebSite\",\"@id\":\"https:\\\/\\\/excursionesporelsur.com\\\/de\\\/#website\",\"url\":\"https:\\\/\\\/excursionesporelsur.com\\\/de\\\/\",\"name\":\"Excursiones por el Sur\",\"description\":\"Explora cada rinc&oacute;n de Andaluc&iacute;a y vive experiencias inolvidables.\",\"publisher\":{\"@id\":\"https:\\\/\\\/excursionesporelsur.com\\\/de\\\/#organization\"},\"potentialAction\":[{\"@type\":\"SearchAction\",\"target\":{\"@type\":\"EntryPoint\",\"urlTemplate\":\"https:\\\/\\\/excursionesporelsur.com\\\/de\\\/?s={search_term_string}\"},\"query-input\":{\"@type\":\"PropertyValueSpecification\",\"valueRequired\":true,\"valueName\":\"search_term_string\"}}],\"inLanguage\":\"de\"},{\"@type\":\"Organization\",\"@id\":\"https:\\\/\\\/excursionesporelsur.com\\\/de\\\/#organization\",\"name\":\"Excursiones por el Sur\",\"url\":\"https:\\\/\\\/excursionesporelsur.com\\\/de\\\/\",\"logo\":{\"@type\":\"ImageObject\",\"inLanguage\":\"de\",\"@id\":\"https:\\\/\\\/excursionesporelsur.com\\\/de\\\/#\\\/schema\\\/logo\\\/image\\\/\",\"url\":\"https:\\\/\\\/excursionesporelsur.com\\\/wp-content\\\/uploads\\\/2024\\\/02\\\/logo-excursiones-por-el-sur.png\",\"contentUrl\":\"https:\\\/\\\/excursionesporelsur.com\\\/wp-content\\\/uploads\\\/2024\\\/02\\\/logo-excursiones-por-el-sur.png\",\"width\":306,\"height\":120,\"caption\":\"Excursiones por el Sur\"},\"image\":{\"@id\":\"https:\\\/\\\/excursionesporelsur.com\\\/de\\\/#\\\/schema\\\/logo\\\/image\\\/\"},\"sameAs\":[\"https:\\\/\\\/www.facebook.com\\\/profile.php?id=100081151666764\",\"https:\\\/\\\/instagram.com\\\/excursionesporelsur\"]}]}<\/script>\n<!-- \/ Yoast SEO plugin. -->","yoast_head_json":{"title":"Cookie-Richtlinie | Excursiones por el Sur","robots":{"index":"noindex","follow":"follow"},"og_locale":"de_DE","og_type":"article","og_title":"Cookie-Richtlinie | Excursiones por el Sur","og_description":"Der Zugang zu dieser Website kann die Verwendung von Cookies beinhalten. Cookies sind kleine Informationsmengen, die in dem von jedem Nutzer verwendeten Browser &#8211; in den verschiedenen Ger\u00e4ten, die zum Surfen verwendet werden k\u00f6nnen &#8211; gespeichert werden, so dass sich der Server bestimmte Informationen merkt, die sp\u00e4ter nur von dem Server gelesen werden k\u00f6nnen, der [&hellip;]","og_url":"https:\/\/excursionesporelsur.com\/de\/cookie-richtlinie\/","og_site_name":"Excursiones por el Sur","article_publisher":"https:\/\/www.facebook.com\/profile.php?id=100081151666764","article_modified_time":"2024-05-04T09:08:20+00:00","og_image":[{"width":1200,"height":675,"url":"https:\/\/excursionesporelsur.com\/wp-content\/uploads\/2024\/02\/excursiones-por-el-sur.png","type":"image\/png"}],"twitter_card":"summary_large_image","twitter_misc":{"Gesch\u00e4tzte Lesezeit":"5\u00a0Minuten"},"schema":{"@context":"https:\/\/schema.org","@graph":[{"@type":"WebPage","@id":"https:\/\/excursionesporelsur.com\/de\/cookie-richtlinie\/","url":"https:\/\/excursionesporelsur.com\/de\/cookie-richtlinie\/","name":"Cookie-Richtlinie | Excursiones por el Sur","isPartOf":{"@id":"https:\/\/excursionesporelsur.com\/de\/#website"},"datePublished":"2024-02-12T17:19:25+00:00","dateModified":"2024-05-04T09:08:20+00:00","breadcrumb":{"@id":"https:\/\/excursionesporelsur.com\/de\/cookie-richtlinie\/#breadcrumb"},"inLanguage":"de","potentialAction":[{"@type":"ReadAction","target":["https:\/\/excursionesporelsur.com\/de\/cookie-richtlinie\/"]}]},{"@type":"BreadcrumbList","@id":"https:\/\/excursionesporelsur.com\/de\/cookie-richtlinie\/#breadcrumb","itemListElement":[{"@type":"ListItem","position":1,"name":"Portada","item":"https:\/\/excursionesporelsur.com\/de\/"},{"@type":"ListItem","position":2,"name":"Cookie-Richtlinie"}]},{"@type":"WebSite","@id":"https:\/\/excursionesporelsur.com\/de\/#website","url":"https:\/\/excursionesporelsur.com\/de\/","name":"Excursiones por el Sur","description":"Explora cada rinc&oacute;n de Andaluc&iacute;a y vive experiencias inolvidables.","publisher":{"@id":"https:\/\/excursionesporelsur.com\/de\/#organization"},"potentialAction":[{"@type":"SearchAction","target":{"@type":"EntryPoint","urlTemplate":"https:\/\/excursionesporelsur.com\/de\/?s={search_term_string}"},"query-input":{"@type":"PropertyValueSpecification","valueRequired":true,"valueName":"search_term_string"}}],"inLanguage":"de"},{"@type":"Organization","@id":"https:\/\/excursionesporelsur.com\/de\/#organization","name":"Excursiones por el Sur","url":"https:\/\/excursionesporelsur.com\/de\/","logo":{"@type":"ImageObject","inLanguage":"de","@id":"https:\/\/excursionesporelsur.com\/de\/#\/schema\/logo\/image\/","url":"https:\/\/excursionesporelsur.com\/wp-content\/uploads\/2024\/02\/logo-excursiones-por-el-sur.png","contentUrl":"https:\/\/excursionesporelsur.com\/wp-content\/uploads\/2024\/02\/logo-excursiones-por-el-sur.png","width":306,"height":120,"caption":"Excursiones por el Sur"},"image":{"@id":"https:\/\/excursionesporelsur.com\/de\/#\/schema\/logo\/image\/"},"sameAs":["https:\/\/www.facebook.com\/profile.php?id=100081151666764","https:\/\/instagram.com\/excursionesporelsur"]}]}},"_links":{"self":[{"href":"https:\/\/excursionesporelsur.com\/de\/wp-json\/wp\/v2\/pages\/467","targetHints":{"allow":["GET"]}}],"collection":[{"href":"https:\/\/excursionesporelsur.com\/de\/wp-json\/wp\/v2\/pages"}],"about":[{"href":"https:\/\/excursionesporelsur.com\/de\/wp-json\/wp\/v2\/types\/page"}],"author":[{"embeddable":true,"href":"https:\/\/excursionesporelsur.com\/de\/wp-json\/wp\/v2\/users\/1"}],"replies":[{"embeddable":true,"href":"https:\/\/excursionesporelsur.com\/de\/wp-json\/wp\/v2\/comments?post=467"}],"version-history":[{"count":3,"href":"https:\/\/excursionesporelsur.com\/de\/wp-json\/wp\/v2\/pages\/467\/revisions"}],"predecessor-version":[{"id":470,"href":"https:\/\/excursionesporelsur.com\/de\/wp-json\/wp\/v2\/pages\/467\/revisions\/470"}],"wp:attachment":[{"href":"https:\/\/excursionesporelsur.com\/de\/wp-json\/wp\/v2\/media?parent=467"}],"curies":[{"name":"wp","href":"https:\/\/api.w.org\/{rel}","templated":true}]}}