{"id":463,"date":"2024-02-12T17:19:01","date_gmt":"2024-02-12T16:19:01","guid":{"rendered":"https:\/\/excursionesporelsur.com\/rechtlicher-hinweis\/"},"modified":"2024-05-04T09:03:08","modified_gmt":"2024-05-04T09:03:08","slug":"rechtlicher-hinweis","status":"publish","type":"page","link":"https:\/\/excursionesporelsur.com\/de\/rechtlicher-hinweis\/","title":{"rendered":"Rechtlicher Hinweis"},"content":{"rendered":"\n<h3 class=\"wp-block-heading\">I. ALLGEMEINE INFORMATIONEN<\/h3>\n\n<p>In Erf\u00fcllung der Informationspflicht gem\u00e4\u00df dem Gesetz 34\/2002 \u00fcber die Dienste der Informationsgesellschaft und den elektronischen Gesch\u00e4ftsverkehr (LSSI-CE) vom 11. Juli werden im Folgenden die allgemeinen Informationen zu dieser Website gegeben:<\/p>\n\n<p>Eigent\u00fcmer dieser Website www.excursionesporelsur.com (im Folgenden Website) ist: COSTA ALMADRABA SL, mit der Steueridentifikationsnummer B16737942 und eingetragen im Handelsregister von C\u00e1diz, dessen Vertreter Jos\u00e9 Antonio S\u00e1nchez de Alba ist, und dessen Kontaktdaten lauten: Jos\u00e9 Antonio S\u00e1nchez de Alba:<\/p>\n\n<p>Anschrift: Carretera Barrio Nuevo, km 126, El Colorado, 11149 Conil de la Frontera, C\u00e1diz<\/p>\n\n<p>Telefonnummer der Kontaktperson: 633 88 50 89<\/p>\n\n<p>E-Mail-Kontakt: <a href=\"mailto:booking@caincoming.com\" target=\"_blank\" rel=\"noreferrer noopener\">booking@caincoming.com<\/a><\/p>\n\n<h3 class=\"wp-block-heading\">II. ALLGEMEINE NUTZUNGSBEDINGUNGEN <\/h3>\n\n<h4 class=\"wp-block-heading\">Der Gegenstand der Bedingungen und Konditionen: Die Website<\/h4>\n\n<p>Zweck der vorliegenden Allgemeinen Nutzungsbedingungen (im Folgenden Bedingungen) ist es, den Zugang zu und die Nutzung der Website zu regeln. Im Sinne dieser Bedingungen sind unter der Website zu verstehen: das \u00e4u\u00dfere Erscheinungsbild der statischen und dynamischen Bildschirmoberfl\u00e4chen, d. h. der Navigationsbaum, und alle Elemente, die sowohl in die Bildschirmoberfl\u00e4chen als auch in den Navigationsbaum integriert sind (im Folgenden \u201eInhalt\u201c), sowie alle Online-Dienste oder Ressourcen, die den Nutzern angeboten werden k\u00f6nnen (im Folgenden \u201eDienste\u201c). <\/p>\n\n<p>Excursiones por el Sur beh\u00e4lt sich das Recht vor, jederzeit und ohne Vorank\u00fcndigung die Pr\u00e4sentation und Konfiguration der Website sowie die darin enthaltenen Inhalte und Dienstleistungen zu \u00e4ndern. Sie erkennen an und erkl\u00e4ren sich damit einverstanden, dass Excursiones por el Sur jederzeit diese Elemente, die in die Website integriert sind, oder den Zugang zu ihnen einstellen, deaktivieren und \/ oder stornieren kann. <\/p>\n\n<p>Der Zugang des Nutzers zur Website ist kostenlos und erfolgt in der Regel unentgeltlich, ohne dass der Nutzer daf\u00fcr eine Gegenleistung erbringen muss, mit Ausnahme der Kosten f\u00fcr die Verbindung \u00fcber das Telekommunikationsnetz, die von dem vom Nutzer beauftragten Zugangsanbieter bereitgestellt werden.<\/p>\n\n<p>Die Nutzung von Inhalten oder Diensten der Website kann nur nach vorheriger Anmeldung oder Registrierung des Nutzers erfolgen.<\/p>\n\n<h4 class=\"wp-block-heading\">Der Benutzer<\/h4>\n\n<p>Der Zugang, die Navigation und die Nutzung der Website sowie die f\u00fcr die Interaktion zwischen dem Nutzer und Excursiones por el Sur zur Verf\u00fcgung gestellten Bereiche, wie z.B. Kommentare und \/ oder Blogging-Bereiche, verleihen dem Nutzer den Status eines Benutzers, so dass er von Beginn der Navigation auf der Website an alle hier dargelegten Bedingungen sowie deren sp\u00e4tere \u00c4nderungen akzeptiert, unbeschadet der Anwendung der einschl\u00e4gigen gesetzlichen Vorschriften, die gegebenenfalls einzuhalten sind. In Anbetracht der Relevanz der obigen Bestimmungen wird dem Benutzer empfohlen, sie bei jedem Besuch der Website zu lesen. <\/p>\n\n<p>Die Website von Excursiones por el Sur bietet ein breites Spektrum an Informationen, Dienstleistungen und Daten. Der Nutzer \u00fcbernimmt die Verantwortung f\u00fcr die korrekte Nutzung der Website. Diese Verantwortung erstreckt sich auf:  <\/p>\n\n<ul class=\"wp-block-list\">\n<li>Eine Nutzung der von Excursiones por el Sur angebotenen Informationen, Inhalte und\/oder Dienstleistungen und Daten, die nicht gegen die Bestimmungen dieser Bedingungen, das Gesetz, die guten Sitten oder die \u00f6ffentliche Ordnung verst\u00f6\u00dft oder in sonstiger Weise die Rechte Dritter oder den Betrieb der Website beeintr\u00e4chtigt.<\/li>\n\n\n\n<li>Die Richtigkeit und Rechtm\u00e4\u00dfigkeit der Informationen, die der Benutzer in den von Excursiones por el Sur bereitgestellten Formularen f\u00fcr den Zugang zu bestimmten Inhalten oder Dienstleistungen, die auf der Website angeboten werden, angibt. In jedem Fall ist der Benutzer verpflichtet, Excursiones por el Sur unverz\u00fcglich \u00fcber jedes Ereignis zu informieren, das den Missbrauch der in diesen Formularen erfassten Informationen erm\u00f6glicht, wie z.B., aber nicht beschr\u00e4nkt auf, Diebstahl, Verlust oder unbefugten Zugriff auf Identifikatoren und \/ oder Passw\u00f6rter, um deren sofortige L\u00f6schung zu veranlassen. <\/li>\n<\/ul>\n\n<p>Excursiones por el Sur beh\u00e4lt sich das Recht vor, alle Kommentare und Beitr\u00e4ge zu entfernen, die gegen das Gesetz, die Achtung der W\u00fcrde der Person versto\u00dfen, die diskriminierend, fremdenfeindlich, rassistisch, pornografisch, spammend sind, die Jugend oder das Kind, die Ordnung oder die \u00f6ffentliche Sicherheit bedrohen oder die seiner Meinung nach nicht zur Ver\u00f6ffentlichung geeignet sind.<\/p>\n\n<p>In jedem Fall ist Excursiones por el Sur nicht f\u00fcr die Meinungen verantwortlich, die von den Nutzern in Kommentaren oder anderen Blogging- oder Partizipations-Tools ge\u00e4u\u00dfert werden, die m\u00f6glicherweise existieren.<\/p>\n\n<p>Der blo\u00dfe Zugang zu dieser Website stellt keinerlei Gesch\u00e4ftsbeziehung zwischen Excursiones por el Sur und dem Nutzer dar.<\/p>\n\n<p>In \u00dcbereinstimmung mit der geltenden Gesetzgebung richtet sich diese Website von Excursions du Sud an alle Personen, unabh\u00e4ngig von ihrem Alter, die auf die Seiten der Website zugreifen und\/oder diese durchsuchen k\u00f6nnen.<\/p>\n\n<p>Die Website ist in erster Linie f\u00fcr Nutzer mit Wohnsitz in Spanien bestimmt. Excursiones por el Sur gibt keine Zusicherung, dass die Website ganz oder teilweise mit den Gesetzen anderer L\u00e4nder \u00fcbereinstimmt. Wenn der Nutzer seinen Wohnsitz oder Sitz anderswo hat und beschlie\u00dft, auf die Website zuzugreifen und\/oder sie zu durchsuchen, geschieht dies auf eigenes Risiko. Sie m\u00fcssen sicherstellen, dass ein solcher Zugang und eine solche Navigation mit der geltenden lokalen Gesetzgebung \u00fcbereinstimmen, wobei Excursiones por el Sur keine Haftung \u00fcbernimmt, die sich aus einem solchen Zugang ergeben k\u00f6nnte.<\/p>\n\n<h3 class=\"wp-block-heading\">III. ZUGANG UND NAVIGATION AUF DER WEBSITE: AUSSCHLUSS VON GEW\u00c4HRLEISTUNG UND HAFTUNG <\/h3>\n\n<p>Excursiones por el Sur \u00fcbernimmt keine Garantie f\u00fcr die Kontinuit\u00e4t, Verf\u00fcgbarkeit und N\u00fctzlichkeit der Website oder der Inhalte oder Dienstleistungen. Excursiones por el Sur wird alles tun, was m\u00f6glich ist f\u00fcr das reibungslose Funktionieren der Website, ist jedoch nicht verantwortlich oder garantieren, dass der Zugang zu dieser Website wird nicht ununterbrochen oder fehlerfrei sein. <\/p>\n\n<p>Excursiones por el Sur \u00fcbernimmt auch keine Verantwortung oder Garantie daf\u00fcr, dass der Inhalt oder die Software, auf die \u00fcber diese Website zugegriffen werden kann, frei von Fehlern ist oder Sch\u00e4den am Computersystem (Software und Hardware) des Benutzers verursacht. In keinem Fall haftet Excursiones por el Sur f\u00fcr Verluste oder Sch\u00e4den jeglicher Art, die sich aus dem Zugang, der Navigation und der Nutzung der Website ergeben, einschlie\u00dflich, aber nicht beschr\u00e4nkt auf Sch\u00e4den an Computersystemen oder solche, die durch die Einf\u00fchrung von Viren verursacht werden. <\/p>\n\n<p>Excursiones por el Sur ist nicht verantwortlich f\u00fcr Sch\u00e4den, die den Benutzern durch unsachgem\u00e4\u00dfe Nutzung dieser Website verursacht werden k\u00f6nnen. Insbesondere ist nicht verantwortlich in irgendeiner Weise f\u00fcr die F\u00e4lle, Unterbrechungen, Ausfall oder Defekt der Telekommunikation, die auftreten k\u00f6nnen. <\/p>\n\n<h3 class=\"wp-block-heading\">IV. KOPPLUNGSPOLITIK <\/h3>\n\n<p>Es wird berichtet, dass die Website Excursiones por el Sur den Nutzern Mittel zur Verkn\u00fcpfung (wie u.a. Links, Banner, Schaltfl\u00e4chen), Verzeichnisse und Suchmaschinen zur Verf\u00fcgung stellt oder stellen kann, die den Nutzern den Zugang zu Websites erm\u00f6glichen, die Dritten geh\u00f6ren und\/oder von diesen verwaltet werden.<\/p>\n\n<p>Die Einrichtung dieser Links, Verzeichnisse und Suchmaschinen auf der Website soll den Nutzern die Suche nach und den Zugang zu den im Internet verf\u00fcgbaren Informationen erleichtern und darf nicht als Vorschlag, Empfehlung oder Aufforderung zum Besuch dieser Websites angesehen werden.<\/p>\n\n<p>Excursiones por el Sur bietet weder selbst noch \u00fcber Dritte die auf diesen verlinkten Seiten verf\u00fcgbaren Produkte und\/oder Dienstleistungen an oder vermarktet sie.<\/p>\n\n<p>Sie \u00fcbernimmt auch keine Garantie f\u00fcr die technische Verf\u00fcgbarkeit, Genauigkeit, Richtigkeit, G\u00fcltigkeit oder Rechtm\u00e4\u00dfigkeit von Websites, die nicht in ihrem Besitz sind und auf die \u00fcber die Links zugegriffen werden kann.<\/p>\n\n<p>Excursiones por el Sur \u00fcberpr\u00fcft oder kontrolliert in keiner Weise den Inhalt anderer Websites, noch billigt, pr\u00fcft oder unterst\u00fctzt es die Produkte und Dienstleistungen, Inhalte, Dateien und jegliches andere Material auf diesen verlinkten Websites.<\/p>\n\n<p>Excursiones por el Sur \u00fcbernimmt keine Haftung f\u00fcr Sch\u00e4den, die aus dem Zugang, der Nutzung, der Qualit\u00e4t oder der Rechtm\u00e4\u00dfigkeit des Inhalts, der Mitteilungen, der Meinungen, der Produkte und der Dienstleistungen von Websites entstehen, die nicht von Excursiones por el Sur verwaltet werden und die mit dieser Website verlinkt sind.<\/p>\n\n<p>Der Nutzer oder ein Dritter, der einen Hyperlink von einer anderen Website auf die Website von Excursiones por el Sur setzt, muss sich bewusst sein, dass:<\/p>\n\n<p>Die Vervielf\u00e4ltigung &#8211; ganz oder teilweise &#8211; von Inhalten und\/oder Dienstleistungen der Website ist ohne ausdr\u00fcckliche Genehmigung von Excursiones por el Sur nicht gestattet.<\/p>\n\n<p>Es ist nicht gestattet, falsche, ungenaue oder inkorrekte Aussagen \u00fcber die Website von Excursiones por el Sur oder \u00fcber die Inhalte und\/oder Dienstleistungen derselben zu machen.<\/p>\n\n<p>Mit Ausnahme des Hyperlinks darf die Website, auf der der Hyperlink eingerichtet ist, keine Elemente dieser Website enthalten, die als geistiges Eigentum durch die spanische Rechtsordnung gesch\u00fctzt sind, es sei denn, Excursiones por el Sur hat dies ausdr\u00fccklich genehmigt.<\/p>\n\n<p>Die Einrichtung des Hyperlinks bedeutet nicht die Existenz von Beziehungen zwischen Excursiones por el Sur und dem Eigent\u00fcmer der Website, von der es gemacht wird, noch die Kenntnis und Akzeptanz von Excursiones por el Sur von den Inhalten, Dienstleistungen und \/ oder Aktivit\u00e4ten auf dieser Website angeboten, und umgekehrt.<\/p>\n\n<h3 class=\"wp-block-heading\">V. GEISTIGES UND GEWERBLICHES EIGENTUM<\/h3>\n\n<p>Excursiones por el Sur ist selbst oder als Bevollm\u00e4chtigter Eigent\u00fcmer aller geistigen und gewerblichen Eigentumsrechte an der Website sowie der darin enthaltenen Elemente (einschlie\u00dflich, aber nicht beschr\u00e4nkt auf Bilder, Ton, Audio, Video, Software oder Text, Marken oder Logos, Farbkombinationen, Struktur und Design, Auswahl der verwendeten Materialien, Computerprogramme, die f\u00fcr den Betrieb, den Zugang und die Nutzung erforderlich sind, usw.). Es handelt sich also um Werke, die als geistiges Eigentum durch das spanische Rechtssystem gesch\u00fctzt sind, da auf sie sowohl die spanischen und gemeinschaftlichen Vorschriften in diesem Bereich als auch die von Spanien unterzeichneten internationalen Vertr\u00e4ge in diesem Bereich anwendbar sind. <\/p>\n\n<p>Alle Rechte vorbehalten. Gem\u00e4\u00df den Bestimmungen des Gesetzes zum Schutz des geistigen Eigentums sind die Vervielf\u00e4ltigung, die Verbreitung und die \u00f6ffentliche Wiedergabe, einschlie\u00dflich der Zurverf\u00fcgungstellung, des gesamten oder eines Teils des Inhalts dieser Website zu kommerziellen Zwecken in jeglichem Medium und mit jeglichen technischen Mitteln ohne die Genehmigung von Excursiones por el Sur ausdr\u00fccklich verboten. <\/p>\n\n<p>Der Benutzer verpflichtet sich, die geistigen und gewerblichen Eigentumsrechte von Excursiones por el Sur zu respektieren. Sie k\u00f6nnen die Elemente der Website ansehen oder sogar ausdrucken, kopieren und auf der Festplatte Ihres Computers oder einer anderen Hardware speichern, sofern dies ausschlie\u00dflich f\u00fcr den pers\u00f6nlichen Gebrauch geschieht. Der Nutzer darf jedoch keine Schutzvorrichtungen oder Sicherheitssysteme, die auf der Website installiert wurden, entfernen, ver\u00e4ndern oder manipulieren.  <\/p>\n\n<p>F\u00fcr den Fall, dass der Nutzer oder ein Dritter der Meinung ist, dass einer der Inhalte der Website eine Verletzung der Rechte zum Schutz des geistigen Eigentums beinhaltet, m\u00fcssen Sie Excursiones por el Sur unverz\u00fcglich \u00fcber die Kontaktdaten im Abschnitt ALLGEMEINE INFORMATIONEN dieser rechtlichen Hinweise und allgemeinen Nutzungsbedingungen informieren.<\/p>\n\n<h3 class=\"wp-block-heading\">VI. GERICHTSVERFAHREN, ANWENDBARES RECHT UND GERICHTSBARKEIT <\/h3>\n\n<p>Excursiones por el Sur beh\u00e4lt sich das Recht vor, zivil- oder strafrechtliche Schritte einzuleiten, die es f\u00fcr den Missbrauch der Website und der Inhalte oder f\u00fcr die Verletzung der vorliegenden Bedingungen f\u00fcr notwendig erachtet.<\/p>\n\n<p>Die Beziehung zwischen dem Benutzer und Excursiones por el Sur unterliegt den in Spanien geltenden Vorschriften. Im Falle von Streitigkeiten in Bezug auf die Auslegung und\/oder Anwendung dieser Bedingungen unterwerfen die Parteien ihre Streitigkeiten der ordentlichen Gerichtsbarkeit, indem sie sich den Richtern und Gerichten unterwerfen, die nach dem Gesetz zust\u00e4ndig sind. <\/p>\n","protected":false},"excerpt":{"rendered":"<p>I. ALLGEMEINE INFORMATIONEN In Erf\u00fcllung der Informationspflicht gem\u00e4\u00df dem Gesetz 34\/2002 \u00fcber die Dienste der Informationsgesellschaft und den elektronischen Gesch\u00e4ftsverkehr (LSSI-CE) vom 11. Juli werden im Folgenden die allgemeinen Informationen zu dieser Website gegeben: Eigent\u00fcmer dieser Website www.excursionesporelsur.com (im Folgenden Website) ist: COSTA ALMADRABA SL, mit der Steueridentifikationsnummer B16737942 und eingetragen im Handelsregister von C\u00e1diz, [&hellip;]<\/p>\n","protected":false},"author":1,"featured_media":0,"parent":0,"menu_order":0,"comment_status":"closed","ping_status":"closed","template":"","meta":{"_acf_changed":false,"footnotes":""},"class_list":["post-463","page","type-page","status-publish","hentry"],"acf":[],"yoast_head":"<!-- This site is optimized with the Yoast SEO plugin v27.4 - https:\/\/yoast.com\/product\/yoast-seo-wordpress\/ -->\n<title>Rechtlicher Hinweis | Excursiones por el Sur<\/title>\n<meta name=\"robots\" content=\"noindex, follow\" \/>\n<meta property=\"og:locale\" content=\"de_DE\" \/>\n<meta property=\"og:type\" content=\"article\" \/>\n<meta property=\"og:title\" content=\"Rechtlicher Hinweis | Excursiones por el Sur\" \/>\n<meta property=\"og:description\" content=\"I. ALLGEMEINE INFORMATIONEN In Erf\u00fcllung der Informationspflicht gem\u00e4\u00df dem Gesetz 34\/2002 \u00fcber die Dienste der Informationsgesellschaft und den elektronischen Gesch\u00e4ftsverkehr (LSSI-CE) vom 11. Juli werden im Folgenden die allgemeinen Informationen zu dieser Website gegeben: Eigent\u00fcmer dieser Website www.excursionesporelsur.com (im Folgenden Website) ist: COSTA ALMADRABA SL, mit der Steueridentifikationsnummer B16737942 und eingetragen im Handelsregister von C\u00e1diz, [&hellip;]\" \/>\n<meta property=\"og:url\" content=\"https:\/\/excursionesporelsur.com\/de\/rechtlicher-hinweis\/\" \/>\n<meta property=\"og:site_name\" content=\"Excursiones por el Sur\" \/>\n<meta property=\"article:publisher\" content=\"https:\/\/www.facebook.com\/profile.php?id=100081151666764\" \/>\n<meta property=\"article:modified_time\" content=\"2024-05-04T09:03:08+00:00\" \/>\n<meta property=\"og:image\" content=\"https:\/\/excursionesporelsur.com\/wp-content\/uploads\/2024\/02\/excursiones-por-el-sur.png\" \/>\n\t<meta property=\"og:image:width\" content=\"1200\" \/>\n\t<meta property=\"og:image:height\" content=\"675\" \/>\n\t<meta property=\"og:image:type\" content=\"image\/png\" \/>\n<meta name=\"twitter:card\" content=\"summary_large_image\" \/>\n<meta name=\"twitter:label1\" content=\"Gesch\u00e4tzte Lesezeit\" \/>\n\t<meta name=\"twitter:data1\" content=\"9\u00a0Minuten\" \/>\n<script type=\"application\/ld+json\" class=\"yoast-schema-graph\">{\"@context\":\"https:\\\/\\\/schema.org\",\"@graph\":[{\"@type\":\"WebPage\",\"@id\":\"https:\\\/\\\/excursionesporelsur.com\\\/de\\\/rechtlicher-hinweis\\\/\",\"url\":\"https:\\\/\\\/excursionesporelsur.com\\\/de\\\/rechtlicher-hinweis\\\/\",\"name\":\"Rechtlicher Hinweis | Excursiones por el Sur\",\"isPartOf\":{\"@id\":\"https:\\\/\\\/excursionesporelsur.com\\\/de\\\/#website\"},\"datePublished\":\"2024-02-12T16:19:01+00:00\",\"dateModified\":\"2024-05-04T09:03:08+00:00\",\"breadcrumb\":{\"@id\":\"https:\\\/\\\/excursionesporelsur.com\\\/de\\\/rechtlicher-hinweis\\\/#breadcrumb\"},\"inLanguage\":\"de\",\"potentialAction\":[{\"@type\":\"ReadAction\",\"target\":[\"https:\\\/\\\/excursionesporelsur.com\\\/de\\\/rechtlicher-hinweis\\\/\"]}]},{\"@type\":\"BreadcrumbList\",\"@id\":\"https:\\\/\\\/excursionesporelsur.com\\\/de\\\/rechtlicher-hinweis\\\/#breadcrumb\",\"itemListElement\":[{\"@type\":\"ListItem\",\"position\":1,\"name\":\"Portada\",\"item\":\"https:\\\/\\\/excursionesporelsur.com\\\/de\\\/\"},{\"@type\":\"ListItem\",\"position\":2,\"name\":\"Rechtlicher Hinweis\"}]},{\"@type\":\"WebSite\",\"@id\":\"https:\\\/\\\/excursionesporelsur.com\\\/de\\\/#website\",\"url\":\"https:\\\/\\\/excursionesporelsur.com\\\/de\\\/\",\"name\":\"Excursiones por el Sur\",\"description\":\"Explora cada rinc&oacute;n de Andaluc&iacute;a y vive experiencias inolvidables.\",\"publisher\":{\"@id\":\"https:\\\/\\\/excursionesporelsur.com\\\/de\\\/#organization\"},\"potentialAction\":[{\"@type\":\"SearchAction\",\"target\":{\"@type\":\"EntryPoint\",\"urlTemplate\":\"https:\\\/\\\/excursionesporelsur.com\\\/de\\\/?s={search_term_string}\"},\"query-input\":{\"@type\":\"PropertyValueSpecification\",\"valueRequired\":true,\"valueName\":\"search_term_string\"}}],\"inLanguage\":\"de\"},{\"@type\":\"Organization\",\"@id\":\"https:\\\/\\\/excursionesporelsur.com\\\/de\\\/#organization\",\"name\":\"Excursiones por el Sur\",\"url\":\"https:\\\/\\\/excursionesporelsur.com\\\/de\\\/\",\"logo\":{\"@type\":\"ImageObject\",\"inLanguage\":\"de\",\"@id\":\"https:\\\/\\\/excursionesporelsur.com\\\/de\\\/#\\\/schema\\\/logo\\\/image\\\/\",\"url\":\"https:\\\/\\\/excursionesporelsur.com\\\/wp-content\\\/uploads\\\/2024\\\/02\\\/logo-excursiones-por-el-sur.png\",\"contentUrl\":\"https:\\\/\\\/excursionesporelsur.com\\\/wp-content\\\/uploads\\\/2024\\\/02\\\/logo-excursiones-por-el-sur.png\",\"width\":306,\"height\":120,\"caption\":\"Excursiones por el Sur\"},\"image\":{\"@id\":\"https:\\\/\\\/excursionesporelsur.com\\\/de\\\/#\\\/schema\\\/logo\\\/image\\\/\"},\"sameAs\":[\"https:\\\/\\\/www.facebook.com\\\/profile.php?id=100081151666764\",\"https:\\\/\\\/instagram.com\\\/excursionesporelsur\"]}]}<\/script>\n<!-- \/ Yoast SEO plugin. -->","yoast_head_json":{"title":"Rechtlicher Hinweis | Excursiones por el Sur","robots":{"index":"noindex","follow":"follow"},"og_locale":"de_DE","og_type":"article","og_title":"Rechtlicher Hinweis | Excursiones por el Sur","og_description":"I. ALLGEMEINE INFORMATIONEN In Erf\u00fcllung der Informationspflicht gem\u00e4\u00df dem Gesetz 34\/2002 \u00fcber die Dienste der Informationsgesellschaft und den elektronischen Gesch\u00e4ftsverkehr (LSSI-CE) vom 11. Juli werden im Folgenden die allgemeinen Informationen zu dieser Website gegeben: Eigent\u00fcmer dieser Website www.excursionesporelsur.com (im Folgenden Website) ist: COSTA ALMADRABA SL, mit der Steueridentifikationsnummer B16737942 und eingetragen im Handelsregister von C\u00e1diz, [&hellip;]","og_url":"https:\/\/excursionesporelsur.com\/de\/rechtlicher-hinweis\/","og_site_name":"Excursiones por el Sur","article_publisher":"https:\/\/www.facebook.com\/profile.php?id=100081151666764","article_modified_time":"2024-05-04T09:03:08+00:00","og_image":[{"width":1200,"height":675,"url":"https:\/\/excursionesporelsur.com\/wp-content\/uploads\/2024\/02\/excursiones-por-el-sur.png","type":"image\/png"}],"twitter_card":"summary_large_image","twitter_misc":{"Gesch\u00e4tzte Lesezeit":"9\u00a0Minuten"},"schema":{"@context":"https:\/\/schema.org","@graph":[{"@type":"WebPage","@id":"https:\/\/excursionesporelsur.com\/de\/rechtlicher-hinweis\/","url":"https:\/\/excursionesporelsur.com\/de\/rechtlicher-hinweis\/","name":"Rechtlicher Hinweis | Excursiones por el Sur","isPartOf":{"@id":"https:\/\/excursionesporelsur.com\/de\/#website"},"datePublished":"2024-02-12T16:19:01+00:00","dateModified":"2024-05-04T09:03:08+00:00","breadcrumb":{"@id":"https:\/\/excursionesporelsur.com\/de\/rechtlicher-hinweis\/#breadcrumb"},"inLanguage":"de","potentialAction":[{"@type":"ReadAction","target":["https:\/\/excursionesporelsur.com\/de\/rechtlicher-hinweis\/"]}]},{"@type":"BreadcrumbList","@id":"https:\/\/excursionesporelsur.com\/de\/rechtlicher-hinweis\/#breadcrumb","itemListElement":[{"@type":"ListItem","position":1,"name":"Portada","item":"https:\/\/excursionesporelsur.com\/de\/"},{"@type":"ListItem","position":2,"name":"Rechtlicher Hinweis"}]},{"@type":"WebSite","@id":"https:\/\/excursionesporelsur.com\/de\/#website","url":"https:\/\/excursionesporelsur.com\/de\/","name":"Excursiones por el Sur","description":"Explora cada rinc&oacute;n de Andaluc&iacute;a y vive experiencias inolvidables.","publisher":{"@id":"https:\/\/excursionesporelsur.com\/de\/#organization"},"potentialAction":[{"@type":"SearchAction","target":{"@type":"EntryPoint","urlTemplate":"https:\/\/excursionesporelsur.com\/de\/?s={search_term_string}"},"query-input":{"@type":"PropertyValueSpecification","valueRequired":true,"valueName":"search_term_string"}}],"inLanguage":"de"},{"@type":"Organization","@id":"https:\/\/excursionesporelsur.com\/de\/#organization","name":"Excursiones por el Sur","url":"https:\/\/excursionesporelsur.com\/de\/","logo":{"@type":"ImageObject","inLanguage":"de","@id":"https:\/\/excursionesporelsur.com\/de\/#\/schema\/logo\/image\/","url":"https:\/\/excursionesporelsur.com\/wp-content\/uploads\/2024\/02\/logo-excursiones-por-el-sur.png","contentUrl":"https:\/\/excursionesporelsur.com\/wp-content\/uploads\/2024\/02\/logo-excursiones-por-el-sur.png","width":306,"height":120,"caption":"Excursiones por el Sur"},"image":{"@id":"https:\/\/excursionesporelsur.com\/de\/#\/schema\/logo\/image\/"},"sameAs":["https:\/\/www.facebook.com\/profile.php?id=100081151666764","https:\/\/instagram.com\/excursionesporelsur"]}]}},"_links":{"self":[{"href":"https:\/\/excursionesporelsur.com\/de\/wp-json\/wp\/v2\/pages\/463","targetHints":{"allow":["GET"]}}],"collection":[{"href":"https:\/\/excursionesporelsur.com\/de\/wp-json\/wp\/v2\/pages"}],"about":[{"href":"https:\/\/excursionesporelsur.com\/de\/wp-json\/wp\/v2\/types\/page"}],"author":[{"embeddable":true,"href":"https:\/\/excursionesporelsur.com\/de\/wp-json\/wp\/v2\/users\/1"}],"replies":[{"embeddable":true,"href":"https:\/\/excursionesporelsur.com\/de\/wp-json\/wp\/v2\/comments?post=463"}],"version-history":[{"count":3,"href":"https:\/\/excursionesporelsur.com\/de\/wp-json\/wp\/v2\/pages\/463\/revisions"}],"predecessor-version":[{"id":466,"href":"https:\/\/excursionesporelsur.com\/de\/wp-json\/wp\/v2\/pages\/463\/revisions\/466"}],"wp:attachment":[{"href":"https:\/\/excursionesporelsur.com\/de\/wp-json\/wp\/v2\/media?parent=463"}],"curies":[{"name":"wp","href":"https:\/\/api.w.org\/{rel}","templated":true}]}}