{"id":420,"date":"2024-02-13T08:38:23","date_gmt":"2024-02-13T08:38:23","guid":{"rendered":"https:\/\/excursionesporelsur.com\/ueber-uns\/"},"modified":"2024-04-09T16:45:23","modified_gmt":"2024-04-09T16:45:23","slug":"ueber-uns","status":"publish","type":"page","link":"https:\/\/excursionesporelsur.com\/de\/ueber-uns\/","title":{"rendered":"\u00dcber uns"},"content":{"rendered":"\n<figure class=\"wp-block-image size-full is-style-rounded bottom-decoration\"><img loading=\"lazy\" decoding=\"async\" width=\"1920\" height=\"1080\" src=\"https:\/\/excursionesporelsur.com\/wp-content\/uploads\/2024\/02\/cadiz.jpg\" alt=\"\" class=\"wp-image-86\" style=\"object-fit:cover\" srcset=\"https:\/\/excursionesporelsur.com\/wp-content\/uploads\/2024\/02\/cadiz.jpg 1920w, https:\/\/excursionesporelsur.com\/wp-content\/uploads\/2024\/02\/cadiz-510x287.jpg 510w, https:\/\/excursionesporelsur.com\/wp-content\/uploads\/2024\/02\/cadiz-1200x675.jpg 1200w, https:\/\/excursionesporelsur.com\/wp-content\/uploads\/2024\/02\/cadiz-64x36.jpg 64w, https:\/\/excursionesporelsur.com\/wp-content\/uploads\/2024\/02\/cadiz-300x169.jpg 300w, https:\/\/excursionesporelsur.com\/wp-content\/uploads\/2024\/02\/cadiz-1024x576.jpg 1024w, https:\/\/excursionesporelsur.com\/wp-content\/uploads\/2024\/02\/cadiz-768x432.jpg 768w, https:\/\/excursionesporelsur.com\/wp-content\/uploads\/2024\/02\/cadiz-1536x864.jpg 1536w\" sizes=\"auto, (max-width: 1920px) 100vw, 1920px\" \/><\/figure>\n\n<p><strong>Was ist Excursiones por el Sur und was machen wir?<\/strong><\/p>\n\n<p>Excursionesporelsur.com ist die Website des Gro\u00dfhandels- und Incoming-Reiseb\u00fcros f\u00fcr die Provinz C\u00e1diz mit dem Handelsnamen: Cai, Costa Almadraba Incoming und mit dem Titel des Tourismus der Junta de Andalucia C.I.AN 117561-3.<\/p>\n\n<p>Excursionesporelsur.com ist eine Website, die im touristischen Herzen der Provinz C\u00e1diz entstanden ist, von wo aus wir die von Cai verwalteten Dienstleistungen anbieten, die wir f\u00fcr unsere Besucher als notwendig erachten, um unser Land kennenzulernen und zu genie\u00dfen.<\/p>\n\n<p>C\u00e1diz ist das s\u00fcdlichste Touristenziel Westeuropas, nur 14 Kilometer vom afrikanischen Kontinent entfernt.<\/p>\n\n<p>Diese Provinz befindet sich an einem strategischen Ort, und deshalb hat unser Unternehmen nicht gez\u00f6gert, alle touristischen Dienstleistungen, die wir anbieten k\u00f6nnen, in Wert zu setzen.<\/p>\n\n<p>Unser Engagement ist es, durch excursionesporelsur.com Dienstleistungen wie anbieten:<\/p>\n\n<ul class=\"wp-block-list\">\n<li>Transfers. Flugh\u00e4fen zu touristischen und privaten Zielen (Shuttle und Privat). Golf Transfers.  <\/li>\n\n\n\n<li>Exkursionen. Zu den sch\u00f6nsten Orten in unserer Provinz und in einige der benachbarten Provinzen. Sogar nach Marokko, weil es so nah ist.  <\/li>\n\n\n\n<li>Unterkunft in Ferienh\u00e4usern und -wohnungen f\u00fcr geschlossene Perioden.<\/li>\n\n\n\n<li>Gruppen. Ein Buchungssystem \u00fcber die Website anzubieten, das die Kontrolle der Buchungen f\u00fcr Kongresse, Tagungen und Rundg\u00e4nge erleichtert, die unsere Kunden von uns organisieren und verwalten lassen. <\/li>\n\n\n\n<li>Schaffen Sie eine Anlaufstelle f\u00fcr die Nachfrage nach Dienstleistungen, die nicht angeboten werden, und mit der M\u00f6glichkeit, diese bei Bedarf anzupassen.<\/li>\n\n\n\n<li>Direkte Abholung von Dienstleistungen, wobei eine formale Buchung erstellt wird, die in unserem Namen an den Dienstleister \u00fcbergeben werden kann, um den Kunden\/Fahrgast zu bedienen.<\/li>\n<\/ul>\n\n<p>Wir danken allen unseren Kunden, die unsere Dienste \u00fcber excursionesporelsur.com in Anspruch nehmen.<\/p>\n","protected":false},"excerpt":{"rendered":"<p>Was ist Excursiones por el Sur und was machen wir? Excursionesporelsur.com ist die Website des Gro\u00dfhandels- und Incoming-Reiseb\u00fcros f\u00fcr die Provinz C\u00e1diz mit dem Handelsnamen: Cai, Costa Almadraba Incoming und mit dem Titel des Tourismus der Junta de Andalucia C.I.AN 117561-3. Excursionesporelsur.com ist eine Website, die im touristischen Herzen der Provinz C\u00e1diz entstanden ist, von [&hellip;]<\/p>\n","protected":false},"author":1,"featured_media":0,"parent":0,"menu_order":0,"comment_status":"closed","ping_status":"closed","template":"","meta":{"_acf_changed":false,"footnotes":""},"class_list":["post-420","page","type-page","status-publish","hentry"],"acf":[],"yoast_head":"<!-- This site is optimized with the Yoast SEO plugin v27.4 - https:\/\/yoast.com\/product\/yoast-seo-wordpress\/ -->\n<title>\u00dcber uns | Excursiones por el Sur<\/title>\n<meta name=\"robots\" content=\"index, follow, max-snippet:-1, max-image-preview:large, max-video-preview:-1\" \/>\n<link rel=\"canonical\" href=\"https:\/\/excursionesporelsur.com\/de\/ueber-uns\/\" \/>\n<meta property=\"og:locale\" content=\"de_DE\" \/>\n<meta property=\"og:type\" content=\"article\" \/>\n<meta property=\"og:title\" content=\"\u00dcber uns | Excursiones por el Sur\" \/>\n<meta property=\"og:description\" content=\"Was ist Excursiones por el Sur und was machen wir? Excursionesporelsur.com ist die Website des Gro\u00dfhandels- und Incoming-Reiseb\u00fcros f\u00fcr die Provinz C\u00e1diz mit dem Handelsnamen: Cai, Costa Almadraba Incoming und mit dem Titel des Tourismus der Junta de Andalucia C.I.AN 117561-3. Excursionesporelsur.com ist eine Website, die im touristischen Herzen der Provinz C\u00e1diz entstanden ist, von [&hellip;]\" \/>\n<meta property=\"og:url\" content=\"https:\/\/excursionesporelsur.com\/de\/ueber-uns\/\" \/>\n<meta property=\"og:site_name\" content=\"Excursiones por el Sur\" \/>\n<meta property=\"article:publisher\" content=\"https:\/\/www.facebook.com\/profile.php?id=100081151666764\" \/>\n<meta property=\"article:modified_time\" content=\"2024-04-09T16:45:23+00:00\" \/>\n<meta property=\"og:image\" content=\"https:\/\/excursionesporelsur.com\/wp-content\/uploads\/2024\/02\/cadiz.jpg\" \/>\n<meta name=\"twitter:card\" content=\"summary_large_image\" \/>\n<meta name=\"twitter:label1\" content=\"Gesch\u00e4tzte Lesezeit\" \/>\n\t<meta name=\"twitter:data1\" content=\"1\u00a0Minute\" \/>\n<script type=\"application\/ld+json\" class=\"yoast-schema-graph\">{\"@context\":\"https:\\\/\\\/schema.org\",\"@graph\":[{\"@type\":\"WebPage\",\"@id\":\"https:\\\/\\\/excursionesporelsur.com\\\/de\\\/ueber-uns\\\/\",\"url\":\"https:\\\/\\\/excursionesporelsur.com\\\/de\\\/ueber-uns\\\/\",\"name\":\"\u00dcber uns | Excursiones por el Sur\",\"isPartOf\":{\"@id\":\"https:\\\/\\\/excursionesporelsur.com\\\/de\\\/#website\"},\"primaryImageOfPage\":{\"@id\":\"https:\\\/\\\/excursionesporelsur.com\\\/de\\\/ueber-uns\\\/#primaryimage\"},\"image\":{\"@id\":\"https:\\\/\\\/excursionesporelsur.com\\\/de\\\/ueber-uns\\\/#primaryimage\"},\"thumbnailUrl\":\"https:\\\/\\\/excursionesporelsur.com\\\/wp-content\\\/uploads\\\/2024\\\/02\\\/cadiz.jpg\",\"datePublished\":\"2024-02-13T08:38:23+00:00\",\"dateModified\":\"2024-04-09T16:45:23+00:00\",\"breadcrumb\":{\"@id\":\"https:\\\/\\\/excursionesporelsur.com\\\/de\\\/ueber-uns\\\/#breadcrumb\"},\"inLanguage\":\"de\",\"potentialAction\":[{\"@type\":\"ReadAction\",\"target\":[\"https:\\\/\\\/excursionesporelsur.com\\\/de\\\/ueber-uns\\\/\"]}]},{\"@type\":\"ImageObject\",\"inLanguage\":\"de\",\"@id\":\"https:\\\/\\\/excursionesporelsur.com\\\/de\\\/ueber-uns\\\/#primaryimage\",\"url\":\"https:\\\/\\\/excursionesporelsur.com\\\/wp-content\\\/uploads\\\/2024\\\/02\\\/cadiz.jpg\",\"contentUrl\":\"https:\\\/\\\/excursionesporelsur.com\\\/wp-content\\\/uploads\\\/2024\\\/02\\\/cadiz.jpg\"},{\"@type\":\"BreadcrumbList\",\"@id\":\"https:\\\/\\\/excursionesporelsur.com\\\/de\\\/ueber-uns\\\/#breadcrumb\",\"itemListElement\":[{\"@type\":\"ListItem\",\"position\":1,\"name\":\"Portada\",\"item\":\"https:\\\/\\\/excursionesporelsur.com\\\/de\\\/\"},{\"@type\":\"ListItem\",\"position\":2,\"name\":\"\u00dcber uns\"}]},{\"@type\":\"WebSite\",\"@id\":\"https:\\\/\\\/excursionesporelsur.com\\\/de\\\/#website\",\"url\":\"https:\\\/\\\/excursionesporelsur.com\\\/de\\\/\",\"name\":\"Excursiones por el Sur\",\"description\":\"Explora cada rinc&oacute;n de Andaluc&iacute;a y vive experiencias inolvidables.\",\"publisher\":{\"@id\":\"https:\\\/\\\/excursionesporelsur.com\\\/de\\\/#organization\"},\"potentialAction\":[{\"@type\":\"SearchAction\",\"target\":{\"@type\":\"EntryPoint\",\"urlTemplate\":\"https:\\\/\\\/excursionesporelsur.com\\\/de\\\/?s={search_term_string}\"},\"query-input\":{\"@type\":\"PropertyValueSpecification\",\"valueRequired\":true,\"valueName\":\"search_term_string\"}}],\"inLanguage\":\"de\"},{\"@type\":\"Organization\",\"@id\":\"https:\\\/\\\/excursionesporelsur.com\\\/de\\\/#organization\",\"name\":\"Excursiones por el Sur\",\"url\":\"https:\\\/\\\/excursionesporelsur.com\\\/de\\\/\",\"logo\":{\"@type\":\"ImageObject\",\"inLanguage\":\"de\",\"@id\":\"https:\\\/\\\/excursionesporelsur.com\\\/de\\\/#\\\/schema\\\/logo\\\/image\\\/\",\"url\":\"https:\\\/\\\/excursionesporelsur.com\\\/wp-content\\\/uploads\\\/2024\\\/02\\\/logo-excursiones-por-el-sur.png\",\"contentUrl\":\"https:\\\/\\\/excursionesporelsur.com\\\/wp-content\\\/uploads\\\/2024\\\/02\\\/logo-excursiones-por-el-sur.png\",\"width\":306,\"height\":120,\"caption\":\"Excursiones por el Sur\"},\"image\":{\"@id\":\"https:\\\/\\\/excursionesporelsur.com\\\/de\\\/#\\\/schema\\\/logo\\\/image\\\/\"},\"sameAs\":[\"https:\\\/\\\/www.facebook.com\\\/profile.php?id=100081151666764\",\"https:\\\/\\\/instagram.com\\\/excursionesporelsur\"]}]}<\/script>\n<!-- \/ Yoast SEO plugin. -->","yoast_head_json":{"title":"\u00dcber uns | Excursiones por el Sur","robots":{"index":"index","follow":"follow","max-snippet":"max-snippet:-1","max-image-preview":"max-image-preview:large","max-video-preview":"max-video-preview:-1"},"canonical":"https:\/\/excursionesporelsur.com\/de\/ueber-uns\/","og_locale":"de_DE","og_type":"article","og_title":"\u00dcber uns | Excursiones por el Sur","og_description":"Was ist Excursiones por el Sur und was machen wir? Excursionesporelsur.com ist die Website des Gro\u00dfhandels- und Incoming-Reiseb\u00fcros f\u00fcr die Provinz C\u00e1diz mit dem Handelsnamen: Cai, Costa Almadraba Incoming und mit dem Titel des Tourismus der Junta de Andalucia C.I.AN 117561-3. Excursionesporelsur.com ist eine Website, die im touristischen Herzen der Provinz C\u00e1diz entstanden ist, von [&hellip;]","og_url":"https:\/\/excursionesporelsur.com\/de\/ueber-uns\/","og_site_name":"Excursiones por el Sur","article_publisher":"https:\/\/www.facebook.com\/profile.php?id=100081151666764","article_modified_time":"2024-04-09T16:45:23+00:00","og_image":[{"url":"https:\/\/excursionesporelsur.com\/wp-content\/uploads\/2024\/02\/cadiz.jpg","type":"","width":"","height":""}],"twitter_card":"summary_large_image","twitter_misc":{"Gesch\u00e4tzte Lesezeit":"1\u00a0Minute"},"schema":{"@context":"https:\/\/schema.org","@graph":[{"@type":"WebPage","@id":"https:\/\/excursionesporelsur.com\/de\/ueber-uns\/","url":"https:\/\/excursionesporelsur.com\/de\/ueber-uns\/","name":"\u00dcber uns | Excursiones por el Sur","isPartOf":{"@id":"https:\/\/excursionesporelsur.com\/de\/#website"},"primaryImageOfPage":{"@id":"https:\/\/excursionesporelsur.com\/de\/ueber-uns\/#primaryimage"},"image":{"@id":"https:\/\/excursionesporelsur.com\/de\/ueber-uns\/#primaryimage"},"thumbnailUrl":"https:\/\/excursionesporelsur.com\/wp-content\/uploads\/2024\/02\/cadiz.jpg","datePublished":"2024-02-13T08:38:23+00:00","dateModified":"2024-04-09T16:45:23+00:00","breadcrumb":{"@id":"https:\/\/excursionesporelsur.com\/de\/ueber-uns\/#breadcrumb"},"inLanguage":"de","potentialAction":[{"@type":"ReadAction","target":["https:\/\/excursionesporelsur.com\/de\/ueber-uns\/"]}]},{"@type":"ImageObject","inLanguage":"de","@id":"https:\/\/excursionesporelsur.com\/de\/ueber-uns\/#primaryimage","url":"https:\/\/excursionesporelsur.com\/wp-content\/uploads\/2024\/02\/cadiz.jpg","contentUrl":"https:\/\/excursionesporelsur.com\/wp-content\/uploads\/2024\/02\/cadiz.jpg"},{"@type":"BreadcrumbList","@id":"https:\/\/excursionesporelsur.com\/de\/ueber-uns\/#breadcrumb","itemListElement":[{"@type":"ListItem","position":1,"name":"Portada","item":"https:\/\/excursionesporelsur.com\/de\/"},{"@type":"ListItem","position":2,"name":"\u00dcber uns"}]},{"@type":"WebSite","@id":"https:\/\/excursionesporelsur.com\/de\/#website","url":"https:\/\/excursionesporelsur.com\/de\/","name":"Excursiones por el Sur","description":"Explora cada rinc&oacute;n de Andaluc&iacute;a y vive experiencias inolvidables.","publisher":{"@id":"https:\/\/excursionesporelsur.com\/de\/#organization"},"potentialAction":[{"@type":"SearchAction","target":{"@type":"EntryPoint","urlTemplate":"https:\/\/excursionesporelsur.com\/de\/?s={search_term_string}"},"query-input":{"@type":"PropertyValueSpecification","valueRequired":true,"valueName":"search_term_string"}}],"inLanguage":"de"},{"@type":"Organization","@id":"https:\/\/excursionesporelsur.com\/de\/#organization","name":"Excursiones por el Sur","url":"https:\/\/excursionesporelsur.com\/de\/","logo":{"@type":"ImageObject","inLanguage":"de","@id":"https:\/\/excursionesporelsur.com\/de\/#\/schema\/logo\/image\/","url":"https:\/\/excursionesporelsur.com\/wp-content\/uploads\/2024\/02\/logo-excursiones-por-el-sur.png","contentUrl":"https:\/\/excursionesporelsur.com\/wp-content\/uploads\/2024\/02\/logo-excursiones-por-el-sur.png","width":306,"height":120,"caption":"Excursiones por el Sur"},"image":{"@id":"https:\/\/excursionesporelsur.com\/de\/#\/schema\/logo\/image\/"},"sameAs":["https:\/\/www.facebook.com\/profile.php?id=100081151666764","https:\/\/instagram.com\/excursionesporelsur"]}]}},"_links":{"self":[{"href":"https:\/\/excursionesporelsur.com\/de\/wp-json\/wp\/v2\/pages\/420","targetHints":{"allow":["GET"]}}],"collection":[{"href":"https:\/\/excursionesporelsur.com\/de\/wp-json\/wp\/v2\/pages"}],"about":[{"href":"https:\/\/excursionesporelsur.com\/de\/wp-json\/wp\/v2\/types\/page"}],"author":[{"embeddable":true,"href":"https:\/\/excursionesporelsur.com\/de\/wp-json\/wp\/v2\/users\/1"}],"replies":[{"embeddable":true,"href":"https:\/\/excursionesporelsur.com\/de\/wp-json\/wp\/v2\/comments?post=420"}],"version-history":[{"count":1,"href":"https:\/\/excursionesporelsur.com\/de\/wp-json\/wp\/v2\/pages\/420\/revisions"}],"predecessor-version":[{"id":421,"href":"https:\/\/excursionesporelsur.com\/de\/wp-json\/wp\/v2\/pages\/420\/revisions\/421"}],"wp:attachment":[{"href":"https:\/\/excursionesporelsur.com\/de\/wp-json\/wp\/v2\/media?parent=420"}],"curies":[{"name":"wp","href":"https:\/\/api.w.org\/{rel}","templated":true}]}}