{"id":416,"date":"2024-02-13T10:02:01","date_gmt":"2024-02-13T10:02:01","guid":{"rendered":"https:\/\/excursionesporelsur.com\/kontakt-mit-uns\/"},"modified":"2024-04-09T16:38:20","modified_gmt":"2024-04-09T16:38:20","slug":"kontakt-mit-uns","status":"publish","type":"page","link":"https:\/\/excursionesporelsur.com\/de\/kontakt-mit-uns\/","title":{"rendered":"Kontakt mit uns"},"content":{"rendered":"\n<div style=\"height:30px\" aria-hidden=\"true\" class=\"wp-block-spacer\"><\/div>\n\n<div class=\"wp-block-columns are-vertically-aligned-center is-layout-flex wp-container-core-columns-is-layout-28f84493 wp-block-columns-is-layout-flex\">\n<div class=\"wp-block-column is-vertically-aligned-center is-layout-flow wp-block-column-is-layout-flow\">\n<div id=\"contact\" class=\"wp-block-group rounded-border has-white-background-color has-background has-small-font-size is-vertical is-layout-flex wp-container-core-group-is-layout-fe9cc265 wp-block-group-is-layout-flex\">\n<iframe src=\"https:\/\/www.google.com\/maps\/embed?pb=!1m18!1m12!1m3!1d51424.22805288269!2d-6.125107762302898!3d36.33620439371647!2m3!1f0!2f0!3f0!3m2!1i1024!2i768!4f13.1!3m3!1m2!1s0xd0c3647fad187cf%3A0xe837274331871e88!2sCtra.%20Barrio%20Nuevo%2C%20110%2C%2011149%20Barrio%20Nuevo%2C%20C%C3%A1diz%2C%20Espa%C3%B1a!5e0!3m2!1ses!2sus!4v1709115262648!5m2!1ses!2sus\" width=\"600\" height=\"450\" style=\"border:0;\" allowfullscreen=\"\" loading=\"lazy\" referrerpolicy=\"no-referrer-when-downgrade\"><\/iframe>\n\n\n\n<div class=\"wp-block-group\"><div class=\"wp-block-group__inner-container is-layout-constrained wp-block-group-is-layout-constrained\">\n<div style=\"height:10px\" aria-hidden=\"true\" class=\"wp-block-spacer\"><\/div>\n\n\n\n<div class=\"wp-block-group is-content-justification-left is-nowrap is-layout-flex wp-container-core-group-is-layout-fc9f69e7 wp-block-group-is-layout-flex\">\n<span class=\"material-symbols-outlined\">\nlocation_on\n<\/span>\n\n\n\n<p><a href=\"https:\/\/maps.app.goo.gl\/39fxpDgR9ahC5Sb6A\" target=\"_blank\" rel=\"noreferrer noopener\">Carretera Barrio Nuevo, 110<br\/>11149, Conil, C\u00e1diz, Spanien<\/a><\/p>\n<\/div>\n\n\n\n<div style=\"height:10px\" aria-hidden=\"true\" class=\"wp-block-spacer\"><\/div>\n\n\n\n<div class=\"wp-block-group is-content-justification-left is-nowrap is-layout-flex wp-container-core-group-is-layout-fc9f69e7 wp-block-group-is-layout-flex\">\n<span class=\"material-symbols-outlined\">\nphone\n<\/span>\n\n\n\n<p><a href=\"tel:+34633885089\" target=\"_blank\" rel=\"noreferrer noopener\">+34 633 88 50 89<\/a><\/p>\n<\/div>\n\n\n\n<div style=\"height:10px\" aria-hidden=\"true\" class=\"wp-block-spacer\"><\/div>\n\n\n\n<div class=\"wp-block-group is-content-justification-left is-nowrap is-layout-flex wp-container-core-group-is-layout-fc9f69e7 wp-block-group-is-layout-flex\">\n<span class=\"material-symbols-outlined\">\nmail\n<\/span>\n\n\n\n<p><a href=\"mailto:booking@caincoming.com\" target=\"_blank\" rel=\"noreferrer noopener\">booking@caincoming.com<\/a><\/p>\n<\/div>\n\n\n\n<div style=\"height:10px\" aria-hidden=\"true\" class=\"wp-block-spacer\"><\/div>\n<\/div><\/div>\n<\/div>\n<\/div>\n\n\n\n<div class=\"wp-block-column is-vertically-aligned-center is-layout-flow wp-block-column-is-layout-flow\">\n<h2 class=\"wp-block-heading has-medium-font-size\">Brauchen Sie Hilfe?<\/h2>\n\n\n\n<p>F\u00fcllen Sie dieses Formular aus und wir werden Sie so schnell wie m\u00f6glich kontaktieren.<\/p>\n\n\n<div class=\"wpforms-container wpforms-container-full wpforms-block wpforms-block-2733b8df-fefc-44b7-9905-5c12d3526282 wpforms-render-modern\" id=\"wpforms-168\"><form id=\"wpforms-form-168\" class=\"wpforms-validate wpforms-form wpforms-ajax-form\" data-formid=\"168\" method=\"post\" enctype=\"multipart\/form-data\" action=\"\/de\/wp-json\/wp\/v2\/pages\/416\" data-token=\"84e4c920778f06fa4a9bf3112a716921\" data-token-time=\"1776395879\"><noscript class=\"wpforms-error-noscript\">Bitte aktiviere JavaScript in deinem Browser, um dieses Formular fertigzustellen.<\/noscript><div id=\"wpforms-error-noscript\" style=\"display: none;\">Bitte aktiviere JavaScript in deinem Browser, um dieses Formular fertigzustellen.<\/div><div class=\"wpforms-field-container\"><div id=\"wpforms-168-field_0-container\" class=\"wpforms-field wpforms-field-name\" data-field-id=\"0\"><label class=\"wpforms-field-label wpforms-label-hide\" for=\"wpforms-168-field_0\" aria-hidden=\"false\">Name <span class=\"wpforms-required-label\" aria-hidden=\"true\">*<\/span><\/label><input type=\"text\" id=\"wpforms-168-field_0\" class=\"wpforms-field-large wpforms-field-required\" name=\"wpforms[fields][0]\" placeholder=\"Name\" aria-errormessage=\"wpforms-168-field_0-error\" required><\/div><div id=\"wpforms-168-field_1-container\" class=\"wpforms-field wpforms-field-email\" data-field-id=\"1\"><label class=\"wpforms-field-label wpforms-label-hide\" for=\"wpforms-168-field_1\" aria-hidden=\"false\">E-Mail Adresse <span class=\"wpforms-required-label\" aria-hidden=\"true\">*<\/span><\/label><input type=\"email\" id=\"wpforms-168-field_1\" class=\"wpforms-field-large wpforms-field-required\" name=\"wpforms[fields][1]\" placeholder=\"E-Mail Adresse\" spellcheck=\"false\" aria-errormessage=\"wpforms-168-field_1-error\" required><\/div><div id=\"wpforms-168-field_2-container\" class=\"wpforms-field wpforms-field-textarea\" data-field-id=\"2\"><label class=\"wpforms-field-label wpforms-label-hide\" for=\"wpforms-168-field_2\" aria-hidden=\"false\">Kommentar oder Nachricht<\/label><textarea id=\"wpforms-168-field_2\" class=\"wpforms-field-medium\" name=\"wpforms[fields][2]\" placeholder=\"Wie k\u00f6nnen wir Ihnen helfen?\" aria-errormessage=\"wpforms-168-field_2-error\" ><\/textarea><\/div><div id=\"wpforms-168-field_3-container\" class=\"wpforms-field wpforms-field-gdpr-checkbox\" data-field-id=\"3\"><label class=\"wpforms-field-label wpforms-label-hide\" aria-hidden=\"false\">GDPR-Vereinbarung <span class=\"wpforms-required-label\" aria-hidden=\"true\">*<\/span><\/label><ul id=\"wpforms-168-field_3\" class=\"wpforms-field-required\"><li class=\"choice-1\"><input type=\"checkbox\" id=\"wpforms-168-field_3_1\" name=\"wpforms[fields][3][]\" value=\"Ich akzeptiere die &lt;a target=&quot;_blank&quot; href=&quot;https:\/\/excursionesporelsur.com\/politica-de-privacidad\/&quot;&gt;Datenschutzbestimmungen&lt;\/a&gt;\" aria-errormessage=\"wpforms-168-field_3_1-error\" required ><label class=\"wpforms-field-label-inline\" for=\"wpforms-168-field_3_1\">Ich akzeptiere die <a target=\"_blank\" href=\"https:\/\/excursionesporelsur.com\/politica-de-privacidad\/\">Datenschutzbestimmungen<\/a> <span class=\"wpforms-required-label\" aria-hidden=\"true\">*<\/span><\/label><\/li><\/ul><\/div><\/div><!-- .wpforms-field-container --><div class=\"wpforms-recaptcha-container wpforms-is-recaptcha wpforms-is-recaptcha-type-v3\" ><input type=\"hidden\" name=\"wpforms[recaptcha]\" value=\"\"><\/div><div class=\"wpforms-submit-container\" ><input type=\"hidden\" name=\"wpforms[id]\" value=\"168\"><input type=\"hidden\" name=\"page_title\" value=\"\"><input type=\"hidden\" name=\"page_url\" value=\"https:\/\/excursionesporelsur.com\/de\/wp-json\/wp\/v2\/pages\/416\"><input type=\"hidden\" name=\"url_referer\" value=\"\"><button type=\"submit\" name=\"wpforms[submit]\" id=\"wpforms-submit-168\" class=\"wpforms-submit button\" data-alt-text=\"Ich schicke...\" data-submit-text=\"Senden Sie\" aria-live=\"assertive\" value=\"wpforms-submit\">Senden Sie<\/button><img loading=\"lazy\" decoding=\"async\" src=\"https:\/\/excursionesporelsur.com\/wp-content\/plugins\/wpforms-lite\/assets\/images\/submit-spin.svg\" class=\"wpforms-submit-spinner\" style=\"display: none;\" width=\"26\" height=\"26\" alt=\"Wird geladen\"><\/div><\/form><\/div>  <!-- .wpforms-container -->\n\n\n<p style=\"font-size:11px\"><strong>COSTA ALMADRABA SL<\/strong> ist verantwortlich f\u00fcr die gesendeten Daten, die der Beantwortung von Anfragen dienen. Die Legitimation erfolgt dank Ihrer Zustimmung. Empf\u00e4nger: Ihre Daten werden nicht an Dritte weitergegeben und werden ausschlie\u00dflich von <strong>COSTA ALMADRABA SL<\/strong> verwendet. Sie k\u00f6nnen Ihre Rechte auf Zugang, Berichtigung, Einschr\u00e4nkung oder L\u00f6schung Ihrer Daten aus\u00fcben, indem Sie eine E-Mail an <a href=\"mailto:booking@caincoming.com\" target=\"_blank\" rel=\"noreferrer noopener\">booking@caincoming.com<\/a> senden.   <\/p>\n\n\n\n<p style=\"font-size:11px\">Dieses Formular ist durch reCAPTCHA gesch\u00fctzt und es gelten die <a href=\"https:\/\/policies.google.com\/privacy?hl=es\" target=\"_blank\" rel=\"noreferrer noopener\">Datenschutzbestimmungen<\/a> und <a href=\"https:\/\/policies.google.com\/terms?hl=es\" target=\"_blank\" rel=\"noreferrer noopener\">Nutzungsbedingungen<\/a> von Google.<\/p>\n<\/div>\n<\/div>\n","protected":false},"excerpt":{"rendered":"<p>location_on Carretera Barrio Nuevo, 11011149, Conil, C\u00e1diz, Spanien phone +34 633 88 50 89 mail booking@caincoming.com Brauchen Sie Hilfe? F\u00fcllen Sie dieses Formular aus und wir werden Sie so schnell wie m\u00f6glich kontaktieren. COSTA ALMADRABA SL ist verantwortlich f\u00fcr die gesendeten Daten, die der Beantwortung von Anfragen dienen. Die Legitimation erfolgt dank Ihrer Zustimmung. Empf\u00e4nger: [&hellip;]<\/p>\n","protected":false},"author":1,"featured_media":0,"parent":0,"menu_order":0,"comment_status":"closed","ping_status":"closed","template":"","meta":{"_acf_changed":false,"footnotes":""},"class_list":["post-416","page","type-page","status-publish","hentry"],"acf":[],"yoast_head":"<!-- This site is optimized with the Yoast SEO plugin v27.4 - https:\/\/yoast.com\/product\/yoast-seo-wordpress\/ -->\n<title>Kontakt mit uns | Excursiones por el Sur<\/title>\n<meta name=\"robots\" content=\"index, follow, max-snippet:-1, max-image-preview:large, max-video-preview:-1\" \/>\n<link rel=\"canonical\" href=\"https:\/\/excursionesporelsur.com\/de\/kontakt-mit-uns\/\" \/>\n<meta property=\"og:locale\" content=\"de_DE\" \/>\n<meta property=\"og:type\" content=\"article\" \/>\n<meta property=\"og:title\" content=\"Kontakt mit uns | Excursiones por el Sur\" \/>\n<meta property=\"og:description\" content=\"location_on Carretera Barrio Nuevo, 11011149, Conil, C\u00e1diz, Spanien phone +34 633 88 50 89 mail booking@caincoming.com Brauchen Sie Hilfe? F\u00fcllen Sie dieses Formular aus und wir werden Sie so schnell wie m\u00f6glich kontaktieren. COSTA ALMADRABA SL ist verantwortlich f\u00fcr die gesendeten Daten, die der Beantwortung von Anfragen dienen. Die Legitimation erfolgt dank Ihrer Zustimmung. Empf\u00e4nger: [&hellip;]\" \/>\n<meta property=\"og:url\" content=\"https:\/\/excursionesporelsur.com\/de\/kontakt-mit-uns\/\" \/>\n<meta property=\"og:site_name\" content=\"Excursiones por el Sur\" \/>\n<meta property=\"article:publisher\" content=\"https:\/\/www.facebook.com\/profile.php?id=100081151666764\" \/>\n<meta property=\"article:modified_time\" content=\"2024-04-09T16:38:20+00:00\" \/>\n<meta property=\"og:image\" content=\"https:\/\/excursionesporelsur.com\/wp-content\/uploads\/2024\/02\/excursiones-por-el-sur.png\" \/>\n\t<meta property=\"og:image:width\" content=\"1200\" \/>\n\t<meta property=\"og:image:height\" content=\"675\" \/>\n\t<meta property=\"og:image:type\" content=\"image\/png\" \/>\n<meta name=\"twitter:card\" content=\"summary_large_image\" \/>\n<meta name=\"twitter:label1\" content=\"Gesch\u00e4tzte Lesezeit\" \/>\n\t<meta name=\"twitter:data1\" content=\"1\u00a0Minute\" \/>\n<script type=\"application\/ld+json\" class=\"yoast-schema-graph\">{\"@context\":\"https:\\\/\\\/schema.org\",\"@graph\":[{\"@type\":\"WebPage\",\"@id\":\"https:\\\/\\\/excursionesporelsur.com\\\/de\\\/kontakt-mit-uns\\\/\",\"url\":\"https:\\\/\\\/excursionesporelsur.com\\\/de\\\/kontakt-mit-uns\\\/\",\"name\":\"Kontakt mit uns | Excursiones por el Sur\",\"isPartOf\":{\"@id\":\"https:\\\/\\\/excursionesporelsur.com\\\/de\\\/#website\"},\"datePublished\":\"2024-02-13T10:02:01+00:00\",\"dateModified\":\"2024-04-09T16:38:20+00:00\",\"breadcrumb\":{\"@id\":\"https:\\\/\\\/excursionesporelsur.com\\\/de\\\/kontakt-mit-uns\\\/#breadcrumb\"},\"inLanguage\":\"de\",\"potentialAction\":[{\"@type\":\"ReadAction\",\"target\":[\"https:\\\/\\\/excursionesporelsur.com\\\/de\\\/kontakt-mit-uns\\\/\"]}]},{\"@type\":\"BreadcrumbList\",\"@id\":\"https:\\\/\\\/excursionesporelsur.com\\\/de\\\/kontakt-mit-uns\\\/#breadcrumb\",\"itemListElement\":[{\"@type\":\"ListItem\",\"position\":1,\"name\":\"Portada\",\"item\":\"https:\\\/\\\/excursionesporelsur.com\\\/de\\\/\"},{\"@type\":\"ListItem\",\"position\":2,\"name\":\"Kontakt mit uns\"}]},{\"@type\":\"WebSite\",\"@id\":\"https:\\\/\\\/excursionesporelsur.com\\\/de\\\/#website\",\"url\":\"https:\\\/\\\/excursionesporelsur.com\\\/de\\\/\",\"name\":\"Excursiones por el Sur\",\"description\":\"Explora cada rinc&oacute;n de Andaluc&iacute;a y vive experiencias inolvidables.\",\"publisher\":{\"@id\":\"https:\\\/\\\/excursionesporelsur.com\\\/de\\\/#organization\"},\"potentialAction\":[{\"@type\":\"SearchAction\",\"target\":{\"@type\":\"EntryPoint\",\"urlTemplate\":\"https:\\\/\\\/excursionesporelsur.com\\\/de\\\/?s={search_term_string}\"},\"query-input\":{\"@type\":\"PropertyValueSpecification\",\"valueRequired\":true,\"valueName\":\"search_term_string\"}}],\"inLanguage\":\"de\"},{\"@type\":\"Organization\",\"@id\":\"https:\\\/\\\/excursionesporelsur.com\\\/de\\\/#organization\",\"name\":\"Excursiones por el Sur\",\"url\":\"https:\\\/\\\/excursionesporelsur.com\\\/de\\\/\",\"logo\":{\"@type\":\"ImageObject\",\"inLanguage\":\"de\",\"@id\":\"https:\\\/\\\/excursionesporelsur.com\\\/de\\\/#\\\/schema\\\/logo\\\/image\\\/\",\"url\":\"https:\\\/\\\/excursionesporelsur.com\\\/wp-content\\\/uploads\\\/2024\\\/02\\\/logo-excursiones-por-el-sur.png\",\"contentUrl\":\"https:\\\/\\\/excursionesporelsur.com\\\/wp-content\\\/uploads\\\/2024\\\/02\\\/logo-excursiones-por-el-sur.png\",\"width\":306,\"height\":120,\"caption\":\"Excursiones por el Sur\"},\"image\":{\"@id\":\"https:\\\/\\\/excursionesporelsur.com\\\/de\\\/#\\\/schema\\\/logo\\\/image\\\/\"},\"sameAs\":[\"https:\\\/\\\/www.facebook.com\\\/profile.php?id=100081151666764\",\"https:\\\/\\\/instagram.com\\\/excursionesporelsur\"]}]}<\/script>\n<!-- \/ Yoast SEO plugin. -->","yoast_head_json":{"title":"Kontakt mit uns | Excursiones por el Sur","robots":{"index":"index","follow":"follow","max-snippet":"max-snippet:-1","max-image-preview":"max-image-preview:large","max-video-preview":"max-video-preview:-1"},"canonical":"https:\/\/excursionesporelsur.com\/de\/kontakt-mit-uns\/","og_locale":"de_DE","og_type":"article","og_title":"Kontakt mit uns | Excursiones por el Sur","og_description":"location_on Carretera Barrio Nuevo, 11011149, Conil, C\u00e1diz, Spanien phone +34 633 88 50 89 mail booking@caincoming.com Brauchen Sie Hilfe? F\u00fcllen Sie dieses Formular aus und wir werden Sie so schnell wie m\u00f6glich kontaktieren. COSTA ALMADRABA SL ist verantwortlich f\u00fcr die gesendeten Daten, die der Beantwortung von Anfragen dienen. Die Legitimation erfolgt dank Ihrer Zustimmung. Empf\u00e4nger: [&hellip;]","og_url":"https:\/\/excursionesporelsur.com\/de\/kontakt-mit-uns\/","og_site_name":"Excursiones por el Sur","article_publisher":"https:\/\/www.facebook.com\/profile.php?id=100081151666764","article_modified_time":"2024-04-09T16:38:20+00:00","og_image":[{"width":1200,"height":675,"url":"https:\/\/excursionesporelsur.com\/wp-content\/uploads\/2024\/02\/excursiones-por-el-sur.png","type":"image\/png"}],"twitter_card":"summary_large_image","twitter_misc":{"Gesch\u00e4tzte Lesezeit":"1\u00a0Minute"},"schema":{"@context":"https:\/\/schema.org","@graph":[{"@type":"WebPage","@id":"https:\/\/excursionesporelsur.com\/de\/kontakt-mit-uns\/","url":"https:\/\/excursionesporelsur.com\/de\/kontakt-mit-uns\/","name":"Kontakt mit uns | Excursiones por el Sur","isPartOf":{"@id":"https:\/\/excursionesporelsur.com\/de\/#website"},"datePublished":"2024-02-13T10:02:01+00:00","dateModified":"2024-04-09T16:38:20+00:00","breadcrumb":{"@id":"https:\/\/excursionesporelsur.com\/de\/kontakt-mit-uns\/#breadcrumb"},"inLanguage":"de","potentialAction":[{"@type":"ReadAction","target":["https:\/\/excursionesporelsur.com\/de\/kontakt-mit-uns\/"]}]},{"@type":"BreadcrumbList","@id":"https:\/\/excursionesporelsur.com\/de\/kontakt-mit-uns\/#breadcrumb","itemListElement":[{"@type":"ListItem","position":1,"name":"Portada","item":"https:\/\/excursionesporelsur.com\/de\/"},{"@type":"ListItem","position":2,"name":"Kontakt mit uns"}]},{"@type":"WebSite","@id":"https:\/\/excursionesporelsur.com\/de\/#website","url":"https:\/\/excursionesporelsur.com\/de\/","name":"Excursiones por el Sur","description":"Explora cada rinc&oacute;n de Andaluc&iacute;a y vive experiencias inolvidables.","publisher":{"@id":"https:\/\/excursionesporelsur.com\/de\/#organization"},"potentialAction":[{"@type":"SearchAction","target":{"@type":"EntryPoint","urlTemplate":"https:\/\/excursionesporelsur.com\/de\/?s={search_term_string}"},"query-input":{"@type":"PropertyValueSpecification","valueRequired":true,"valueName":"search_term_string"}}],"inLanguage":"de"},{"@type":"Organization","@id":"https:\/\/excursionesporelsur.com\/de\/#organization","name":"Excursiones por el Sur","url":"https:\/\/excursionesporelsur.com\/de\/","logo":{"@type":"ImageObject","inLanguage":"de","@id":"https:\/\/excursionesporelsur.com\/de\/#\/schema\/logo\/image\/","url":"https:\/\/excursionesporelsur.com\/wp-content\/uploads\/2024\/02\/logo-excursiones-por-el-sur.png","contentUrl":"https:\/\/excursionesporelsur.com\/wp-content\/uploads\/2024\/02\/logo-excursiones-por-el-sur.png","width":306,"height":120,"caption":"Excursiones por el Sur"},"image":{"@id":"https:\/\/excursionesporelsur.com\/de\/#\/schema\/logo\/image\/"},"sameAs":["https:\/\/www.facebook.com\/profile.php?id=100081151666764","https:\/\/instagram.com\/excursionesporelsur"]}]}},"_links":{"self":[{"href":"https:\/\/excursionesporelsur.com\/de\/wp-json\/wp\/v2\/pages\/416","targetHints":{"allow":["GET"]}}],"collection":[{"href":"https:\/\/excursionesporelsur.com\/de\/wp-json\/wp\/v2\/pages"}],"about":[{"href":"https:\/\/excursionesporelsur.com\/de\/wp-json\/wp\/v2\/types\/page"}],"author":[{"embeddable":true,"href":"https:\/\/excursionesporelsur.com\/de\/wp-json\/wp\/v2\/users\/1"}],"replies":[{"embeddable":true,"href":"https:\/\/excursionesporelsur.com\/de\/wp-json\/wp\/v2\/comments?post=416"}],"version-history":[{"count":1,"href":"https:\/\/excursionesporelsur.com\/de\/wp-json\/wp\/v2\/pages\/416\/revisions"}],"predecessor-version":[{"id":417,"href":"https:\/\/excursionesporelsur.com\/de\/wp-json\/wp\/v2\/pages\/416\/revisions\/417"}],"wp:attachment":[{"href":"https:\/\/excursionesporelsur.com\/de\/wp-json\/wp\/v2\/media?parent=416"}],"curies":[{"name":"wp","href":"https:\/\/api.w.org\/{rel}","templated":true}]}}